{"id":136951,"date":"2019-10-17T05:19:40","date_gmt":"2019-10-17T05:19:40","guid":{"rendered":"https:\/\/moto-oprema.com\/Artikel\/dainese-york-air-zenske-phantom-crvene\/"},"modified":"2019-10-17T05:19:40","modified_gmt":"2019-10-17T05:19:40","slug":"dainese-york-air-zenske-phantom-crvene","status":"publish","type":"product","link":"https:\/\/moto-oprema.com\/hr\/Artikel\/dainese-york-air-zenske-phantom-crvene\/","title":{"rendered":"DAINESE YORK AIR \u017dENSKE PHANTOM CRVENE"},"content":{"rendered":"<p>Udobnost, za\u0161tita i moderne boje glavne su zna\u010dajke cipela York Air. Izra\u0111ene su od perforirane kravlje ko\u017ee koja je pro\u0161la sve testove habanja te stoga nudi izvrsnu za\u0161titu. Izvrsna su alternativa tenisicama, jer osim izgleda nude i izvrsnu za\u0161titu tijekom vo\u017enje. Peta je posebno oja\u010dana, a i ulo\u0161ci su posebno oja\u010dani.   <\/p>\n<p>Sastav sirovine: Gove\u0111a ko\u017ea<\/p>\n","protected":false},"excerpt":{"rendered":"<p>\u017denske cipele Dainese York Air.<\/p>\n","protected":false},"featured_media":5325,"comment_status":"open","ping_status":"open","template":"","meta":{"_acf_changed":false},"brand":[2800],"gender":[1314],"product_brand":[],"product_cat":[2770,1356,2769],"product_tag":[],"class_list":{"0":"post-136951","1":"product","2":"type-product","3":"status-publish","4":"has-post-thumbnail","6":"brand-dainese-hr","7":"gender-zenska","8":"product_cat-gradska-obuca","9":"product_cat-motociklisticka-oprema","10":"product_cat-obuca","11":"pa_velikost-skornji-2-36-hr","12":"pa_velikost-skornji-2-37-hr","13":"pa_velikost-skornji-2-38-hr","14":"pa_velikost-skornji-2-39-hr","15":"pa_velikost-skornji-2-40-hr","16":"pa_velikost-skornji-2-41-hr","17":"pa_velikost-skornji-2-42-hr","19":"first","20":"onbackorder","21":"sale","22":"taxable","23":"shipping-taxable","24":"purchasable","25":"product-type-variable"},"acf":[],"_links":{"self":[{"href":"https:\/\/moto-oprema.com\/hr\/wp-json\/wp\/v2\/product\/136951","targetHints":{"allow":["GET"]}}],"collection":[{"href":"https:\/\/moto-oprema.com\/hr\/wp-json\/wp\/v2\/product"}],"about":[{"href":"https:\/\/moto-oprema.com\/hr\/wp-json\/wp\/v2\/types\/product"}],"replies":[{"embeddable":true,"href":"https:\/\/moto-oprema.com\/hr\/wp-json\/wp\/v2\/comments?post=136951"}],"wp:featuredmedia":[{"embeddable":true,"href":"https:\/\/moto-oprema.com\/hr\/wp-json\/wp\/v2\/media\/5325"}],"wp:attachment":[{"href":"https:\/\/moto-oprema.com\/hr\/wp-json\/wp\/v2\/media?parent=136951"}],"wp:term":[{"taxonomy":"brand","embeddable":true,"href":"https:\/\/moto-oprema.com\/hr\/wp-json\/wp\/v2\/brand?post=136951"},{"taxonomy":"gender","embeddable":true,"href":"https:\/\/moto-oprema.com\/hr\/wp-json\/wp\/v2\/gender?post=136951"},{"taxonomy":"product_brand","embeddable":true,"href":"https:\/\/moto-oprema.com\/hr\/wp-json\/wp\/v2\/product_brand?post=136951"},{"taxonomy":"product_cat","embeddable":true,"href":"https:\/\/moto-oprema.com\/hr\/wp-json\/wp\/v2\/product_cat?post=136951"},{"taxonomy":"product_tag","embeddable":true,"href":"https:\/\/moto-oprema.com\/hr\/wp-json\/wp\/v2\/product_tag?post=136951"}],"curies":[{"name":"wp","href":"https:\/\/api.w.org\/{rel}","templated":true}]}}