{"id":136930,"date":"2019-11-01T15:51:04","date_gmt":"2019-11-01T15:51:04","guid":{"rendered":"https:\/\/moto-oprema.com\/Artikel\/alpinestars-faster-3-cipele-2\/"},"modified":"2019-11-01T15:51:04","modified_gmt":"2019-11-01T15:51:04","slug":"alpinestars-faster-3-cipele-2","status":"publish","type":"product","link":"https:\/\/moto-oprema.com\/hr\/Artikel\/alpinestars-faster-3-cipele-2\/","title":{"rendered":"ALPINESTARS FASTER 3 cipele"},"content":{"rendered":"<p><span style=\"font-family:arial, helvetica, sans-serif;font-size:small\">Uski profil, lagana i izdr\u017eljiva vanjska strana od mikrovlakana. TPU oja\u010danja za gle\u017enjeve, TPR za\u0161tita pete, integrirana metalna plo\u010da u potplatu za bolju za\u0161titu u slu\u010daju pada. Sustav vezica i \u010di\u010dak trake. Visoka udobnost i maksimalna sigurnost. 3D mre\u017easta podstava za izvrsnu ventilaciju. Neklizaju\u0107a mikro bru\u0161ena ko\u017ea na peti itd&#8230;.     <br \/><\/span><span style=\"font-family:arial, helvetica, sans-serif;font-size:small\"><b><br \/>Sastav sirovine:  <\/b><\/span><span style=\"font-family:arial, helvetica, sans-serif;font-size:small\"><span id=\"result_box\" xml_lang=\"sl\" lang=\"sl\"><span class=\"hps\"><\/span><\/span><\/span><span style=\"font-family:arial, helvetica, sans-serif;font-size:small\"><span><span><br \/><\/span><\/span><\/span><\/p>\n<p><em><span style=\"font-family:arial, helvetica, sans-serif;font-size:small\">Gornji\u0161te: Bru\u0161ena ko\u017ea i sinteti\u010dki materijal<span xml_lang=\"sl\" lang=\"sl\"><\/span><span xml_lang=\"sl\" lang=\"sl\"><span class=\"hps\"><\/span><\/span> .  <\/span><\/em><\/p>\n<p><em><span style=\"font-family:arial, helvetica, sans-serif;font-size:small\">Podstava: teflonska mre\u017ea i kambrella<span xml_lang=\"sl\" lang=\"sl\"><\/span><span xml_lang=\"sl\" lang=\"sl\"><\/span> .  <\/span><\/em><\/p>\n<p><em><span style=\"font-family:arial, helvetica, sans-serif;font-size:small\">Potplat: Guma<\/span><\/em><\/p>\n<p class=\"tw-data-text tw-text-large tw-ta\" style=\"text-align:left\" dir=\"ltr\">\n<p class=\"tw-data-text tw-text-large tw-ta\" id=\"tw-target-text\" style=\"text-align:left\" dir=\"ltr\"><span xml_lang=\"sl\" lang=\"sl\">Certifikat: EN 13634: 2017.<\/span><\/p>\n<\/p>\n<div class=\"tw-ta-container tw-nfl\" id=\"z6maec\">\n<p class=\"tw-data-placeholder tw-text-small tw-ta\" id=\"tw-target-rmn\" style=\"text-align:left\" dir=\"ltr\">\n<\/div><\/p>\n","protected":false},"excerpt":{"rendered":"<p>Boja: Crna i bijela<\/p>\n","protected":false},"featured_media":5580,"comment_status":"open","ping_status":"closed","template":"","meta":{"_acf_changed":false},"brand":[2748],"gender":[1313],"product_brand":[],"product_cat":[2770,1356,2769],"product_tag":[],"class_list":{"0":"post-136930","1":"product","2":"type-product","3":"status-publish","4":"has-post-thumbnail","6":"brand-alpinestars-hr","7":"gender-moski","8":"product_cat-gradska-obuca","9":"product_cat-motociklisticka-oprema","10":"product_cat-obuca","11":"pa_size-39-hr","12":"pa_size-40-hr","13":"pa_size-41-hr","14":"pa_size-42-hr","15":"pa_size-43-hr","16":"pa_size-44-hr","17":"pa_size-44-5-hr","18":"pa_size-45-hr","19":"pa_size-46-hr","21":"first","22":"onbackorder","23":"sale","24":"taxable","25":"shipping-taxable","26":"purchasable","27":"product-type-variable"},"acf":[],"_links":{"self":[{"href":"https:\/\/moto-oprema.com\/hr\/wp-json\/wp\/v2\/product\/136930","targetHints":{"allow":["GET"]}}],"collection":[{"href":"https:\/\/moto-oprema.com\/hr\/wp-json\/wp\/v2\/product"}],"about":[{"href":"https:\/\/moto-oprema.com\/hr\/wp-json\/wp\/v2\/types\/product"}],"replies":[{"embeddable":true,"href":"https:\/\/moto-oprema.com\/hr\/wp-json\/wp\/v2\/comments?post=136930"}],"wp:featuredmedia":[{"embeddable":true,"href":"https:\/\/moto-oprema.com\/hr\/wp-json\/wp\/v2\/media\/5580"}],"wp:attachment":[{"href":"https:\/\/moto-oprema.com\/hr\/wp-json\/wp\/v2\/media?parent=136930"}],"wp:term":[{"taxonomy":"brand","embeddable":true,"href":"https:\/\/moto-oprema.com\/hr\/wp-json\/wp\/v2\/brand?post=136930"},{"taxonomy":"gender","embeddable":true,"href":"https:\/\/moto-oprema.com\/hr\/wp-json\/wp\/v2\/gender?post=136930"},{"taxonomy":"product_brand","embeddable":true,"href":"https:\/\/moto-oprema.com\/hr\/wp-json\/wp\/v2\/product_brand?post=136930"},{"taxonomy":"product_cat","embeddable":true,"href":"https:\/\/moto-oprema.com\/hr\/wp-json\/wp\/v2\/product_cat?post=136930"},{"taxonomy":"product_tag","embeddable":true,"href":"https:\/\/moto-oprema.com\/hr\/wp-json\/wp\/v2\/product_tag?post=136930"}],"curies":[{"name":"wp","href":"https:\/\/api.w.org\/{rel}","templated":true}]}}