{"id":136896,"date":"2018-06-01T04:09:37","date_gmt":"2018-06-01T04:09:37","guid":{"rendered":"https:\/\/moto-oprema.com\/Artikel\/shift-3lack-zracni-crna\/"},"modified":"2018-06-01T04:09:37","modified_gmt":"2018-06-01T04:09:37","slug":"shift-3lack-zracni-crna","status":"publish","type":"product","link":"https:\/\/moto-oprema.com\/hr\/Artikel\/shift-3lack-zracni-crna\/","title":{"rendered":"SHIFT 3LACK ZRA\u010cNI CRNA"},"content":{"rendered":"<p>Novi model 3LACK rukavica ima novi dizajn. Pobolj\u0161ana je za\u0161tita i izdr\u017eljivost. Tako\u0111er imaju TPR za\u0161titu koja ne umanjuje fleksibilnost. Dlan je izra\u0111en od dva sloja Clarina sa strate\u0161kim performansama za bolju ventilaciju.   <\/p>\n<p>Zna\u010dajke:<\/p>\n<ul>\n<li>Rastezljiva ripstop konstrukcija s kompresijski oblikovanim neoprenom<\/li>\n<li>Dvoslojni Clarino\u00ae dlan sa strate\u0161ki postavljenim perforacijama<\/li>\n<li>Kompresijsko oblikovana man\u017eeta s \u010di\u010dak zatvara\u010dem za sigurno prianjanje<\/li>\n<li>Potpuno artikulirana, direktno ubrizgana TPR za\u0161tita zglobova<\/li>\n<li>Silikonski otisak na vrhovima prstiju za pobolj\u0161ani hvat<\/li>\n<li>Umetci za prste od rastezljive mre\u017easte mre\u017ee<\/li>\n<\/ul>\n<p>Sastav sirovine: 50% poliamidni najlon, 20% poliester, 15% polivinil klorid, 15% neopren<\/p>\n","protected":false},"excerpt":{"rendered":"<p>Shift 3LACK motociklisti\u010dke rukavice.<\/p>\n","protected":false},"featured_media":3078,"comment_status":"open","ping_status":"open","template":"","meta":{"_acf_changed":false},"brand":[2974],"gender":[],"product_brand":[],"product_cat":[2733],"product_tag":[],"class_list":{"0":"post-136896","1":"product","2":"type-product","3":"status-publish","4":"has-post-thumbnail","6":"brand-pomika","7":"product_cat-oprema-za-motokros","8":"pa_size-l-hr","9":"pa_size-m-hr","10":"pa_size-xl-hr","12":"first","13":"instock","14":"taxable","15":"shipping-taxable","16":"purchasable","17":"product-type-variable"},"acf":[],"_links":{"self":[{"href":"https:\/\/moto-oprema.com\/hr\/wp-json\/wp\/v2\/product\/136896","targetHints":{"allow":["GET"]}}],"collection":[{"href":"https:\/\/moto-oprema.com\/hr\/wp-json\/wp\/v2\/product"}],"about":[{"href":"https:\/\/moto-oprema.com\/hr\/wp-json\/wp\/v2\/types\/product"}],"replies":[{"embeddable":true,"href":"https:\/\/moto-oprema.com\/hr\/wp-json\/wp\/v2\/comments?post=136896"}],"wp:featuredmedia":[{"embeddable":true,"href":"https:\/\/moto-oprema.com\/hr\/wp-json\/wp\/v2\/media\/3078"}],"wp:attachment":[{"href":"https:\/\/moto-oprema.com\/hr\/wp-json\/wp\/v2\/media?parent=136896"}],"wp:term":[{"taxonomy":"brand","embeddable":true,"href":"https:\/\/moto-oprema.com\/hr\/wp-json\/wp\/v2\/brand?post=136896"},{"taxonomy":"gender","embeddable":true,"href":"https:\/\/moto-oprema.com\/hr\/wp-json\/wp\/v2\/gender?post=136896"},{"taxonomy":"product_brand","embeddable":true,"href":"https:\/\/moto-oprema.com\/hr\/wp-json\/wp\/v2\/product_brand?post=136896"},{"taxonomy":"product_cat","embeddable":true,"href":"https:\/\/moto-oprema.com\/hr\/wp-json\/wp\/v2\/product_cat?post=136896"},{"taxonomy":"product_tag","embeddable":true,"href":"https:\/\/moto-oprema.com\/hr\/wp-json\/wp\/v2\/product_tag?post=136896"}],"curies":[{"name":"wp","href":"https:\/\/api.w.org\/{rel}","templated":true}]}}