{"id":136883,"date":"2018-06-27T00:10:47","date_gmt":"2018-06-27T00:10:47","guid":{"rendered":"https:\/\/moto-oprema.com\/Artikel\/dainese-pro-armor-g2-2-0\/"},"modified":"2018-06-27T00:10:47","modified_gmt":"2018-06-27T00:10:47","slug":"dainese-pro-armor-g2-2-0","status":"publish","type":"product","link":"https:\/\/moto-oprema.com\/hr\/Artikel\/dainese-pro-armor-g2-2-0\/","title":{"rendered":"DAINESE PRO-ARMOR G2 2.0"},"content":{"rendered":"<p>Novi Dainese Pro-Armour G2 model. Ulo\u017eak je prikladan za kori\u0161tenje s d\u017eepom jakne veli\u010dina izme\u0111u 52 i 60. <\/p>\n<p>Zna\u010dajke:<\/p>\n<ul>\n<li>Fleksibilna guma<\/li>\n<li>CE certifikat &#8211; Kat. II EN 1621.2 \/ 2014 leva. 2<\/li>\n<li>Perforirana struktura<\/li>\n<li>Anatomski oblik<\/li>\n<li>Pro\u0161ireno<\/li>\n<\/ul>\n","protected":false},"excerpt":{"rendered":"<p>Novi Dainese Pro-Armour G2 model. Ulo\u017eak je prikladan za kori\u0161tenje s d\u017eepom jakne veli\u010dina izme\u0111u 52&#8230;<\/p>\n","protected":false},"featured_media":3099,"comment_status":"open","ping_status":"open","template":"","meta":{"_acf_changed":false},"brand":[2800],"gender":[],"product_brand":[],"product_cat":[1356,2855],"product_tag":[],"class_list":{"0":"post-136883","1":"product","2":"type-product","3":"status-publish","4":"has-post-thumbnail","6":"brand-dainese-hr","7":"product_cat-motociklisticka-oprema","8":"product_cat-zastitnici-i-zracni-jastuci","10":"first","11":"instock","12":"taxable","13":"shipping-taxable","14":"purchasable","15":"product-type-simple"},"acf":[],"_links":{"self":[{"href":"https:\/\/moto-oprema.com\/hr\/wp-json\/wp\/v2\/product\/136883","targetHints":{"allow":["GET"]}}],"collection":[{"href":"https:\/\/moto-oprema.com\/hr\/wp-json\/wp\/v2\/product"}],"about":[{"href":"https:\/\/moto-oprema.com\/hr\/wp-json\/wp\/v2\/types\/product"}],"replies":[{"embeddable":true,"href":"https:\/\/moto-oprema.com\/hr\/wp-json\/wp\/v2\/comments?post=136883"}],"wp:featuredmedia":[{"embeddable":true,"href":"https:\/\/moto-oprema.com\/hr\/wp-json\/wp\/v2\/media\/3099"}],"wp:attachment":[{"href":"https:\/\/moto-oprema.com\/hr\/wp-json\/wp\/v2\/media?parent=136883"}],"wp:term":[{"taxonomy":"brand","embeddable":true,"href":"https:\/\/moto-oprema.com\/hr\/wp-json\/wp\/v2\/brand?post=136883"},{"taxonomy":"gender","embeddable":true,"href":"https:\/\/moto-oprema.com\/hr\/wp-json\/wp\/v2\/gender?post=136883"},{"taxonomy":"product_brand","embeddable":true,"href":"https:\/\/moto-oprema.com\/hr\/wp-json\/wp\/v2\/product_brand?post=136883"},{"taxonomy":"product_cat","embeddable":true,"href":"https:\/\/moto-oprema.com\/hr\/wp-json\/wp\/v2\/product_cat?post=136883"},{"taxonomy":"product_tag","embeddable":true,"href":"https:\/\/moto-oprema.com\/hr\/wp-json\/wp\/v2\/product_tag?post=136883"}],"curies":[{"name":"wp","href":"https:\/\/api.w.org\/{rel}","templated":true}]}}