{"id":136877,"date":"2018-06-27T00:15:38","date_gmt":"2018-06-27T00:15:38","guid":{"rendered":"https:\/\/moto-oprema.com\/Artikel\/dainse-pro-armour-kratke-hlace-za-back\/"},"modified":"2018-06-27T00:15:38","modified_gmt":"2018-06-27T00:15:38","slug":"dainse-pro-armour-kratke-hlace-za-back","status":"publish","type":"product","link":"https:\/\/moto-oprema.com\/hr\/Artikel\/dainse-pro-armour-kratke-hlace-za-back\/","title":{"rendered":"DAINSE PRO-ARMOUR KRATKE HLA\u010cE ZA BACK"},"content":{"rendered":"<p>CE certificirani Dainese Pro-Armour idealan je za voza\u010de koji tra\u017ee za\u0161titu i udobnost. Osigurajte ga podesivim remenima i pojasom za struk. \u0160koljka je anatomski oblikovana za savr\u0161eno pristajanje.  <\/p>\n<p>Zna\u010dajke:<\/p>\n<ul>\n<li>Pogodno za visinu izme\u0111u 165 i 175 cm<\/li>\n<li>Podesivi i odvojivi remen za struk<\/li>\n<li>Podesive naramenice<\/li>\n<li>Dinami\u010dka debljina<\/li>\n<li>CE certifikat &#8211; Kat. II &#8211; EN 1621.2 \/ 2014 leva. 2<\/li>\n<li>Perforiran<\/li>\n<\/ul>\n","protected":false},"excerpt":{"rendered":"<p>CE certificirani Dainese Pro-Armour idealan je za voza\u010de koji tra\u017ee za\u0161titu i udobnost. Osigurajte ga podesivim&#8230;<\/p>\n","protected":false},"featured_media":3105,"comment_status":"open","ping_status":"open","template":"","meta":{"_acf_changed":false},"brand":[2800],"gender":[],"product_brand":[],"product_cat":[1356,2855],"product_tag":[],"class_list":{"0":"post-136877","1":"product","2":"type-product","3":"status-publish","4":"has-post-thumbnail","6":"brand-dainese-hr","7":"product_cat-motociklisticka-oprema","8":"product_cat-zastitnici-i-zracni-jastuci","9":"pa_size-l-xl-hr","10":"pa_size-xs-s-hr","12":"first","13":"instock","14":"taxable","15":"shipping-taxable","16":"purchasable","17":"product-type-variable"},"acf":[],"_links":{"self":[{"href":"https:\/\/moto-oprema.com\/hr\/wp-json\/wp\/v2\/product\/136877","targetHints":{"allow":["GET"]}}],"collection":[{"href":"https:\/\/moto-oprema.com\/hr\/wp-json\/wp\/v2\/product"}],"about":[{"href":"https:\/\/moto-oprema.com\/hr\/wp-json\/wp\/v2\/types\/product"}],"replies":[{"embeddable":true,"href":"https:\/\/moto-oprema.com\/hr\/wp-json\/wp\/v2\/comments?post=136877"}],"wp:featuredmedia":[{"embeddable":true,"href":"https:\/\/moto-oprema.com\/hr\/wp-json\/wp\/v2\/media\/3105"}],"wp:attachment":[{"href":"https:\/\/moto-oprema.com\/hr\/wp-json\/wp\/v2\/media?parent=136877"}],"wp:term":[{"taxonomy":"brand","embeddable":true,"href":"https:\/\/moto-oprema.com\/hr\/wp-json\/wp\/v2\/brand?post=136877"},{"taxonomy":"gender","embeddable":true,"href":"https:\/\/moto-oprema.com\/hr\/wp-json\/wp\/v2\/gender?post=136877"},{"taxonomy":"product_brand","embeddable":true,"href":"https:\/\/moto-oprema.com\/hr\/wp-json\/wp\/v2\/product_brand?post=136877"},{"taxonomy":"product_cat","embeddable":true,"href":"https:\/\/moto-oprema.com\/hr\/wp-json\/wp\/v2\/product_cat?post=136877"},{"taxonomy":"product_tag","embeddable":true,"href":"https:\/\/moto-oprema.com\/hr\/wp-json\/wp\/v2\/product_tag?post=136877"}],"curies":[{"name":"wp","href":"https:\/\/api.w.org\/{rel}","templated":true}]}}