{"id":136871,"date":"2018-09-24T03:46:49","date_gmt":"2018-09-24T03:46:49","guid":{"rendered":"https:\/\/moto-oprema.com\/Artikel\/alpinestars-vika-v2-crna-2\/"},"modified":"2018-09-24T03:46:49","modified_gmt":"2018-09-24T03:46:49","slug":"alpinestars-vika-v2-crna-2","status":"publish","type":"product","link":"https:\/\/moto-oprema.com\/hr\/Artikel\/alpinestars-vika-v2-crna-2\/","title":{"rendered":"ALPINESTARS VIKA V2 CRNA"},"content":{"rendered":"<p>Rukavice su dio Alpinestars Vika kolekcije, koja je optimizirana posebno za \u017eene i nudi veliku udobnost. Rukavice imaju visokoelasti\u010dnu za\u0161titu na zglobovima. Dlan i palac su dodatno oja\u010dani. Osim toga, rukavica se mo\u017ee koristiti na ure\u0111ajima osjetljivim na dodir. Idealne za gradsku vo\u017enju.    <\/p>\n<\/p>\n<p>Zna\u010dajke:<\/p>\n<ul>\n<li>Izra\u0111eno u potpunosti od ko\u017ee i optimizirano za \u017eenske voza\u010dice<\/li>\n<li>Oja\u010dano na dlanovima i pal\u010devima<\/li>\n<li>Nevidljivi \u0161titnici za zglobove<\/li>\n<li>Lokalizirane perforacije na prstima<\/li>\n<li>Mogu\u0107nost kori\u0161tenja ure\u0111aja osjetljivih na dodir<\/li>\n<li>Dizajnirano za kori\u0161tenje s drugim proizvodima iz Alpinestars Vika kolekcije<\/li>\n<\/ul>\n<p>Sastav sirovine: 91% Kozja ko\u017ea, 5% Poliamid, 4% Ostalo<\/p>\n","protected":false},"excerpt":{"rendered":"<p>Rukavice su dio Alpinestars Vika kolekcije, koja je optimizirana posebno za \u017eene i nudi veliku udobnost&#8230;.<\/p>\n","protected":false},"featured_media":3203,"comment_status":"open","ping_status":"open","template":"","meta":{"_acf_changed":false},"brand":[2748],"gender":[],"product_brand":[],"product_cat":[1356,2816],"product_tag":[],"class_list":{"0":"post-136871","1":"product","2":"type-product","3":"status-publish","4":"has-post-thumbnail","6":"brand-alpinestars-hr","7":"product_cat-motociklisticka-oprema","8":"product_cat-rukavice","9":"pa_size-l-hr","10":"pa_size-m-hr","11":"pa_size-s-hr","12":"pa_size-xl-hr","13":"pa_size-xs-hr","15":"first","16":"instock","17":"sale","18":"taxable","19":"shipping-taxable","20":"purchasable","21":"product-type-variable"},"acf":[],"_links":{"self":[{"href":"https:\/\/moto-oprema.com\/hr\/wp-json\/wp\/v2\/product\/136871","targetHints":{"allow":["GET"]}}],"collection":[{"href":"https:\/\/moto-oprema.com\/hr\/wp-json\/wp\/v2\/product"}],"about":[{"href":"https:\/\/moto-oprema.com\/hr\/wp-json\/wp\/v2\/types\/product"}],"replies":[{"embeddable":true,"href":"https:\/\/moto-oprema.com\/hr\/wp-json\/wp\/v2\/comments?post=136871"}],"wp:featuredmedia":[{"embeddable":true,"href":"https:\/\/moto-oprema.com\/hr\/wp-json\/wp\/v2\/media\/3203"}],"wp:attachment":[{"href":"https:\/\/moto-oprema.com\/hr\/wp-json\/wp\/v2\/media?parent=136871"}],"wp:term":[{"taxonomy":"brand","embeddable":true,"href":"https:\/\/moto-oprema.com\/hr\/wp-json\/wp\/v2\/brand?post=136871"},{"taxonomy":"gender","embeddable":true,"href":"https:\/\/moto-oprema.com\/hr\/wp-json\/wp\/v2\/gender?post=136871"},{"taxonomy":"product_brand","embeddable":true,"href":"https:\/\/moto-oprema.com\/hr\/wp-json\/wp\/v2\/product_brand?post=136871"},{"taxonomy":"product_cat","embeddable":true,"href":"https:\/\/moto-oprema.com\/hr\/wp-json\/wp\/v2\/product_cat?post=136871"},{"taxonomy":"product_tag","embeddable":true,"href":"https:\/\/moto-oprema.com\/hr\/wp-json\/wp\/v2\/product_tag?post=136871"}],"curies":[{"name":"wp","href":"https:\/\/api.w.org\/{rel}","templated":true}]}}