{"id":136853,"date":"2018-09-25T03:38:48","date_gmt":"2018-09-25T03:38:48","guid":{"rendered":"https:\/\/moto-oprema.com\/Artikel\/dainese-misano-2-d-air-perf-crno-bijelo-fluo-crveno\/"},"modified":"2018-09-25T03:38:48","modified_gmt":"2018-09-25T03:38:48","slug":"dainese-misano-2-d-air-perf-crno-bijelo-fluo-crveno","status":"publish","type":"product","link":"https:\/\/moto-oprema.com\/hr\/Artikel\/dainese-misano-2-d-air-perf-crno-bijelo-fluo-crveno\/","title":{"rendered":"DAINESE MISANO 2 D-AIR PERF CRNO BIJELO FLUO CRVENO"},"content":{"rendered":"<p>Kultno Dainese ko\u017eno odijelo a\u017eurirano je najnovijom D-Air tehnologijom zra\u010dnih jastuka. Dainese je tako\u0111er pove\u0107ao udobnost i za\u0161titu. Odijelo ima nove ergonomske umetke za koljena, nove patentne zatvara\u010de na zape\u0161\u0107ima i jo\u0161 mnogo toga, ali istovremeno nije do\u0161lo do promjena u legendarnom pristajanju voza\u010da. Za ve\u0107u sigurnost predvi\u0111eni su novi kliza\u010di za laktove i integrirani \u0161titnici za koljena s nevidljivim \u0161avovima. Tre\u0107a generacija D-Air sustava ugra\u0111ena je u odijelo, a ima i integrirani Track-It sustav koji vam omogu\u0107uje prijenos podataka o va\u0161oj vo\u017enji, poput brzine i kuta nagiba.    <\/p>\n<p>Zna\u010dajke:<\/p>\n<ul>\n<li>KNI (umetci za hvatanje koljena)<\/li>\n<li>Kliza\u010d za koljeno 2.0<\/li>\n<li>Mekani umetci na trti\u010dnoj kosti<\/li>\n<li>Mogu\u0107nost ugradnje hidratacijskog paketa<\/li>\n<li>Kompozitni \u0161titnici s <span class=\"fontstyle0\">EN 1621.1 certifikatom razine 2<\/span> na laktovima<\/li>\n<li>Zamjenjivi kliza\u010di za laktove<\/li>\n<li>Be\u0161avne aluminijske plo\u010de na laktovima i ramenima<\/li>\n<li>Mekani \u0161titnici s certifikatom  <span class=\"fontstyle0\">1621.1 Standardna razina. 1  <\/span>  na ramenima<\/li>\n<li>Mekani \u0161titnici certificirani prema standardu EN 1621.1 razine 2 na bokovima<\/li>\n<li>Umetci od 3D mjehuri\u0107aste tkanine<\/li>\n<li>Perforacije<\/li>\n<li>Uklonjiva NanoFeel podloga<\/li>\n<\/ul>\n<p>Sastav sirovina: D-Skin 2.0 ko\u017ea, S1 bielasti\u010dna tkanina, aluminij<\/p>\n","protected":false},"excerpt":{"rendered":"<p>Kultno Dainese ko\u017eno odijelo a\u017eurirano je najnovijom D-Air tehnologijom zra\u010dnih jastuka. Dainese je tako\u0111er pove\u0107ao udobnost&#8230;<\/p>\n","protected":false},"featured_media":176669,"comment_status":"open","ping_status":"closed","template":"","meta":{"_acf_changed":false},"brand":[2800],"gender":[],"product_brand":[],"product_cat":[2879,1356],"product_tag":[],"class_list":{"0":"post-136853","1":"product","2":"type-product","3":"status-publish","4":"has-post-thumbnail","6":"brand-dainese-hr","7":"product_cat-jednodijelni-kombinezoni","8":"product_cat-motociklisticka-oprema","9":"pa_size-46-hr","10":"pa_size-48-hr","11":"pa_size-50-hr","12":"pa_size-52-hr","13":"pa_size-54-hr","14":"pa_size-56-hr","15":"pa_size-58-hr","17":"first","18":"instock","19":"sale","20":"taxable","21":"shipping-taxable","22":"purchasable","23":"product-type-variable"},"acf":[],"_links":{"self":[{"href":"https:\/\/moto-oprema.com\/hr\/wp-json\/wp\/v2\/product\/136853","targetHints":{"allow":["GET"]}}],"collection":[{"href":"https:\/\/moto-oprema.com\/hr\/wp-json\/wp\/v2\/product"}],"about":[{"href":"https:\/\/moto-oprema.com\/hr\/wp-json\/wp\/v2\/types\/product"}],"replies":[{"embeddable":true,"href":"https:\/\/moto-oprema.com\/hr\/wp-json\/wp\/v2\/comments?post=136853"}],"wp:featuredmedia":[{"embeddable":true,"href":"https:\/\/moto-oprema.com\/hr\/wp-json\/wp\/v2\/media\/176669"}],"wp:attachment":[{"href":"https:\/\/moto-oprema.com\/hr\/wp-json\/wp\/v2\/media?parent=136853"}],"wp:term":[{"taxonomy":"brand","embeddable":true,"href":"https:\/\/moto-oprema.com\/hr\/wp-json\/wp\/v2\/brand?post=136853"},{"taxonomy":"gender","embeddable":true,"href":"https:\/\/moto-oprema.com\/hr\/wp-json\/wp\/v2\/gender?post=136853"},{"taxonomy":"product_brand","embeddable":true,"href":"https:\/\/moto-oprema.com\/hr\/wp-json\/wp\/v2\/product_brand?post=136853"},{"taxonomy":"product_cat","embeddable":true,"href":"https:\/\/moto-oprema.com\/hr\/wp-json\/wp\/v2\/product_cat?post=136853"},{"taxonomy":"product_tag","embeddable":true,"href":"https:\/\/moto-oprema.com\/hr\/wp-json\/wp\/v2\/product_tag?post=136853"}],"curies":[{"name":"wp","href":"https:\/\/api.w.org\/{rel}","templated":true}]}}