{"id":136827,"date":"2019-01-17T06:53:32","date_gmt":"2019-01-17T06:53:32","guid":{"rendered":"https:\/\/moto-oprema.com\/Artikel\/alpinestars-djecji-stitnici-za-koljena-sx-1\/"},"modified":"2019-01-17T06:53:32","modified_gmt":"2019-01-17T06:53:32","slug":"alpinestars-djecji-stitnici-za-koljena-sx-1","status":"publish","type":"product","link":"https:\/\/moto-oprema.com\/hr\/Artikel\/alpinestars-djecji-stitnici-za-koljena-sx-1\/","title":{"rendered":"ALPINESTARS Dje\u010dji \u0161titnici za koljena SX-1"},"content":{"rendered":"<p style=\"font-style:normal;font-weight:normal;text-decoration:none;\" align=\"left\"><span style=\"font-family:arial, helvetica, sans-serif;\"><span style=\"font-size:medium;\">Ultra lagani \u0161titnik za koljena, certificiran prema EN 1621-1.<br \/><\/span><\/span><\/p>\n<p style=\"margin-bottom:0cm;font-style:normal;font-weight:normal;text-decoration:none;\" align=\"left\"><span style=\"font-family:arial, helvetica, sans-serif;\"><span style=\"font-size:medium;\">Sastav sirovina: 75% polikarbonat, 20% poliester, 5% ostalo<\/p>\n<p><\/span><\/span><\/p>\n<address>Dje\u010dji \u0161titnici za koljena ALPINESTARS SX-1 su ergonomski dizajnirani, lagani, fleksibilni i prozra\u010dni.  <\/address>\n<address style=\"margin-bottom:0cm;font-style:normal;font-weight:normal;text-decoration:none;\"><span style=\"font-family:arial, helvetica, sans-serif;\"><span style=\"font-size:medium;\"><\/span><\/span><\/address>\n<\/p>\n<address>Razina za\u0161tite 1  <\/address>\n<address>Ergonomski dizajn<\/address>\n<address>Gornji i donji dijelovi izra\u0111eni su od visokokvalitetnog polimernog materijala<\/address>\n<address><span style=\"font-size:13px;\">Visokokvalitetni polimerni materijal osigurava optimalnu razinu fleksibilnosti i \u010dvrsto\u0107e<\/span><\/address>\n<address>Strate\u0161ki dizajniran za maksimalnu prozra\u010dnost i ventilaciju<\/address>\n<address>Odr\u017eavaju pokretljivost nogu bez obzira na polo\u017eaj<\/address>\n<address>\u0160alica izra\u0111ena od materijala otpornog na udarce (CE certifikat tipa A)<\/address>\n<address>Podr\u017eani su mekim podstavom  <\/address>\n<address>Termalna pjena kao podloga pru\u017ea udobnost na ko\u017ei<\/address>\n<address>\u010ci\u010dak i TPR sustav za jednostavno, fleksibilno i brzo zatvaranje<\/address>\n<p style=\"margin-bottom:0cm;font-style:normal;font-weight:normal;text-decoration:none;\" align=\"left\">\n","protected":false},"excerpt":{"rendered":"<p>Ultra lagani \u0161titnik za koljena, certificiran prema EN 1621-1. Sastav sirovina: 75% polikarbonat, 20% poliester, 5%&#8230;<\/p>\n","protected":false},"featured_media":3351,"comment_status":"open","ping_status":"open","template":"","meta":{"_acf_changed":false},"brand":[2748],"gender":[],"product_brand":[],"product_cat":[1356,2733],"product_tag":[],"class_list":{"0":"post-136827","1":"product","2":"type-product","3":"status-publish","4":"has-post-thumbnail","6":"brand-alpinestars-hr","7":"product_cat-motociklisticka-oprema","8":"product_cat-oprema-za-motokros","9":"pa_size-l-xl-hr","10":"pa_size-sm","12":"first","13":"onbackorder","14":"taxable","15":"shipping-taxable","16":"purchasable","17":"product-type-variable"},"acf":[],"_links":{"self":[{"href":"https:\/\/moto-oprema.com\/hr\/wp-json\/wp\/v2\/product\/136827","targetHints":{"allow":["GET"]}}],"collection":[{"href":"https:\/\/moto-oprema.com\/hr\/wp-json\/wp\/v2\/product"}],"about":[{"href":"https:\/\/moto-oprema.com\/hr\/wp-json\/wp\/v2\/types\/product"}],"replies":[{"embeddable":true,"href":"https:\/\/moto-oprema.com\/hr\/wp-json\/wp\/v2\/comments?post=136827"}],"wp:featuredmedia":[{"embeddable":true,"href":"https:\/\/moto-oprema.com\/hr\/wp-json\/wp\/v2\/media\/3351"}],"wp:attachment":[{"href":"https:\/\/moto-oprema.com\/hr\/wp-json\/wp\/v2\/media?parent=136827"}],"wp:term":[{"taxonomy":"brand","embeddable":true,"href":"https:\/\/moto-oprema.com\/hr\/wp-json\/wp\/v2\/brand?post=136827"},{"taxonomy":"gender","embeddable":true,"href":"https:\/\/moto-oprema.com\/hr\/wp-json\/wp\/v2\/gender?post=136827"},{"taxonomy":"product_brand","embeddable":true,"href":"https:\/\/moto-oprema.com\/hr\/wp-json\/wp\/v2\/product_brand?post=136827"},{"taxonomy":"product_cat","embeddable":true,"href":"https:\/\/moto-oprema.com\/hr\/wp-json\/wp\/v2\/product_cat?post=136827"},{"taxonomy":"product_tag","embeddable":true,"href":"https:\/\/moto-oprema.com\/hr\/wp-json\/wp\/v2\/product_tag?post=136827"}],"curies":[{"name":"wp","href":"https:\/\/api.w.org\/{rel}","templated":true}]}}