{"id":136822,"date":"2019-01-28T03:44:22","date_gmt":"2019-01-28T03:44:22","guid":{"rendered":"https:\/\/moto-oprema.com\/Artikel\/dainese-pro-armor-stitnik-za-prsa\/"},"modified":"2019-01-28T03:44:22","modified_gmt":"2019-01-28T03:44:22","slug":"dainese-pro-armor-stitnik-za-prsa","status":"publish","type":"product","link":"https:\/\/moto-oprema.com\/hr\/Artikel\/dainese-pro-armor-stitnik-za-prsa\/","title":{"rendered":"DAINESE PRO-ARMOR \u0161titnik za prsa"},"content":{"rendered":"<p style=\"margin-bottom:0cm;\">Dainese Pro-Armor \u0161titnik za prsa od 2 dijela. Homologirani \u0161titnik za prsa s perforiranom konstrukcijom od ekspandirane nitrilne gume; prozra\u010dan i vrlo fleksibilan, osigurava nevjerojatnu udobnost. <\/p>\n<p>Novi, ergonomski, mekani Pro-Armor \u0161titnici inspirirani su strukturama koje se nalaze u prirodi. Zbog svoje male te\u017eine, visokog kapaciteta apsorpcije i ve\u0107e za\u0161tite i fleksibilnosti ovisno o situaciji, te zbog svoje promjenjive debljine. <\/p>\n<p>Zna\u010dajke:<\/p>\n<p>&#8211; Izra\u0111eno od ekspandirane nitrilne gume, vrlo fleksibilno i dostupno u razli\u010ditim debljinama.<br \/>&#8211; Perforirana struktura za bolju prozra\u010dnost i ventilaciju.<br \/>&#8211; Funkcionalni uzorak.<br \/>&#8211; Anatomski oblik.<br \/>&#8211; Certificirano prema CE standardu &#8211; Kat. II &#8211; prEN 1621.3 \/ 2013 Razina 1.<\/p>\n","protected":false},"excerpt":{"rendered":"<p>Dainese Pro-Armor \u0161titnik za prsa od 2 dijela. Homologirani \u0161titnik za prsa s perforiranom konstrukcijom od&#8230;<\/p>\n","protected":false},"featured_media":3359,"comment_status":"open","ping_status":"open","template":"","meta":{"_acf_changed":false},"brand":[2800],"gender":[],"product_brand":[],"product_cat":[1356,2855],"product_tag":[],"class_list":{"0":"post-136822","1":"product","2":"type-product","3":"status-publish","4":"has-post-thumbnail","6":"brand-dainese-hr","7":"product_cat-motociklisticka-oprema","8":"product_cat-zastitnici-i-zracni-jastuci","10":"first","11":"onbackorder","12":"taxable","13":"shipping-taxable","14":"purchasable","15":"product-type-simple"},"acf":[],"_links":{"self":[{"href":"https:\/\/moto-oprema.com\/hr\/wp-json\/wp\/v2\/product\/136822","targetHints":{"allow":["GET"]}}],"collection":[{"href":"https:\/\/moto-oprema.com\/hr\/wp-json\/wp\/v2\/product"}],"about":[{"href":"https:\/\/moto-oprema.com\/hr\/wp-json\/wp\/v2\/types\/product"}],"replies":[{"embeddable":true,"href":"https:\/\/moto-oprema.com\/hr\/wp-json\/wp\/v2\/comments?post=136822"}],"wp:featuredmedia":[{"embeddable":true,"href":"https:\/\/moto-oprema.com\/hr\/wp-json\/wp\/v2\/media\/3359"}],"wp:attachment":[{"href":"https:\/\/moto-oprema.com\/hr\/wp-json\/wp\/v2\/media?parent=136822"}],"wp:term":[{"taxonomy":"brand","embeddable":true,"href":"https:\/\/moto-oprema.com\/hr\/wp-json\/wp\/v2\/brand?post=136822"},{"taxonomy":"gender","embeddable":true,"href":"https:\/\/moto-oprema.com\/hr\/wp-json\/wp\/v2\/gender?post=136822"},{"taxonomy":"product_brand","embeddable":true,"href":"https:\/\/moto-oprema.com\/hr\/wp-json\/wp\/v2\/product_brand?post=136822"},{"taxonomy":"product_cat","embeddable":true,"href":"https:\/\/moto-oprema.com\/hr\/wp-json\/wp\/v2\/product_cat?post=136822"},{"taxonomy":"product_tag","embeddable":true,"href":"https:\/\/moto-oprema.com\/hr\/wp-json\/wp\/v2\/product_tag?post=136822"}],"curies":[{"name":"wp","href":"https:\/\/api.w.org\/{rel}","templated":true}]}}