{"id":136813,"date":"2019-02-20T05:01:55","date_gmt":"2019-02-20T05:01:55","guid":{"rendered":"https:\/\/moto-oprema.com\/Artikel\/alpinestars-cizme-racing-smx-plus-v2-crne-bijele-zute\/"},"modified":"2025-12-03T08:17:47","modified_gmt":"2025-12-03T08:17:47","slug":"alpinestars-cizme-racing-smx-plus-v2-crne-bijele-zute","status":"publish","type":"product","link":"https:\/\/moto-oprema.com\/hr\/Artikel\/alpinestars-cizme-racing-smx-plus-v2-crne-bijele-zute\/","title":{"rendered":"ALPINESTARS \u010cizme RACING SMX PLUS V2 CRNE BIJELE \u017dUTE"},"content":{"rendered":"<div class=\"rte\">\n<p style=\"margin-bottom: 0cm\"><strong><span style=\"font-family: arial, helvetica, sans-serif\"><span style=\"font-size: medium\">Alpinestars S-MX Plus V2 sportske \u010dizme.<br \/>\n<\/span><\/span><\/strong><\/p>\n<div id=\"tw-target-text-container\" class=\"tw-ta-container tw-nfl\">\n<p style=\"margin-bottom: 0cm\"><span lang=\"sl\" xml_lang=\"sl\">Izvrsna za\u0161tita, maksimalna fleksibilnost, pobolj\u0161ana otpornost na habanje, sloboda kretanja, ventilacijski otvori, zamjenjivi kliza\u010d za prste i petu, CE certifikat.<\/span><\/p>\n<p><b>Sastav sirovine:<\/b><\/p>\n<\/div>\n<p><span style=\"font-family: arial, helvetica, sans-serif\"><span style=\"font-size: medium\">Gornji\u0161te: ostali materijali; umjetna ko\u017ea  <\/span><\/span><\/p>\n<p><span style=\"font-family: arial, helvetica, sans-serif\"><span style=\"font-size: medium\">Podstava i ulo\u017eak: tekstilni materijal.<\/span><\/span><\/p>\n<p><span style=\"font-family: arial, helvetica, sans-serif\"><span style=\"font-size: medium\">Potplat: guma.  <\/span><\/span><\/p>\n<p style=\"font-style: normal;font-weight: normal\">\n<\/div>\n","protected":false},"excerpt":{"rendered":"<p>Boja: Crno-bijelo-\u017euta<\/p>\n","protected":false},"featured_media":182929,"comment_status":"open","ping_status":"closed","template":"","meta":{"_acf_changed":false},"brand":[2748],"gender":[],"product_brand":[],"product_cat":[1356],"product_tag":[],"class_list":{"0":"post-136813","1":"product","2":"type-product","3":"status-publish","4":"has-post-thumbnail","6":"brand-alpinestars-hr","7":"product_cat-motociklisticka-oprema","8":"pa_size-41-hr","9":"pa_size-42-hr","10":"pa_size-43-hr","11":"pa_size-44-hr","12":"pa_size-45-hr","13":"pa_size-46-hr","15":"first","16":"onbackorder","17":"sale","18":"taxable","19":"shipping-taxable","20":"purchasable","21":"product-type-variable"},"acf":[],"_links":{"self":[{"href":"https:\/\/moto-oprema.com\/hr\/wp-json\/wp\/v2\/product\/136813","targetHints":{"allow":["GET"]}}],"collection":[{"href":"https:\/\/moto-oprema.com\/hr\/wp-json\/wp\/v2\/product"}],"about":[{"href":"https:\/\/moto-oprema.com\/hr\/wp-json\/wp\/v2\/types\/product"}],"replies":[{"embeddable":true,"href":"https:\/\/moto-oprema.com\/hr\/wp-json\/wp\/v2\/comments?post=136813"}],"wp:featuredmedia":[{"embeddable":true,"href":"https:\/\/moto-oprema.com\/hr\/wp-json\/wp\/v2\/media\/182929"}],"wp:attachment":[{"href":"https:\/\/moto-oprema.com\/hr\/wp-json\/wp\/v2\/media?parent=136813"}],"wp:term":[{"taxonomy":"brand","embeddable":true,"href":"https:\/\/moto-oprema.com\/hr\/wp-json\/wp\/v2\/brand?post=136813"},{"taxonomy":"gender","embeddable":true,"href":"https:\/\/moto-oprema.com\/hr\/wp-json\/wp\/v2\/gender?post=136813"},{"taxonomy":"product_brand","embeddable":true,"href":"https:\/\/moto-oprema.com\/hr\/wp-json\/wp\/v2\/product_brand?post=136813"},{"taxonomy":"product_cat","embeddable":true,"href":"https:\/\/moto-oprema.com\/hr\/wp-json\/wp\/v2\/product_cat?post=136813"},{"taxonomy":"product_tag","embeddable":true,"href":"https:\/\/moto-oprema.com\/hr\/wp-json\/wp\/v2\/product_tag?post=136813"}],"curies":[{"name":"wp","href":"https:\/\/api.w.org\/{rel}","templated":true}]}}