{"id":136748,"date":"2019-03-14T06:17:10","date_gmt":"2019-03-14T06:17:10","guid":{"rendered":"https:\/\/moto-oprema.com\/Artikel\/dainese-navlaka-za-kisu-za-cizme\/"},"modified":"2019-03-14T06:17:10","modified_gmt":"2019-03-14T06:17:10","slug":"dainese-navlaka-za-kisu-za-cizme","status":"publish","type":"product","link":"https:\/\/moto-oprema.com\/hr\/Artikel\/dainese-navlaka-za-kisu-za-cizme\/","title":{"rendered":"DAINESE NAVLAKA ZA KI\u0160U ZA \u010cIZME"},"content":{"rendered":"<p style=\"font-style:normal;font-weight:normal;text-decoration:none;\">\n<p><span style=\"color:#000000;\"><span style=\"font-family:'Times New Roman', serif;\"><span style=\"font-size:medium;\"><span style=\"font-size:medium;\"><span style=\"color:#cccccc;font-family:Calibri, Arial, Helvetica, sans-serif;font-size:15px;font-style:normal;font-weight:400;letter-spacing:normal;text-align:justify;text-indent:0px;text-transform:none;white-space:normal;word-spacing:0px;background-color:#2e2d30;float:none;\"><br \/><\/span><\/span><span style=\"font-size:medium;\"><\/span><\/span><\/span><\/span><\/p>\n","protected":false},"excerpt":{"rendered":"<p>Par gumenih \u010dizama u prakti\u010dnoj maloj torbici. Gumeni potplat i bo\u010dna strana. Zakop\u010davanje patentnim zatvara\u010dem i&#8230;<\/p>\n","protected":false},"featured_media":158780,"comment_status":"open","ping_status":"closed","template":"","meta":{"_acf_changed":false},"brand":[2800],"gender":[],"product_brand":[],"product_cat":[2854,2832,1356,2993],"product_tag":[],"class_list":{"0":"post-136748","1":"product","2":"type-product","3":"status-publish","4":"has-post-thumbnail","6":"brand-dainese-hr","7":"product_cat-funkcionalna-odjeca-i-donje-rublje","8":"product_cat-hlace-hr","9":"product_cat-motociklisticka-oprema","10":"product_cat-odjeca-za-kisu","11":"pa_size-l-hr","12":"pa_size-m-hr","13":"pa_size-s-hr","15":"first","16":"onbackorder","17":"taxable","18":"shipping-taxable","19":"purchasable","20":"product-type-variable"},"acf":[],"_links":{"self":[{"href":"https:\/\/moto-oprema.com\/hr\/wp-json\/wp\/v2\/product\/136748","targetHints":{"allow":["GET"]}}],"collection":[{"href":"https:\/\/moto-oprema.com\/hr\/wp-json\/wp\/v2\/product"}],"about":[{"href":"https:\/\/moto-oprema.com\/hr\/wp-json\/wp\/v2\/types\/product"}],"replies":[{"embeddable":true,"href":"https:\/\/moto-oprema.com\/hr\/wp-json\/wp\/v2\/comments?post=136748"}],"wp:featuredmedia":[{"embeddable":true,"href":"https:\/\/moto-oprema.com\/hr\/wp-json\/wp\/v2\/media\/158780"}],"wp:attachment":[{"href":"https:\/\/moto-oprema.com\/hr\/wp-json\/wp\/v2\/media?parent=136748"}],"wp:term":[{"taxonomy":"brand","embeddable":true,"href":"https:\/\/moto-oprema.com\/hr\/wp-json\/wp\/v2\/brand?post=136748"},{"taxonomy":"gender","embeddable":true,"href":"https:\/\/moto-oprema.com\/hr\/wp-json\/wp\/v2\/gender?post=136748"},{"taxonomy":"product_brand","embeddable":true,"href":"https:\/\/moto-oprema.com\/hr\/wp-json\/wp\/v2\/product_brand?post=136748"},{"taxonomy":"product_cat","embeddable":true,"href":"https:\/\/moto-oprema.com\/hr\/wp-json\/wp\/v2\/product_cat?post=136748"},{"taxonomy":"product_tag","embeddable":true,"href":"https:\/\/moto-oprema.com\/hr\/wp-json\/wp\/v2\/product_tag?post=136748"}],"curies":[{"name":"wp","href":"https:\/\/api.w.org\/{rel}","templated":true}]}}