{"id":136733,"date":"2019-03-01T04:08:59","date_gmt":"2019-03-01T04:08:59","guid":{"rendered":"https:\/\/moto-oprema.com\/Artikel\/alpinestars-zenske-cipele-stella-faster-3\/"},"modified":"2019-03-01T04:08:59","modified_gmt":"2019-03-01T04:08:59","slug":"alpinestars-zenske-cipele-stella-faster-3","status":"publish","type":"product","link":"https:\/\/moto-oprema.com\/hr\/Artikel\/alpinestars-zenske-cipele-stella-faster-3\/","title":{"rendered":"ALPINESTARS \u017denske cipele STELLA FASTER 3"},"content":{"rendered":"<div class=\"rte\">\n<p class=\"tw-data-text tw-text-large tw-ta\" id=\"tw-target-text\" style=\"text-align:left\" dir=\"ltr\"><strong><span xml_lang=\"sl\" lang=\"sl\">\u017denske motociklisti\u010dke \u010dizme Alpinestars Stella Faster-3  <\/span><\/strong><\/p>\n<p class=\"tw-data-text tw-text-large tw-ta\" style=\"text-align:left\" dir=\"ltr\"><span xml_lang=\"sl\" lang=\"sl\">Posebno dizajniran za \u017eene, izuzetno je lagan i uklju\u010duje najbolje materijale i razine za\u0161tite. <\/span><\/p>\n<p class=\"tw-data-text tw-text-large tw-ta\" style=\"text-align:left\" dir=\"ltr\"><span xml_lang=\"sl\" lang=\"sl\">Lagana, izdr\u017eljiva i otporna na habanje mikrofibra  <\/span><\/p>\n<p class=\"tw-data-text tw-text-large tw-ta\" style=\"text-align:left\" dir=\"ltr\"><span xml_lang=\"sl\" lang=\"sl\">Udobna unutra\u0161njost cipele izra\u0111ena od 3D mre\u017eastog materijala<br \/><\/span><\/p>\n<p class=\"tw-data-text tw-text-large tw-ta\" style=\"text-align:left\" dir=\"ltr\"><span xml_lang=\"sl\" lang=\"sl\">Ultra lagani, posebno dizajnirani gumeni potplat  <\/span><\/p>\n<p class=\"tw-data-text tw-text-large tw-ta\" style=\"text-align:left\" dir=\"ltr\"><span xml_lang=\"sl\" lang=\"sl\">Ugra\u0111eni TPU i TPR za\u0161titnici<\/span><\/p>\n<p class=\"tw-data-text tw-text-large tw-ta\" style=\"text-align:left\" dir=\"ltr\"><span xml_lang=\"sl\" lang=\"sl\">Certifikat EN 13634:2017<\/span><\/p>\n<p><span xml_lang=\"sl\" lang=\"sl\"><\/span><span style=\"font-family:arial, helvetica, sans-serif;font-size:small\"><br \/><\/span><span style=\"font-family:arial, helvetica, sans-serif;font-size:small\"><b><br \/>Sastav sirovine:  <\/b><\/span><span style=\"font-family:arial, helvetica, sans-serif;font-size:small\"><span id=\"result_box\" xml_lang=\"sl\" lang=\"sl\"><span class=\"hps\"><\/span><\/span><\/span><span style=\"font-family:arial, helvetica, sans-serif;font-size:small\"><span><span><br \/>Gornji\u0161te: Bru\u0161ena ko\u017ea i sinteti\u010dki materijal<\/span><\/span><span xml_lang=\"sl\" lang=\"sl\"><\/span><span xml_lang=\"sl\" lang=\"sl\"><span class=\"hps\"><\/span><\/span><span><span>. Mikrofibra<\/span><\/span><\/span><\/p>\n<p><span style=\"font-family:arial, helvetica, sans-serif;font-size:small\"><span><span>Potplat: Guma<\/span><\/span><\/span><\/p>\n<\/div>\n","protected":false},"excerpt":{"rendered":"<p>Boja: Crno-ru\u017ei\u010dasta<\/p>\n","protected":false},"featured_media":3529,"comment_status":"open","ping_status":"closed","template":"","meta":{"_acf_changed":false},"brand":[2748],"gender":[1314],"product_brand":[],"product_cat":[2770,1356,2769],"product_tag":[],"class_list":{"0":"post-136733","1":"product","2":"type-product","3":"status-publish","4":"has-post-thumbnail","6":"brand-alpinestars-hr","7":"gender-zenska","8":"product_cat-gradska-obuca","9":"product_cat-motociklisticka-oprema","10":"product_cat-obuca","11":"pa_size-36-hr","12":"pa_size-37-hr","13":"pa_size-37-5-hr","14":"pa_size-38-hr","15":"pa_size-38-5-hr","16":"pa_size-39-hr","17":"pa_size-40-hr","18":"pa_size-405-hr","19":"pa_size-41-hr","20":"pa_size-42-hr","21":"pa_size-42-5-hr","22":"pa_size-43-hr","23":"pa_size-43-5-hr","24":"pa_size-44-hr","26":"first","27":"onbackorder","28":"sale","29":"taxable","30":"shipping-taxable","31":"purchasable","32":"product-type-variable"},"acf":[],"_links":{"self":[{"href":"https:\/\/moto-oprema.com\/hr\/wp-json\/wp\/v2\/product\/136733","targetHints":{"allow":["GET"]}}],"collection":[{"href":"https:\/\/moto-oprema.com\/hr\/wp-json\/wp\/v2\/product"}],"about":[{"href":"https:\/\/moto-oprema.com\/hr\/wp-json\/wp\/v2\/types\/product"}],"replies":[{"embeddable":true,"href":"https:\/\/moto-oprema.com\/hr\/wp-json\/wp\/v2\/comments?post=136733"}],"wp:featuredmedia":[{"embeddable":true,"href":"https:\/\/moto-oprema.com\/hr\/wp-json\/wp\/v2\/media\/3529"}],"wp:attachment":[{"href":"https:\/\/moto-oprema.com\/hr\/wp-json\/wp\/v2\/media?parent=136733"}],"wp:term":[{"taxonomy":"brand","embeddable":true,"href":"https:\/\/moto-oprema.com\/hr\/wp-json\/wp\/v2\/brand?post=136733"},{"taxonomy":"gender","embeddable":true,"href":"https:\/\/moto-oprema.com\/hr\/wp-json\/wp\/v2\/gender?post=136733"},{"taxonomy":"product_brand","embeddable":true,"href":"https:\/\/moto-oprema.com\/hr\/wp-json\/wp\/v2\/product_brand?post=136733"},{"taxonomy":"product_cat","embeddable":true,"href":"https:\/\/moto-oprema.com\/hr\/wp-json\/wp\/v2\/product_cat?post=136733"},{"taxonomy":"product_tag","embeddable":true,"href":"https:\/\/moto-oprema.com\/hr\/wp-json\/wp\/v2\/product_tag?post=136733"}],"curies":[{"name":"wp","href":"https:\/\/api.w.org\/{rel}","templated":true}]}}