{"id":136719,"date":"2019-03-06T05:30:47","date_gmt":"2019-03-06T05:30:47","guid":{"rendered":"https:\/\/moto-oprema.com\/Artikel\/alpinestars-gp-pro-r3-rukavice-3\/"},"modified":"2019-03-06T05:30:47","modified_gmt":"2019-03-06T05:30:47","slug":"alpinestars-gp-pro-r3-rukavice-3","status":"publish","type":"product","link":"https:\/\/moto-oprema.com\/hr\/Artikel\/alpinestars-gp-pro-r3-rukavice-3\/","title":{"rendered":"ALPINESTARS GP PRO R3 rukavice"},"content":{"rendered":"<p><span style=\"color:#000000;font-family:'Times New Roman';font-size:medium;font-style:normal;letter-spacing:normal;text-indent:0px;text-transform:none;white-space:normal;word-spacing:0px;float:none;\">Rukavice GP Pro R3, sa svojim ergonomskim dizajnom i anatomski oblikovanim detaljima, pru\u017eaju najbolju za\u0161titu i udobnost. Rukavice su testirane na MotoGP i WSBK stazama. GP Pro R3 imaju Alpinestarsov ekskluzivni Dynamic Friction Shield, koji omogu\u0107uje bolji protok zraka. S njima ste spremni za svoj najbolji dan na stazi.   <\/span><\/p>\n<p><br style=\"color:#000000;font-family:'Times New Roman';font-size:medium;font-style:normal;font-weight:400;letter-spacing:normal;text-indent:0px;text-transform:none;white-space:normal;word-spacing:0px;\"><span style=\"color:#000000;font-family:'Times New Roman';font-size:medium;font-style:normal;letter-spacing:normal;text-indent:0px;text-transform:none;white-space:normal;word-spacing:0px;float:none;\">Sastav sirovine:<\/span><br style=\"color:#000000;font-family:'Times New Roman';font-size:medium;font-style:normal;font-weight:400;letter-spacing:normal;text-indent:0px;text-transform:none;white-space:normal;word-spacing:0px;\"> <span style=\"color:#000000;font-family:'Times New Roman';font-size:medium;font-style:normal;letter-spacing:normal;text-indent:0px;text-transform:none;white-space:normal;word-spacing:0px;float:none;\">Vanjski dio: 92% ko\u017ea, 8%<\/span> <span id=\"result_box\" style=\"color:#000000;font-family:'Times New Roman';font-size:medium;font-style:normal;letter-spacing:normal;text-indent:0px;text-transform:none;white-space:normal;word-spacing:0px;\" xml_lang=\"sl\" lang=\"sl\">poliuretan<br \/> Podstava:<\/span> <span style=\"color:#000000;font-family:'Times New Roman';font-size:medium;font-style:normal;letter-spacing:normal;text-indent:0px;text-transform:none;white-space:normal;word-spacing:0px;\" xml_lang=\"sl\" lang=\"sl\">57% poliester, 28% aramid, 15% pamuk<\/span><\/p>\n<p><span style=\"color:#000000;font-family:'Times New Roman';font-size:medium;font-style:normal;letter-spacing:normal;text-indent:0px;text-transform:none;white-space:normal;word-spacing:0px;\" xml_lang=\"sl\" lang=\"sl\">Zna\u010dajke:<\/span><\/p>\n<\/p>\n<ul>\n<li>\u010cista trka\u0107a rukavica<\/li>\n<li>Dlan s vanjskim \u0161avovima<\/li>\n<li>Duga man\u017eeta za ve\u0107u pokrivenost<\/li>\n<li>\u010cvrsti zglob za ve\u0107u otpornost na udarce<\/li>\n<li>Perforirani panel na zglobovima za bolju ventilaciju<\/li>\n<li>Digitalni skaka\u010d izme\u0111u prstenjaka i malog prsta<\/li>\n<li>Mje\u0161ovita gove\u0111a, kozja i klokanova ko\u017ea (dlan)<\/li>\n<li>Dvostruki sustav zaklju\u010davanja<\/li>\n<li>Man\u017eeta s dinami\u010dkim \u0161titom od trenja<\/li>\n<li>Oja\u010danja sa strane s krutim kliza\u010dem<\/li>\n<li>Ko\u017eni mijehovi na prstima, palcu i nadlanici<\/li>\n<li>Aramidna unutra\u0161njost na stra\u017enjoj strani i na podru\u010djima za slijetanje<\/li>\n<li>Oja\u010danje na palcu i dlanu<\/li>\n<li>TPU za\u0161tita prstiju Mekani jastu\u010di\u0107i na prstima i ergonomski elasti\u010dni umeci na dlanu<\/li>\n<li>CE certifikat (CAT II razina 2, KP).<\/li>\n<\/ul>\n","protected":false},"excerpt":{"rendered":"<p>Boja: Crna<\/p>\n","protected":false},"featured_media":3558,"comment_status":"open","ping_status":"open","template":"","meta":{"_acf_changed":false},"brand":[2748],"gender":[],"product_brand":[],"product_cat":[2835,1356,2816],"product_tag":[],"class_list":{"0":"post-136719","1":"product","2":"type-product","3":"status-publish","4":"has-post-thumbnail","6":"brand-alpinestars-hr","7":"product_cat-kozne-rukavice","8":"product_cat-motociklisticka-oprema","9":"product_cat-rukavice","10":"pa_size-l-hr","11":"pa_size-m-hr","12":"pa_size-s-hr","13":"pa_size-xl-hr","14":"pa_size-xxl-hr","15":"pa_size-xxxl-hr","17":"first","18":"instock","19":"sale","20":"taxable","21":"shipping-taxable","22":"purchasable","23":"product-type-variable"},"acf":[],"_links":{"self":[{"href":"https:\/\/moto-oprema.com\/hr\/wp-json\/wp\/v2\/product\/136719","targetHints":{"allow":["GET"]}}],"collection":[{"href":"https:\/\/moto-oprema.com\/hr\/wp-json\/wp\/v2\/product"}],"about":[{"href":"https:\/\/moto-oprema.com\/hr\/wp-json\/wp\/v2\/types\/product"}],"replies":[{"embeddable":true,"href":"https:\/\/moto-oprema.com\/hr\/wp-json\/wp\/v2\/comments?post=136719"}],"wp:featuredmedia":[{"embeddable":true,"href":"https:\/\/moto-oprema.com\/hr\/wp-json\/wp\/v2\/media\/3558"}],"wp:attachment":[{"href":"https:\/\/moto-oprema.com\/hr\/wp-json\/wp\/v2\/media?parent=136719"}],"wp:term":[{"taxonomy":"brand","embeddable":true,"href":"https:\/\/moto-oprema.com\/hr\/wp-json\/wp\/v2\/brand?post=136719"},{"taxonomy":"gender","embeddable":true,"href":"https:\/\/moto-oprema.com\/hr\/wp-json\/wp\/v2\/gender?post=136719"},{"taxonomy":"product_brand","embeddable":true,"href":"https:\/\/moto-oprema.com\/hr\/wp-json\/wp\/v2\/product_brand?post=136719"},{"taxonomy":"product_cat","embeddable":true,"href":"https:\/\/moto-oprema.com\/hr\/wp-json\/wp\/v2\/product_cat?post=136719"},{"taxonomy":"product_tag","embeddable":true,"href":"https:\/\/moto-oprema.com\/hr\/wp-json\/wp\/v2\/product_tag?post=136719"}],"curies":[{"name":"wp","href":"https:\/\/api.w.org\/{rel}","templated":true}]}}