{"id":136706,"date":"2019-05-27T07:33:31","date_gmt":"2019-05-27T07:33:31","guid":{"rendered":"https:\/\/moto-oprema.com\/Artikel\/dainese-steel-pro-in-rukavice-crne\/"},"modified":"2019-05-27T07:33:31","modified_gmt":"2019-05-27T07:33:31","slug":"dainese-steel-pro-in-rukavice-crne","status":"publish","type":"product","link":"https:\/\/moto-oprema.com\/hr\/Artikel\/dainese-steel-pro-in-rukavice-crne\/","title":{"rendered":"DAINESE STEEL-PRO IN rukavice CRNE"},"content":{"rendered":"<p>Dainese je iskoristio svo svoje iskustvo i znanje u proizvodnji steel-pro rukavica. Voza\u010du nude maksimalnu udobnost i sigurnost tijekom vo\u017enje. Izra\u0111ene su od kozje ko\u017ee i oja\u010dane su u podru\u010dju dlana. Za ve\u0107u izdr\u017eljivost koriste se aramidni \u0161avovi. Na strate\u0161kim mjestima nalaze se elasti\u010dni i karbonski umeci.    <\/p>\n<p><strong>Sastav sirovine:<\/strong> 75% kozja ko\u017ea, 25% elastan<\/p>\n<h3 class=\"western\">Za\u0161tita:<\/h3>\n<ul>\n<li>\n<p style=\"margin-bottom:0cm;\">Kompozitni umetci od predoblikovanog nehr\u0111aju\u0107eg \u010delika i termoplasti\u010dne smole na zglobovima i stra\u017enjoj strani<\/p>\n<\/li>\n<li>\n<p style=\"margin-bottom:0cm;\">DCP sustav na malom prstu<\/p>\n<\/li>\n<li>\n<p style=\"margin-bottom:0cm;\">Vanjski umetci od termoplasti\u010dne smole sa strane malog prsta<\/p>\n<\/li>\n<li>\n<p style=\"margin-bottom:0cm;\">Rukavice certificirane prema CE &#8211; Kat. II &#8211; PrEN 13594 Standard razina 1<\/p>\n<\/li>\n<li>\n<p style=\"margin-bottom:0cm;\">Umetci od termoplasti\u010dne smole na zglobovima prstiju i glavi ulne<\/p>\n<\/li>\n<li>\n<p style=\"margin-bottom:0cm;\">Jedna ko\u017ena plo\u010da sa strane ruke<\/p>\n<\/li>\n<li>\n<p style=\"margin-bottom:0cm;\">Poliuretanski umetak na dlanu<\/p>\n<\/li>\n<li>\n<p style=\"margin-bottom:0cm;\">\u010cetverostruka elasti\u010dnost izme\u0111u zglobova i nadlanice<\/p>\n<\/li>\n<li>\n<p>Oja\u010dani ko\u017eni dlan<\/p>\n<\/li>\n<\/ul>\n<h3 class=\"western\">Ergonomija i udobnost:<\/h3>\n<ul>\n<li>\n<p style=\"margin-bottom:0cm;\">Kozja ko\u017ea<\/p>\n<\/li>\n<li>\n<p style=\"margin-bottom:0cm;\">Dlan od super mekane kozje ko\u017ee obojene bubnjem<\/p>\n<\/li>\n<li>\n<p style=\"margin-bottom:0cm;\">Perforacija na unutarnjoj strani prsta<\/p>\n<\/li>\n<li>\n<p style=\"margin-bottom:0cm;\">Zra\u010dna man\u017eeta<\/p>\n<\/li>\n<li>\n<p style=\"margin-bottom:0cm;\">Elasti\u010dni umetci<\/p>\n<\/li>\n<li>\n<p style=\"margin-bottom:0cm;\">Unutarnji tehnolo\u0161ki sustav od rukava do rukava<\/p>\n<\/li>\n<li>\n<p style=\"margin-bottom:0cm;\">Mikroinjekciono oja\u010danje na dlanu<\/p>\n<\/li>\n<li>\n<p style=\"margin-bottom:0cm;\">Mikroelasti\u010dni elasti\u010dni umetci<\/p>\n<\/li>\n<li>\n<p style=\"margin-bottom:0cm;\">Unaprijed zakrivljeni prsti<\/p>\n<\/li>\n<li>\n<p>Zatezni remen<\/p>\n<\/li>\n<\/ul>\n<h3 class=\"western\">Ostale zna\u010dajke:<\/h3>\n<ul>\n<li>\n<p style=\"margin-bottom:0cm;\">Elasti\u010dni umeci za man\u017eete<\/p>\n<\/li>\n<li>\n<p>Meki umetci<\/p>\n<\/li>\n<\/ul>\n","protected":false},"excerpt":{"rendered":"<p>Dainese je iskoristio svo svoje iskustvo i znanje u proizvodnji steel-pro rukavica. Voza\u010du nude maksimalnu udobnost&#8230;<\/p>\n","protected":false},"featured_media":193961,"comment_status":"open","ping_status":"closed","template":"","meta":{"_acf_changed":false},"brand":[2800],"gender":[1313],"product_brand":[],"product_cat":[2835,1356,2816],"product_tag":[],"class_list":{"0":"post-136706","1":"product","2":"type-product","3":"status-publish","4":"has-post-thumbnail","6":"brand-dainese-hr","7":"gender-moski","8":"product_cat-kozne-rukavice","9":"product_cat-motociklisticka-oprema","10":"product_cat-rukavice","11":"pa_size-m-hr","12":"pa_size-s-hr","14":"first","15":"instock","16":"sale","17":"taxable","18":"shipping-taxable","19":"purchasable","20":"product-type-variable"},"acf":[],"_links":{"self":[{"href":"https:\/\/moto-oprema.com\/hr\/wp-json\/wp\/v2\/product\/136706","targetHints":{"allow":["GET"]}}],"collection":[{"href":"https:\/\/moto-oprema.com\/hr\/wp-json\/wp\/v2\/product"}],"about":[{"href":"https:\/\/moto-oprema.com\/hr\/wp-json\/wp\/v2\/types\/product"}],"replies":[{"embeddable":true,"href":"https:\/\/moto-oprema.com\/hr\/wp-json\/wp\/v2\/comments?post=136706"}],"wp:featuredmedia":[{"embeddable":true,"href":"https:\/\/moto-oprema.com\/hr\/wp-json\/wp\/v2\/media\/193961"}],"wp:attachment":[{"href":"https:\/\/moto-oprema.com\/hr\/wp-json\/wp\/v2\/media?parent=136706"}],"wp:term":[{"taxonomy":"brand","embeddable":true,"href":"https:\/\/moto-oprema.com\/hr\/wp-json\/wp\/v2\/brand?post=136706"},{"taxonomy":"gender","embeddable":true,"href":"https:\/\/moto-oprema.com\/hr\/wp-json\/wp\/v2\/gender?post=136706"},{"taxonomy":"product_brand","embeddable":true,"href":"https:\/\/moto-oprema.com\/hr\/wp-json\/wp\/v2\/product_brand?post=136706"},{"taxonomy":"product_cat","embeddable":true,"href":"https:\/\/moto-oprema.com\/hr\/wp-json\/wp\/v2\/product_cat?post=136706"},{"taxonomy":"product_tag","embeddable":true,"href":"https:\/\/moto-oprema.com\/hr\/wp-json\/wp\/v2\/product_tag?post=136706"}],"curies":[{"name":"wp","href":"https:\/\/api.w.org\/{rel}","templated":true}]}}