{"id":136673,"date":"2019-09-16T04:32:30","date_gmt":"2019-09-16T04:32:30","guid":{"rendered":"https:\/\/moto-oprema.com\/Artikel\/fox-airframe-pro-ece\/"},"modified":"2019-09-16T04:32:30","modified_gmt":"2019-09-16T04:32:30","slug":"fox-airframe-pro-ece","status":"publish","type":"product","link":"https:\/\/moto-oprema.com\/hr\/Artikel\/fox-airframe-pro-ece\/","title":{"rendered":"FOX AIRFRAME PRO ECE"},"content":{"rendered":"<p>Potpuno novi Airframe PRO CE \u0161titnik postavlja nove standarde u za\u0161titi gornjeg dijela tijela. CE certifikat za za\u0161titu prsa, le\u0111a i ramena. Smatra se jednim od najboljih \u0161titnika u segmentu motokrosa.  <\/p>\n<p>Za\u0161tite:<\/p>\n<ul>\n<li>CE EN 1621-2 Level 2 pozadinska potvrda<\/li>\n<li>Certifikacija \u0161krinje CE EN 1621-3 Razina 1<\/li>\n<li>CE EN 1621-1 Certifikacija razine 1 ramena<\/li>\n<\/ul>\n","protected":false},"excerpt":{"rendered":"<p>Potpuno novi Airframe PRO CE \u0161titnik postavlja nove standarde u za\u0161titi gornjeg dijela tijela. CE certifikat&#8230;<\/p>\n","protected":false},"featured_media":3902,"comment_status":"open","ping_status":"closed","template":"","meta":{"_acf_changed":false},"brand":[2738],"gender":[2172],"product_brand":[],"product_cat":[2890,2739,2733],"product_tag":[],"class_list":{"0":"post-136673","1":"product","2":"type-product","3":"status-publish","4":"has-post-thumbnail","6":"brand-fox-hr","7":"gender-unisex-hr","8":"product_cat-mx-stitnici-za-tijelo","9":"product_cat-mx-stitovi","10":"product_cat-oprema-za-motokros","11":"pa_size-l-xl-170-190-cm","12":"pa_size-sm","14":"first","15":"onbackorder","16":"taxable","17":"shipping-taxable","18":"purchasable","19":"product-type-variable"},"acf":[],"_links":{"self":[{"href":"https:\/\/moto-oprema.com\/hr\/wp-json\/wp\/v2\/product\/136673","targetHints":{"allow":["GET"]}}],"collection":[{"href":"https:\/\/moto-oprema.com\/hr\/wp-json\/wp\/v2\/product"}],"about":[{"href":"https:\/\/moto-oprema.com\/hr\/wp-json\/wp\/v2\/types\/product"}],"replies":[{"embeddable":true,"href":"https:\/\/moto-oprema.com\/hr\/wp-json\/wp\/v2\/comments?post=136673"}],"wp:featuredmedia":[{"embeddable":true,"href":"https:\/\/moto-oprema.com\/hr\/wp-json\/wp\/v2\/media\/3902"}],"wp:attachment":[{"href":"https:\/\/moto-oprema.com\/hr\/wp-json\/wp\/v2\/media?parent=136673"}],"wp:term":[{"taxonomy":"brand","embeddable":true,"href":"https:\/\/moto-oprema.com\/hr\/wp-json\/wp\/v2\/brand?post=136673"},{"taxonomy":"gender","embeddable":true,"href":"https:\/\/moto-oprema.com\/hr\/wp-json\/wp\/v2\/gender?post=136673"},{"taxonomy":"product_brand","embeddable":true,"href":"https:\/\/moto-oprema.com\/hr\/wp-json\/wp\/v2\/product_brand?post=136673"},{"taxonomy":"product_cat","embeddable":true,"href":"https:\/\/moto-oprema.com\/hr\/wp-json\/wp\/v2\/product_cat?post=136673"},{"taxonomy":"product_tag","embeddable":true,"href":"https:\/\/moto-oprema.com\/hr\/wp-json\/wp\/v2\/product_tag?post=136673"}],"curies":[{"name":"wp","href":"https:\/\/api.w.org\/{rel}","templated":true}]}}