{"id":136646,"date":"2019-10-02T06:02:25","date_gmt":"2019-10-02T06:02:25","guid":{"rendered":"https:\/\/moto-oprema.com\/Artikel\/dainese-pony-3-hlace-crne-mat\/"},"modified":"2019-10-02T06:02:25","modified_gmt":"2019-10-02T06:02:25","slug":"dainese-pony-3-hlace-crne-mat","status":"publish","type":"product","link":"https:\/\/moto-oprema.com\/hr\/Artikel\/dainese-pony-3-hlace-crne-mat\/","title":{"rendered":"DAINESE PONY 3 HLA\u010cE CRNE MAT"},"content":{"rendered":"<p>Motociklisti\u010dke hla\u010de izra\u0111ene od mekane kravlje ko\u017ee &#8220;Tutu&#8221;.<\/p>\n<p>Umetnuti su elasti\u010dni umetci s kombinacijom mikroelastike koji korisniku daju osje\u0107aj slobode kretanja. U podru\u010dju koljena umetnuti su kompozitni \u0161titnici, a u podru\u010dju bokova mekani Pro Shape \u0161titnici. Oba su certificirana prema standardu EN 1621.1. Struk se mo\u017ee podesiti, a istovremeno je u njega u\u0161iven patentni zatvara\u010d za povezivanje s Dainese jaknama. Imaju dva vanjska d\u017eepa. Nanofeel podstava.     <\/p>\n<\/p>\n<p><span><span><span><span>Sastav sirovine:<\/span><\/span><\/span><\/span><\/p>\n<p><span>-S1 bielasti\u010dna tkanina<br \/> &#8211; Tutu kravlja ko\u017ea  <\/span><\/p>\n<\/p>\n<p style=\"margin-bottom:0cm;font-weight:normal;\">\n<p style=\"margin-bottom:0cm;font-weight:normal;\">\n","protected":false},"excerpt":{"rendered":"<p>Dainese Pony 3 ko\u017ene hla\u010de.<\/p>\n","protected":false},"featured_media":4611,"comment_status":"open","ping_status":"open","template":"","meta":{"_acf_changed":false},"brand":[2800],"gender":[],"product_brand":[],"product_cat":[2832,2983,1356],"product_tag":[],"class_list":{"0":"post-136646","1":"product","2":"type-product","3":"status-publish","4":"has-post-thumbnail","6":"brand-dainese-hr","7":"product_cat-hlace-hr","8":"product_cat-kozne-hlace","9":"product_cat-motociklisticka-oprema","10":"pa_size-50-hr","11":"pa_size-52-hr","12":"pa_size-54-hr","13":"pa_size-56-hr","14":"pa_size-58-hr","16":"first","17":"onbackorder","18":"sale","19":"taxable","20":"shipping-taxable","21":"purchasable","22":"product-type-variable"},"acf":[],"_links":{"self":[{"href":"https:\/\/moto-oprema.com\/hr\/wp-json\/wp\/v2\/product\/136646","targetHints":{"allow":["GET"]}}],"collection":[{"href":"https:\/\/moto-oprema.com\/hr\/wp-json\/wp\/v2\/product"}],"about":[{"href":"https:\/\/moto-oprema.com\/hr\/wp-json\/wp\/v2\/types\/product"}],"replies":[{"embeddable":true,"href":"https:\/\/moto-oprema.com\/hr\/wp-json\/wp\/v2\/comments?post=136646"}],"wp:featuredmedia":[{"embeddable":true,"href":"https:\/\/moto-oprema.com\/hr\/wp-json\/wp\/v2\/media\/4611"}],"wp:attachment":[{"href":"https:\/\/moto-oprema.com\/hr\/wp-json\/wp\/v2\/media?parent=136646"}],"wp:term":[{"taxonomy":"brand","embeddable":true,"href":"https:\/\/moto-oprema.com\/hr\/wp-json\/wp\/v2\/brand?post=136646"},{"taxonomy":"gender","embeddable":true,"href":"https:\/\/moto-oprema.com\/hr\/wp-json\/wp\/v2\/gender?post=136646"},{"taxonomy":"product_brand","embeddable":true,"href":"https:\/\/moto-oprema.com\/hr\/wp-json\/wp\/v2\/product_brand?post=136646"},{"taxonomy":"product_cat","embeddable":true,"href":"https:\/\/moto-oprema.com\/hr\/wp-json\/wp\/v2\/product_cat?post=136646"},{"taxonomy":"product_tag","embeddable":true,"href":"https:\/\/moto-oprema.com\/hr\/wp-json\/wp\/v2\/product_tag?post=136646"}],"curies":[{"name":"wp","href":"https:\/\/api.w.org\/{rel}","templated":true}]}}