{"id":136610,"date":"2019-10-03T14:37:41","date_gmt":"2019-10-03T14:37:41","guid":{"rendered":"https:\/\/moto-oprema.com\/Artikel\/alpinestars-track-v2-hlace\/"},"modified":"2019-10-03T14:37:41","modified_gmt":"2019-10-03T14:37:41","slug":"alpinestars-track-v2-hlace","status":"publish","type":"product","link":"https:\/\/moto-oprema.com\/hr\/Artikel\/alpinestars-track-v2-hlace\/","title":{"rendered":"ALPINESTARS TRACK V2 Hla\u010de"},"content":{"rendered":"<p class=\"tw-data-text tw-text-large tw-ta\" id=\"tw-target-text\" style=\"text-align:left;\" dir=\"ltr\"><span xml_lang=\"sl\" lang=\"sl\">Ko\u017ene hla\u010de Track V2, s CE certifikatom, vrlo su udobne i svestrane motociklisti\u010dke hla\u010de, za upotrebu na stazi i na cesti. Hla\u010de karakterizira izvrsna za\u0161tita i sigurnost. Rastezljivi dijelovi hla\u010da osiguravaju ergonomiju i dobro prilago\u0111avanje tijelu. Hla\u010de imaju u\u0161iveni patentni zatvara\u010d, tako da se mogu koristiti sa svim Alpinestars jaknama.   <\/span><\/p>\n<p>Zna\u010dajke:<\/p>\n<ul>\n<li>Vanjski dio izra\u0111en od visokokvalitetne kravlje ko\u017ee debljine 1,3 mm.<\/li>\n<li>Rastezljive zone i ko\u017eni umeci iznad koljena<\/li>\n<li>Pove\u0107ana stra\u017enja povr\u0161ina struka<\/li>\n<li>Veliki elasti\u010dni paneli u podru\u010dju lista<\/li>\n<li>Prethodno zakrivljena struktura nogu<\/li>\n<li>Pode\u0161avanje opsega struka<\/li>\n<li>Zatvaraju\u0107i patentni zatvara\u010d na struku za povezivanje s Alpinestars tehni\u010dkim jaknama<\/li>\n<li>Mre\u017easta unutra\u0161njost s rastezljivim panelima koji djeluju zajedno s vanjskim rastezljivim podru\u010djima<\/li>\n<li>Podru\u010dje sjedala i koljena (CE certifikat) iznutra oja\u010dano<\/li>\n<li>Nucleon \u0161titnici za kukove, CE certifikat, i Alpinestars GP-R na koljenima<\/li>\n<li>Zamjenjivi sportski kliza\u010di za koljena.<\/li>\n<li>Za\u0161tita dinami\u010dkog trenja (DFS)<\/li>\n<li>Vanjski odvojivi i zamjenjivi sapuni od TPU dvostruke gusto\u0107e.<\/li>\n<li>Potpuno certificirana odje\u0107a prema CE standardu &#8211; Kategorija II prEN17092-AAA klasa.<\/li>\n<\/ul>\n<p class=\"tw-data-text tw-text-large tw-ta\" style=\"text-align:left;\" dir=\"ltr\">\n","protected":false},"excerpt":{"rendered":"<p>Boja: Crna<\/p>\n","protected":false},"featured_media":4771,"comment_status":"open","ping_status":"closed","template":"","meta":{"_acf_changed":false},"brand":[2748],"gender":[1313],"product_brand":[],"product_cat":[2832,2983,1356],"product_tag":[],"class_list":{"0":"post-136610","1":"product","2":"type-product","3":"status-publish","4":"has-post-thumbnail","6":"brand-alpinestars-hr","7":"gender-moski","8":"product_cat-hlace-hr","9":"product_cat-kozne-hlace","10":"product_cat-motociklisticka-oprema","11":"pa_size-44-hr","12":"pa_size-46-hr","13":"pa_size-48-hr","14":"pa_size-50-hr","15":"pa_size-52-hr","16":"pa_size-54-hr","17":"pa_size-56-hr","18":"pa_size-58-hr","19":"pa_size-60-hr","21":"first","22":"outofstock","23":"sale","24":"taxable","25":"shipping-taxable","26":"purchasable","27":"product-type-variable"},"acf":[],"_links":{"self":[{"href":"https:\/\/moto-oprema.com\/hr\/wp-json\/wp\/v2\/product\/136610","targetHints":{"allow":["GET"]}}],"collection":[{"href":"https:\/\/moto-oprema.com\/hr\/wp-json\/wp\/v2\/product"}],"about":[{"href":"https:\/\/moto-oprema.com\/hr\/wp-json\/wp\/v2\/types\/product"}],"replies":[{"embeddable":true,"href":"https:\/\/moto-oprema.com\/hr\/wp-json\/wp\/v2\/comments?post=136610"}],"wp:featuredmedia":[{"embeddable":true,"href":"https:\/\/moto-oprema.com\/hr\/wp-json\/wp\/v2\/media\/4771"}],"wp:attachment":[{"href":"https:\/\/moto-oprema.com\/hr\/wp-json\/wp\/v2\/media?parent=136610"}],"wp:term":[{"taxonomy":"brand","embeddable":true,"href":"https:\/\/moto-oprema.com\/hr\/wp-json\/wp\/v2\/brand?post=136610"},{"taxonomy":"gender","embeddable":true,"href":"https:\/\/moto-oprema.com\/hr\/wp-json\/wp\/v2\/gender?post=136610"},{"taxonomy":"product_brand","embeddable":true,"href":"https:\/\/moto-oprema.com\/hr\/wp-json\/wp\/v2\/product_brand?post=136610"},{"taxonomy":"product_cat","embeddable":true,"href":"https:\/\/moto-oprema.com\/hr\/wp-json\/wp\/v2\/product_cat?post=136610"},{"taxonomy":"product_tag","embeddable":true,"href":"https:\/\/moto-oprema.com\/hr\/wp-json\/wp\/v2\/product_tag?post=136610"}],"curies":[{"name":"wp","href":"https:\/\/api.w.org\/{rel}","templated":true}]}}