{"id":136573,"date":"2019-10-14T00:38:33","date_gmt":"2019-10-14T00:38:33","guid":{"rendered":"https:\/\/moto-oprema.com\/Artikel\/leatt-3df-airfit-zastitni-prsluk\/"},"modified":"2019-10-14T00:38:33","modified_gmt":"2019-10-14T00:38:33","slug":"leatt-3df-airfit-zastitni-prsluk","status":"publish","type":"product","link":"https:\/\/moto-oprema.com\/hr\/Artikel\/leatt-3df-airfit-zastitni-prsluk\/","title":{"rendered":"LEATT 3DF Airfit za\u0161titni prsluk"},"content":{"rendered":"<div class=\"tw-ta-container tw-nfl\" id=\"tw-target-text-container\">\n<p class=\"tw-data-text tw-text-large tw-ta\" id=\"tw-target-text\" style=\"text-align:left;\" dir=\"ltr\"><span xml_lang=\"sl\" lang=\"sl\">Trodimenzionalna lagana pjena otporna na udarce 3DF za najbolju za\u0161titu i pristajanje. Izravan kompresijski kontakt s ko\u017eom, odr\u017eavaju\u0107i je hladnom. BraceOn sustav za spajanje sa \u0161titnikom za vrat.    <\/span><\/p>\n<p class=\"tw-data-text tw-text-large tw-ta\" style=\"text-align:left;\" dir=\"ltr\"><span xml_lang=\"sl\" lang=\"sl\">-Kompresijski materijali Moisture-Cool i Airmesh.  <\/span><\/p>\n<p class=\"tw-data-text tw-text-large tw-ta\" style=\"text-align:left;\" dir=\"ltr\"><span xml_lang=\"sl\" lang=\"sl\">&#8211; CE certificirana za\u0161tita za le\u0111a, prsa, ramena i laktove.  <\/span><\/p>\n<p class=\"tw-data-text tw-text-large tw-ta\" style=\"text-align:left;\" dir=\"ltr\"><span xml_lang=\"sl\" lang=\"sl\">-Te\u017eina 1.450 g<\/span><\/p>\n<\/div>\n<p class=\"tw-data-text tw-text-large tw-ta\" style=\"text-align:left;\" dir=\"ltr\">\n","protected":false},"excerpt":{"rendered":"","protected":false},"featured_media":4944,"comment_status":"open","ping_status":"closed","template":"","meta":{"_acf_changed":false},"brand":[2744],"gender":[2172],"product_brand":[],"product_cat":[2740,2741,2747],"product_tag":[],"class_list":{"0":"post-136573","1":"product","2":"type-product","3":"status-publish","4":"has-post-thumbnail","6":"brand-leatt-hr","7":"gender-unisex-hr","8":"product_cat-mtb-biciklisticka-oprema","9":"product_cat-mtb-stitnici","10":"product_cat-mtb-stitnici-za-tijelo","11":"pa_size-l-xl-hr","12":"pa_size-sm","13":"pa_size-xxl-hr","15":"first","16":"outofstock","17":"taxable","18":"shipping-taxable","19":"purchasable","20":"product-type-variable"},"acf":[],"_links":{"self":[{"href":"https:\/\/moto-oprema.com\/hr\/wp-json\/wp\/v2\/product\/136573","targetHints":{"allow":["GET"]}}],"collection":[{"href":"https:\/\/moto-oprema.com\/hr\/wp-json\/wp\/v2\/product"}],"about":[{"href":"https:\/\/moto-oprema.com\/hr\/wp-json\/wp\/v2\/types\/product"}],"replies":[{"embeddable":true,"href":"https:\/\/moto-oprema.com\/hr\/wp-json\/wp\/v2\/comments?post=136573"}],"wp:featuredmedia":[{"embeddable":true,"href":"https:\/\/moto-oprema.com\/hr\/wp-json\/wp\/v2\/media\/4944"}],"wp:attachment":[{"href":"https:\/\/moto-oprema.com\/hr\/wp-json\/wp\/v2\/media?parent=136573"}],"wp:term":[{"taxonomy":"brand","embeddable":true,"href":"https:\/\/moto-oprema.com\/hr\/wp-json\/wp\/v2\/brand?post=136573"},{"taxonomy":"gender","embeddable":true,"href":"https:\/\/moto-oprema.com\/hr\/wp-json\/wp\/v2\/gender?post=136573"},{"taxonomy":"product_brand","embeddable":true,"href":"https:\/\/moto-oprema.com\/hr\/wp-json\/wp\/v2\/product_brand?post=136573"},{"taxonomy":"product_cat","embeddable":true,"href":"https:\/\/moto-oprema.com\/hr\/wp-json\/wp\/v2\/product_cat?post=136573"},{"taxonomy":"product_tag","embeddable":true,"href":"https:\/\/moto-oprema.com\/hr\/wp-json\/wp\/v2\/product_tag?post=136573"}],"curies":[{"name":"wp","href":"https:\/\/api.w.org\/{rel}","templated":true}]}}