{"id":136564,"date":"2019-10-14T00:59:22","date_gmt":"2019-10-14T00:59:22","guid":{"rendered":"https:\/\/moto-oprema.com\/Artikel\/leatt-3df-airfit-lite-zastitni-prsluk\/"},"modified":"2019-10-14T00:59:22","modified_gmt":"2019-10-14T00:59:22","slug":"leatt-3df-airfit-lite-zastitni-prsluk","status":"publish","type":"product","link":"https:\/\/moto-oprema.com\/hr\/Artikel\/leatt-3df-airfit-lite-zastitni-prsluk\/","title":{"rendered":"LEATT 3DF Airfit Lite za\u0161titni prsluk"},"content":{"rendered":"<div class=\"tw-ta-container tw-nfl\" id=\"tw-target-text-container\">\n<div class=\"tw-ta-container tw-nfl\">\n<p class=\"tw-data-text tw-text-large tw-ta\" id=\"tw-target-text\" style=\"text-align:left;\" dir=\"ltr\"><span xml_lang=\"sl\" lang=\"sl\">Lagan i tanak mekani za\u0161titni prsluk. Savr\u0161eno prianjanje <span xml_lang=\"sl\" lang=\"sl\">na prsima i le\u0111ima,<\/span> zahvaljuju\u0107i elasti\u010dnim trakama. Za\u0161tita od frontalnog udara sa ili bez upotrebe \u0161titnika za vrat. 3DF AirFit Impact pjena za vrhunsku ventilaciju. Novi vi\u0161eslojni \u0161titnici i trodimenzionalni dizajn za savr\u0161eno prianjanje. Materijal za odvo\u0111enje vlage MoistureCool osigurava optimalno hla\u0111enje. Kompresijski dizajn osigurava savr\u0161eno prianjanje.      <\/span><\/p>\n<\/div>\n<p class=\"tw-data-placeholder tw-text-small tw-ta\" id=\"tw-target-rmn\" style=\"text-align:left;\" dir=\"ltr\">\n<\/div>\n<p class=\"tw-data-text tw-text-large tw-ta\" style=\"text-align:left;\" dir=\"ltr\">\n","protected":false},"excerpt":{"rendered":"","protected":false},"featured_media":4965,"comment_status":"open","ping_status":"closed","template":"","meta":{"_acf_changed":false},"brand":[2744],"gender":[2172],"product_brand":[],"product_cat":[2740,2741,2747],"product_tag":[],"class_list":{"0":"post-136564","1":"product","2":"type-product","3":"status-publish","4":"has-post-thumbnail","6":"brand-leatt-hr","7":"gender-unisex-hr","8":"product_cat-mtb-biciklisticka-oprema","9":"product_cat-mtb-stitnici","10":"product_cat-mtb-stitnici-za-tijelo","11":"pa_size-l-xl-hr","12":"pa_size-sm","13":"pa_size-xxl-hr","15":"first","16":"outofstock","17":"taxable","18":"shipping-taxable","19":"purchasable","20":"product-type-variable"},"acf":[],"_links":{"self":[{"href":"https:\/\/moto-oprema.com\/hr\/wp-json\/wp\/v2\/product\/136564","targetHints":{"allow":["GET"]}}],"collection":[{"href":"https:\/\/moto-oprema.com\/hr\/wp-json\/wp\/v2\/product"}],"about":[{"href":"https:\/\/moto-oprema.com\/hr\/wp-json\/wp\/v2\/types\/product"}],"replies":[{"embeddable":true,"href":"https:\/\/moto-oprema.com\/hr\/wp-json\/wp\/v2\/comments?post=136564"}],"wp:featuredmedia":[{"embeddable":true,"href":"https:\/\/moto-oprema.com\/hr\/wp-json\/wp\/v2\/media\/4965"}],"wp:attachment":[{"href":"https:\/\/moto-oprema.com\/hr\/wp-json\/wp\/v2\/media?parent=136564"}],"wp:term":[{"taxonomy":"brand","embeddable":true,"href":"https:\/\/moto-oprema.com\/hr\/wp-json\/wp\/v2\/brand?post=136564"},{"taxonomy":"gender","embeddable":true,"href":"https:\/\/moto-oprema.com\/hr\/wp-json\/wp\/v2\/gender?post=136564"},{"taxonomy":"product_brand","embeddable":true,"href":"https:\/\/moto-oprema.com\/hr\/wp-json\/wp\/v2\/product_brand?post=136564"},{"taxonomy":"product_cat","embeddable":true,"href":"https:\/\/moto-oprema.com\/hr\/wp-json\/wp\/v2\/product_cat?post=136564"},{"taxonomy":"product_tag","embeddable":true,"href":"https:\/\/moto-oprema.com\/hr\/wp-json\/wp\/v2\/product_tag?post=136564"}],"curies":[{"name":"wp","href":"https:\/\/api.w.org\/{rel}","templated":true}]}}