{"id":136556,"date":"2019-10-16T14:21:43","date_gmt":"2019-10-16T14:21:43","guid":{"rendered":"https:\/\/moto-oprema.com\/Artikel\/dres-leatt-gpx-4-5-lite\/"},"modified":"2019-10-16T14:21:43","modified_gmt":"2019-10-16T14:21:43","slug":"dres-leatt-gpx-4-5-lite","status":"publish","type":"product","link":"https:\/\/moto-oprema.com\/hr\/Artikel\/dres-leatt-gpx-4-5-lite\/","title":{"rendered":"DRES LEATT GPX 4.5 LITE"},"content":{"rendered":"<p class=\"tw-data-text tw-text-large tw-ta\" id=\"tw-target-text\" style=\"text-align:left;\" dir=\"ltr\"><span xml_lang=\"sl\" lang=\"sl\">Iznimno lagan Moisture-Cool materijal s ventilacijskim kanalima  <\/span><\/p>\n<p class=\"tw-data-text tw-text-large tw-ta\" style=\"text-align:left;\" dir=\"ltr\"><span xml_lang=\"sl\" lang=\"sl\">Poseban dizajn ovratnika: mo\u017ee se nositi sa ili bez \u0161titnika za vrat  <\/span><\/p>\n<p class=\"tw-data-text tw-text-large tw-ta\" style=\"text-align:left;\" dir=\"ltr\"><span xml_lang=\"sl\" lang=\"sl\">Silikonski print na stra\u017enjoj strani sprje\u010dava klizanje iz hla\u010da.  <\/span><\/p>\n<p class=\"tw-data-text tw-text-large tw-ta\" style=\"text-align:left;\" dir=\"ltr\"><span xml_lang=\"sl\" lang=\"sl\">Stra\u017enja strana bez boje, prostor za vlastiti dizajn.<\/span><\/p>\n<p class=\"tw-data-text tw-text-large tw-ta\" style=\"text-align:left;\" dir=\"ltr\"><span xml_lang=\"sl\" lang=\"sl\">Sastav: 100% poliester<\/span><\/p>\n","protected":false},"excerpt":{"rendered":"<p>Boja: Crna<\/p>\n","protected":false},"featured_media":5128,"comment_status":"open","ping_status":"open","template":"","meta":{"_acf_changed":false},"brand":[2744],"gender":[1313],"product_brand":[],"product_cat":[1356,2746,2733],"product_tag":[],"class_list":{"0":"post-136556","1":"product","2":"type-product","3":"status-publish","4":"has-post-thumbnail","6":"brand-leatt-hr","7":"gender-moski","8":"product_cat-motociklisticka-oprema","9":"product_cat-mx-dresovi","10":"product_cat-oprema-za-motokros","11":"pa_size-l-hr","12":"pa_size-xl-hr","14":"first","15":"outofstock","16":"taxable","17":"shipping-taxable","18":"purchasable","19":"product-type-variable"},"acf":[],"_links":{"self":[{"href":"https:\/\/moto-oprema.com\/hr\/wp-json\/wp\/v2\/product\/136556","targetHints":{"allow":["GET"]}}],"collection":[{"href":"https:\/\/moto-oprema.com\/hr\/wp-json\/wp\/v2\/product"}],"about":[{"href":"https:\/\/moto-oprema.com\/hr\/wp-json\/wp\/v2\/types\/product"}],"replies":[{"embeddable":true,"href":"https:\/\/moto-oprema.com\/hr\/wp-json\/wp\/v2\/comments?post=136556"}],"wp:featuredmedia":[{"embeddable":true,"href":"https:\/\/moto-oprema.com\/hr\/wp-json\/wp\/v2\/media\/5128"}],"wp:attachment":[{"href":"https:\/\/moto-oprema.com\/hr\/wp-json\/wp\/v2\/media?parent=136556"}],"wp:term":[{"taxonomy":"brand","embeddable":true,"href":"https:\/\/moto-oprema.com\/hr\/wp-json\/wp\/v2\/brand?post=136556"},{"taxonomy":"gender","embeddable":true,"href":"https:\/\/moto-oprema.com\/hr\/wp-json\/wp\/v2\/gender?post=136556"},{"taxonomy":"product_brand","embeddable":true,"href":"https:\/\/moto-oprema.com\/hr\/wp-json\/wp\/v2\/product_brand?post=136556"},{"taxonomy":"product_cat","embeddable":true,"href":"https:\/\/moto-oprema.com\/hr\/wp-json\/wp\/v2\/product_cat?post=136556"},{"taxonomy":"product_tag","embeddable":true,"href":"https:\/\/moto-oprema.com\/hr\/wp-json\/wp\/v2\/product_tag?post=136556"}],"curies":[{"name":"wp","href":"https:\/\/api.w.org\/{rel}","templated":true}]}}