{"id":136532,"date":"2009-03-19T22:00:00","date_gmt":"2009-03-19T22:00:00","guid":{"rendered":"https:\/\/moto-oprema.com\/Artikel\/straznji-postolj-s-dodacima\/"},"modified":"2009-03-19T22:00:00","modified_gmt":"2009-03-19T22:00:00","slug":"straznji-postolj-s-dodacima","status":"publish","type":"product","link":"https:\/\/moto-oprema.com\/hr\/Artikel\/straznji-postolj-s-dodacima\/","title":{"rendered":"STRA\u017dNJI POSTOLJ s dodacima"},"content":{"rendered":"<p>Stra\u017enji stalak za motocikl u crvenoj boji.<\/p>\n<p> Mogu\u0107i prilozi:<br \/>\n &#8211; gumene plo\u010dice ispod stra\u017enje vilice<br \/>\n &#8211; valjkaste vilice<\/p>\n","protected":false},"excerpt":{"rendered":"<p>Stra\u017enji stalak za motocikl u crvenoj boji. Mogu\u0107i prilozi: &#8211; gumene plo\u010dice ispod stra\u017enje vilice &#8211;&#8230;<\/p>\n","protected":false},"featured_media":381,"comment_status":"open","ping_status":"open","template":"","meta":{"_acf_changed":false},"brand":[],"gender":[],"product_brand":[],"product_cat":[2729],"product_tag":[],"class_list":{"0":"post-136532","1":"product","2":"type-product","3":"status-publish","4":"has-post-thumbnail","6":"product_cat-pribor","8":"first","9":"instock","10":"taxable","11":"shipping-taxable","12":"purchasable","13":"product-type-simple"},"acf":[],"_links":{"self":[{"href":"https:\/\/moto-oprema.com\/hr\/wp-json\/wp\/v2\/product\/136532","targetHints":{"allow":["GET"]}}],"collection":[{"href":"https:\/\/moto-oprema.com\/hr\/wp-json\/wp\/v2\/product"}],"about":[{"href":"https:\/\/moto-oprema.com\/hr\/wp-json\/wp\/v2\/types\/product"}],"replies":[{"embeddable":true,"href":"https:\/\/moto-oprema.com\/hr\/wp-json\/wp\/v2\/comments?post=136532"}],"wp:featuredmedia":[{"embeddable":true,"href":"https:\/\/moto-oprema.com\/hr\/wp-json\/wp\/v2\/media\/381"}],"wp:attachment":[{"href":"https:\/\/moto-oprema.com\/hr\/wp-json\/wp\/v2\/media?parent=136532"}],"wp:term":[{"taxonomy":"brand","embeddable":true,"href":"https:\/\/moto-oprema.com\/hr\/wp-json\/wp\/v2\/brand?post=136532"},{"taxonomy":"gender","embeddable":true,"href":"https:\/\/moto-oprema.com\/hr\/wp-json\/wp\/v2\/gender?post=136532"},{"taxonomy":"product_brand","embeddable":true,"href":"https:\/\/moto-oprema.com\/hr\/wp-json\/wp\/v2\/product_brand?post=136532"},{"taxonomy":"product_cat","embeddable":true,"href":"https:\/\/moto-oprema.com\/hr\/wp-json\/wp\/v2\/product_cat?post=136532"},{"taxonomy":"product_tag","embeddable":true,"href":"https:\/\/moto-oprema.com\/hr\/wp-json\/wp\/v2\/product_tag?post=136532"}],"curies":[{"name":"wp","href":"https:\/\/api.w.org\/{rel}","templated":true}]}}