{"id":136479,"date":"2014-07-23T10:16:23","date_gmt":"2014-07-23T10:16:23","guid":{"rendered":"https:\/\/moto-oprema.com\/Artikel\/orina-brooks-pojas-za-bubrege\/"},"modified":"2014-07-23T10:16:23","modified_gmt":"2014-07-23T10:16:23","slug":"orina-brooks-pojas-za-bubrege","status":"publish","type":"product","link":"https:\/\/moto-oprema.com\/hr\/Artikel\/orina-brooks-pojas-za-bubrege\/","title":{"rendered":"ORINA BROOKS POJAS ZA BUBREGE"},"content":{"rendered":"<div class=\"almost_half_cell\" id=\"gt-res-content\">\n<div dir=\"ltr\">\n<ul>\n<li><span style=\"font-family:arial, helvetica, sans-serif;font-size:small;\"><span id=\"result_box\" xml_lang=\"sl\" lang=\"sl\"><span class=\"hps\">Materijal<\/span> <span>:<\/span> <span class=\"hps\">XERATEX<\/span> <span>,<\/span> <span class=\"hps\">MRE\u017dA<\/span> <br \/><\/span><\/span><\/li>\n<li><span style=\"font-family:arial, helvetica, sans-serif;font-size:small;\"><span xml_lang=\"sl\" lang=\"sl\">Stra\u017enji dio oja\u010dan<\/span><\/span><\/li>\n<li><span style=\"font-family:arial, helvetica, sans-serif;font-size:small;\"><span xml_lang=\"sl\" lang=\"sl\">Dvostruko <span class=\"hps\">pri\u010dvr\u0161\u0107ivanje<\/span> <span class=\"hps\">\u010di\u010dkom<\/span> s <span class=\"hps\">rastezljivim<\/span> <span class=\"hps\">umetkom<\/span> (dvostruki je\u017e)<\/span><\/span><\/li>\n<li><span style=\"font-size:small;\"><span style=\"font-family:arial, helvetica, sans-serif;\">S=50-80 cm, M=70-100 cm, L=90-120 cm, XL=110-140 cm<\/span><\/span><\/li>\n<\/ul>\n<\/div>\n<\/div>\n","protected":false},"excerpt":{"rendered":"<p>Materijal : XERATEX , MRE\u017dA Stra\u017enji dio oja\u010dan Dvostruko pri\u010dvr\u0161\u0107ivanje \u010di\u010dkom s rastezljivim umetkom (dvostruki je\u017e)&#8230;<\/p>\n","protected":false},"featured_media":1015,"comment_status":"open","ping_status":"open","template":"","meta":{"_acf_changed":false},"brand":[],"gender":[],"product_brand":[],"product_cat":[1356,2855],"product_tag":[],"class_list":{"0":"post-136479","1":"product","2":"type-product","3":"status-publish","4":"has-post-thumbnail","6":"product_cat-motociklisticka-oprema","7":"product_cat-zastitnici-i-zracni-jastuci","8":"pa_size-l-hr","9":"pa_size-m-hr","10":"pa_size-s-hr","11":"pa_size-xl-hr","13":"first","14":"instock","15":"taxable","16":"shipping-taxable","17":"purchasable","18":"product-type-variable"},"acf":[],"_links":{"self":[{"href":"https:\/\/moto-oprema.com\/hr\/wp-json\/wp\/v2\/product\/136479","targetHints":{"allow":["GET"]}}],"collection":[{"href":"https:\/\/moto-oprema.com\/hr\/wp-json\/wp\/v2\/product"}],"about":[{"href":"https:\/\/moto-oprema.com\/hr\/wp-json\/wp\/v2\/types\/product"}],"replies":[{"embeddable":true,"href":"https:\/\/moto-oprema.com\/hr\/wp-json\/wp\/v2\/comments?post=136479"}],"wp:featuredmedia":[{"embeddable":true,"href":"https:\/\/moto-oprema.com\/hr\/wp-json\/wp\/v2\/media\/1015"}],"wp:attachment":[{"href":"https:\/\/moto-oprema.com\/hr\/wp-json\/wp\/v2\/media?parent=136479"}],"wp:term":[{"taxonomy":"brand","embeddable":true,"href":"https:\/\/moto-oprema.com\/hr\/wp-json\/wp\/v2\/brand?post=136479"},{"taxonomy":"gender","embeddable":true,"href":"https:\/\/moto-oprema.com\/hr\/wp-json\/wp\/v2\/gender?post=136479"},{"taxonomy":"product_brand","embeddable":true,"href":"https:\/\/moto-oprema.com\/hr\/wp-json\/wp\/v2\/product_brand?post=136479"},{"taxonomy":"product_cat","embeddable":true,"href":"https:\/\/moto-oprema.com\/hr\/wp-json\/wp\/v2\/product_cat?post=136479"},{"taxonomy":"product_tag","embeddable":true,"href":"https:\/\/moto-oprema.com\/hr\/wp-json\/wp\/v2\/product_tag?post=136479"}],"curies":[{"name":"wp","href":"https:\/\/api.w.org\/{rel}","templated":true}]}}