{"id":136465,"date":"2014-08-20T14:45:44","date_gmt":"2014-08-20T14:45:44","guid":{"rendered":"https:\/\/moto-oprema.com\/Artikel\/ufo-djecji-stitnici-za-koljena-za-djecake\/"},"modified":"2014-08-20T14:45:44","modified_gmt":"2014-08-20T14:45:44","slug":"ufo-djecji-stitnici-za-koljena-za-djecake","status":"publish","type":"product","link":"https:\/\/moto-oprema.com\/hr\/Artikel\/ufo-djecji-stitnici-za-koljena-za-djecake\/","title":{"rendered":"UFO DJE\u010cJI \u0160TITNI\u010cI ZA KOLJENA ZA DJE\u010cAKE"},"content":{"rendered":"<p>Univerzalna veli\u010dina za djecu &#8211; do 10 godina.<\/p>\n","protected":false},"excerpt":{"rendered":"<p>Univerzalna veli\u010dina za djecu &#8211; do 10 godina.<\/p>\n","protected":false},"featured_media":1049,"comment_status":"open","ping_status":"open","template":"","meta":{"_acf_changed":false},"brand":[2981],"gender":[],"product_brand":[],"product_cat":[2733],"product_tag":[],"class_list":{"0":"post-136465","1":"product","2":"type-product","3":"status-publish","4":"has-post-thumbnail","6":"brand-nlo-i","7":"product_cat-oprema-za-motokros","9":"first","10":"instock","11":"taxable","12":"shipping-taxable","13":"purchasable","14":"product-type-simple"},"acf":[],"_links":{"self":[{"href":"https:\/\/moto-oprema.com\/hr\/wp-json\/wp\/v2\/product\/136465","targetHints":{"allow":["GET"]}}],"collection":[{"href":"https:\/\/moto-oprema.com\/hr\/wp-json\/wp\/v2\/product"}],"about":[{"href":"https:\/\/moto-oprema.com\/hr\/wp-json\/wp\/v2\/types\/product"}],"replies":[{"embeddable":true,"href":"https:\/\/moto-oprema.com\/hr\/wp-json\/wp\/v2\/comments?post=136465"}],"wp:featuredmedia":[{"embeddable":true,"href":"https:\/\/moto-oprema.com\/hr\/wp-json\/wp\/v2\/media\/1049"}],"wp:attachment":[{"href":"https:\/\/moto-oprema.com\/hr\/wp-json\/wp\/v2\/media?parent=136465"}],"wp:term":[{"taxonomy":"brand","embeddable":true,"href":"https:\/\/moto-oprema.com\/hr\/wp-json\/wp\/v2\/brand?post=136465"},{"taxonomy":"gender","embeddable":true,"href":"https:\/\/moto-oprema.com\/hr\/wp-json\/wp\/v2\/gender?post=136465"},{"taxonomy":"product_brand","embeddable":true,"href":"https:\/\/moto-oprema.com\/hr\/wp-json\/wp\/v2\/product_brand?post=136465"},{"taxonomy":"product_cat","embeddable":true,"href":"https:\/\/moto-oprema.com\/hr\/wp-json\/wp\/v2\/product_cat?post=136465"},{"taxonomy":"product_tag","embeddable":true,"href":"https:\/\/moto-oprema.com\/hr\/wp-json\/wp\/v2\/product_tag?post=136465"}],"curies":[{"name":"wp","href":"https:\/\/api.w.org\/{rel}","templated":true}]}}