{"id":136444,"date":"2015-03-16T11:31:13","date_gmt":"2015-03-16T11:31:13","guid":{"rendered":"https:\/\/moto-oprema.com\/Artikel\/alpinestars-eloise-v2-air-zenska-jakna\/"},"modified":"2015-03-16T11:31:13","modified_gmt":"2015-03-16T11:31:13","slug":"alpinestars-eloise-v2-air-zenska-jakna","status":"publish","type":"product","link":"https:\/\/moto-oprema.com\/hr\/Artikel\/alpinestars-eloise-v2-air-zenska-jakna\/","title":{"rendered":"ALPINESTARS ELOISE V2 AIR \u017dENSKA JAKNA"},"content":{"rendered":"<p><span style=\"font-family: arial, helvetica, sans-serif;font-size: small\"><span id=\"result_box\" lang=\"sl\" xml_lang=\"sl\"><span class=\"hps\"><span style=\"font-family: arial, helvetica, sans-serif;font-size: small\"><b>Alpinestars ELOISE Air 2<\/b> \u017eenska tekstilna jakna.<\/span><\/span><\/span><\/span><\/p>\n<p><span style=\"font-family: arial, helvetica, sans-serif;font-size: small\"><span id=\"result_box\" lang=\"sl\" xml_lang=\"sl\"><span class=\"hps\"><span style=\"font-family: arial, helvetica, sans-serif;font-size: small\">\u017denska jakna Alpinestars Eloise V2 spremna je za Tech Air 5 i nudi optimiziranu cirkulaciju zraka i prozra\u010dnost, a istovremeno pru\u017ea optimalnu za\u0161titu zahvaljuju\u0107i Nucleon Flex \u0161titnicima na laktovima i ramenima te udobnost zahvaljuju\u0107i 600D poli tkanini s mre\u017eastim umetcima otpornim na habanje. . \u017denska jakna Eloise V2 je lagana, ali joj ni\u0161ta ne nedostaje u smislu ventilacije i za\u0161tite.  <\/span><\/span><\/span><\/span><br \/>\n<span style=\"font-family: arial, helvetica, sans-serif;font-size: small\"><span lang=\"sl\" xml_lang=\"sl\"><span class=\"hps\"><span style=\"font-family: arial, helvetica, sans-serif;font-size: small\"><span style=\"font-family: arial, helvetica, sans-serif;font-size: small\"><b><br \/>\n<\/b>Sastav sirovine:<b> <\/b><\/span><span style=\"font-family: arial, helvetica, sans-serif;font-size: small\">vanjski dio: 100<\/span><\/span><\/span><\/span><\/span> <span style=\"font-family: arial, helvetica, sans-serif;font-size: small\"><span lang=\"sl\" xml_lang=\"sl\"><span class=\"hps\"><span style=\"font-family: arial, helvetica, sans-serif;font-size: small\"><span style=\"font-family: arial, helvetica, sans-serif;font-size: small\">% poliester<\/span><\/span><\/span><\/span><\/span><\/p>\n","protected":false},"excerpt":{"rendered":"<p>Alpinestars ELOISE Air 2 \u017eenska tekstilna jakna. \u017denska jakna Alpinestars Eloise V2 spremna je za Tech&#8230;<\/p>\n","protected":false},"featured_media":1144,"comment_status":"open","ping_status":"closed","template":"","meta":{"_acf_changed":false},"brand":[2748],"gender":[1314],"product_brand":[],"product_cat":[2759,1356],"product_tag":[],"class_list":{"0":"post-136444","1":"product","2":"type-product","3":"status-publish","4":"has-post-thumbnail","6":"brand-alpinestars-hr","7":"gender-zenska","8":"product_cat-jakne-hr","9":"product_cat-motociklisticka-oprema","10":"pa_size-l-hr","11":"pa_size-m-hr","12":"pa_size-s-hr","13":"pa_size-xs-hr","15":"first","16":"instock","17":"sale","18":"taxable","19":"shipping-taxable","20":"purchasable","21":"product-type-variable"},"acf":[],"_links":{"self":[{"href":"https:\/\/moto-oprema.com\/hr\/wp-json\/wp\/v2\/product\/136444","targetHints":{"allow":["GET"]}}],"collection":[{"href":"https:\/\/moto-oprema.com\/hr\/wp-json\/wp\/v2\/product"}],"about":[{"href":"https:\/\/moto-oprema.com\/hr\/wp-json\/wp\/v2\/types\/product"}],"replies":[{"embeddable":true,"href":"https:\/\/moto-oprema.com\/hr\/wp-json\/wp\/v2\/comments?post=136444"}],"wp:featuredmedia":[{"embeddable":true,"href":"https:\/\/moto-oprema.com\/hr\/wp-json\/wp\/v2\/media\/1144"}],"wp:attachment":[{"href":"https:\/\/moto-oprema.com\/hr\/wp-json\/wp\/v2\/media?parent=136444"}],"wp:term":[{"taxonomy":"brand","embeddable":true,"href":"https:\/\/moto-oprema.com\/hr\/wp-json\/wp\/v2\/brand?post=136444"},{"taxonomy":"gender","embeddable":true,"href":"https:\/\/moto-oprema.com\/hr\/wp-json\/wp\/v2\/gender?post=136444"},{"taxonomy":"product_brand","embeddable":true,"href":"https:\/\/moto-oprema.com\/hr\/wp-json\/wp\/v2\/product_brand?post=136444"},{"taxonomy":"product_cat","embeddable":true,"href":"https:\/\/moto-oprema.com\/hr\/wp-json\/wp\/v2\/product_cat?post=136444"},{"taxonomy":"product_tag","embeddable":true,"href":"https:\/\/moto-oprema.com\/hr\/wp-json\/wp\/v2\/product_tag?post=136444"}],"curies":[{"name":"wp","href":"https:\/\/api.w.org\/{rel}","templated":true}]}}