{"id":136433,"date":"2015-06-08T08:59:04","date_gmt":"2015-06-08T08:59:04","guid":{"rendered":"https:\/\/moto-oprema.com\/Artikel\/alpinestars-toucan-gore-tex-jakne\/"},"modified":"2015-06-08T08:59:04","modified_gmt":"2015-06-08T08:59:04","slug":"alpinestars-toucan-gore-tex-jakne","status":"publish","type":"product","link":"https:\/\/moto-oprema.com\/hr\/Artikel\/alpinestars-toucan-gore-tex-jakne\/","title":{"rendered":"ALPINESTARS TOUCAN GORE-TEX JAKNE"},"content":{"rendered":"<div id=\"tab-product-description\" class=\"ui-tabs-panel ui-widget-content ui-corner-bottom\">\n<div class=\"description\">\n<p><span style=\"font-family:arial, helvetica, sans-serif;font-size:small;\">Alpinestars Toucan planinarske \u010dizme sa 100% vodootpornom Gore-tex membranom.<\/span><\/p>\n<p><span style=\"font-family:arial, helvetica, sans-serif;font-size:small;\">Sastav materijala: gornji\u0161te: ko\u017ea, unutra\u0161njost: goretex membrana, ko\u017eni potplat.<br \/><\/span><\/p>\n<\/p>\n<p><span style=\"color:#333333;\"><i><span style=\"font-family:arial, helvetica, sans-serif;font-size:small;\"> <\/span><\/i><\/span><\/div>\n<\/div>\n","protected":false},"excerpt":{"rendered":"<p>Alpinestars Toucan planinarske \u010dizme sa 100% vodootpornom Gore-tex membranom. Sastav materijala: gornji\u0161te: ko\u017ea, unutra\u0161njost: goretex membrana,&#8230;<\/p>\n","protected":false},"featured_media":1171,"comment_status":"open","ping_status":"open","template":"","meta":{"_acf_changed":false},"brand":[2748],"gender":[],"product_brand":[],"product_cat":[1356],"product_tag":[],"class_list":{"0":"post-136433","1":"product","2":"type-product","3":"status-publish","4":"has-post-thumbnail","6":"brand-alpinestars-hr","7":"product_cat-motociklisticka-oprema","8":"pa_size-10445-hr","9":"pa_size-11455-hr","10":"pa_size-842-hr","11":"pa_size-943-hr","13":"first","14":"instock","15":"sale","16":"taxable","17":"shipping-taxable","18":"purchasable","19":"product-type-variable"},"acf":[],"_links":{"self":[{"href":"https:\/\/moto-oprema.com\/hr\/wp-json\/wp\/v2\/product\/136433","targetHints":{"allow":["GET"]}}],"collection":[{"href":"https:\/\/moto-oprema.com\/hr\/wp-json\/wp\/v2\/product"}],"about":[{"href":"https:\/\/moto-oprema.com\/hr\/wp-json\/wp\/v2\/types\/product"}],"replies":[{"embeddable":true,"href":"https:\/\/moto-oprema.com\/hr\/wp-json\/wp\/v2\/comments?post=136433"}],"wp:featuredmedia":[{"embeddable":true,"href":"https:\/\/moto-oprema.com\/hr\/wp-json\/wp\/v2\/media\/1171"}],"wp:attachment":[{"href":"https:\/\/moto-oprema.com\/hr\/wp-json\/wp\/v2\/media?parent=136433"}],"wp:term":[{"taxonomy":"brand","embeddable":true,"href":"https:\/\/moto-oprema.com\/hr\/wp-json\/wp\/v2\/brand?post=136433"},{"taxonomy":"gender","embeddable":true,"href":"https:\/\/moto-oprema.com\/hr\/wp-json\/wp\/v2\/gender?post=136433"},{"taxonomy":"product_brand","embeddable":true,"href":"https:\/\/moto-oprema.com\/hr\/wp-json\/wp\/v2\/product_brand?post=136433"},{"taxonomy":"product_cat","embeddable":true,"href":"https:\/\/moto-oprema.com\/hr\/wp-json\/wp\/v2\/product_cat?post=136433"},{"taxonomy":"product_tag","embeddable":true,"href":"https:\/\/moto-oprema.com\/hr\/wp-json\/wp\/v2\/product_tag?post=136433"}],"curies":[{"name":"wp","href":"https:\/\/api.w.org\/{rel}","templated":true}]}}