{"id":136424,"date":"2016-02-28T09:52:22","date_gmt":"2016-02-28T09:52:22","guid":{"rendered":"https:\/\/moto-oprema.com\/Artikel\/alpinestars-kr-2i-zastitnik\/"},"modified":"2016-02-28T09:52:22","modified_gmt":"2016-02-28T09:52:22","slug":"alpinestars-kr-2i-zastitnik","status":"publish","type":"product","link":"https:\/\/moto-oprema.com\/hr\/Artikel\/alpinestars-kr-2i-zastitnik\/","title":{"rendered":"ALPINESTARS KR-2i ZA\u0160TITNIK"},"content":{"rendered":"<h1><span style=\"font-family:arial, helvetica, sans-serif;font-size:small;\">ALPINESTARS KR-2i ZA\u0160TITNIK ZA LE\u0110A &#8211; UMETAK<\/span><\/h1>\n<p><span style=\"font-family:arial, helvetica, sans-serif;font-size:small;\">KR-2i \u0161titnik za le\u0111a je proizvod koji kombinira najnoviju tehnologiju i najotpornije materijale, nude\u0107i najvi\u0161u razinu za\u0161tite. \u0160titnik je dizajniran za upotrebu u Alpinestars za\u0161titnoj odje\u0107i, ima malu te\u017einu, ergonomski oblik i ne ometa protok zraka unutar odje\u0107e, \u0161to ga \u010dini ugodnim za kori\u0161tenje.   <\/span><span style=\"font-family:arial, helvetica, sans-serif;font-size:small;\"><br \/>Proizvedeno prema najnovijem standardu <strong>EN1621-2:2014 razina 2<\/strong><\/span><\/p>\n<p><span style=\"font-family:arial, helvetica, sans-serif;font-size:small;\"><b>Sastav sirovine<\/b> :<\/span> <span style=\"font-family:arial, helvetica, sans-serif;font-size:small;\">45% poliuretan, 2<\/span><\/p>\n","protected":false},"excerpt":{"rendered":"<p>ALPINESTARS KR-2i ZA\u0160TITNIK ZA LE\u0110A &#8211; UMETAK KR-2i \u0161titnik za le\u0111a je proizvod koji kombinira najnoviju&#8230;<\/p>\n","protected":false},"featured_media":1181,"comment_status":"open","ping_status":"open","template":"","meta":{"_acf_changed":false},"brand":[2748],"gender":[],"product_brand":[],"product_cat":[1356,2855],"product_tag":[],"class_list":{"0":"post-136424","1":"product","2":"type-product","3":"status-publish","4":"has-post-thumbnail","6":"brand-alpinestars-hr","7":"product_cat-motociklisticka-oprema","8":"product_cat-zastitnici-i-zracni-jastuci","9":"pa_size-l-hr","10":"pa_size-m-hr","11":"pa_size-s-hr","13":"first","14":"onbackorder","15":"sale","16":"taxable","17":"shipping-taxable","18":"purchasable","19":"product-type-variable"},"acf":[],"_links":{"self":[{"href":"https:\/\/moto-oprema.com\/hr\/wp-json\/wp\/v2\/product\/136424","targetHints":{"allow":["GET"]}}],"collection":[{"href":"https:\/\/moto-oprema.com\/hr\/wp-json\/wp\/v2\/product"}],"about":[{"href":"https:\/\/moto-oprema.com\/hr\/wp-json\/wp\/v2\/types\/product"}],"replies":[{"embeddable":true,"href":"https:\/\/moto-oprema.com\/hr\/wp-json\/wp\/v2\/comments?post=136424"}],"wp:featuredmedia":[{"embeddable":true,"href":"https:\/\/moto-oprema.com\/hr\/wp-json\/wp\/v2\/media\/1181"}],"wp:attachment":[{"href":"https:\/\/moto-oprema.com\/hr\/wp-json\/wp\/v2\/media?parent=136424"}],"wp:term":[{"taxonomy":"brand","embeddable":true,"href":"https:\/\/moto-oprema.com\/hr\/wp-json\/wp\/v2\/brand?post=136424"},{"taxonomy":"gender","embeddable":true,"href":"https:\/\/moto-oprema.com\/hr\/wp-json\/wp\/v2\/gender?post=136424"},{"taxonomy":"product_brand","embeddable":true,"href":"https:\/\/moto-oprema.com\/hr\/wp-json\/wp\/v2\/product_brand?post=136424"},{"taxonomy":"product_cat","embeddable":true,"href":"https:\/\/moto-oprema.com\/hr\/wp-json\/wp\/v2\/product_cat?post=136424"},{"taxonomy":"product_tag","embeddable":true,"href":"https:\/\/moto-oprema.com\/hr\/wp-json\/wp\/v2\/product_tag?post=136424"}],"curies":[{"name":"wp","href":"https:\/\/api.w.org\/{rel}","templated":true}]}}