{"id":136415,"date":"2016-10-25T14:54:10","date_gmt":"2016-10-25T14:54:10","guid":{"rendered":"https:\/\/moto-oprema.com\/Artikel\/dainese-d-gambit-ruksak\/"},"modified":"2016-10-25T14:54:10","modified_gmt":"2016-10-25T14:54:10","slug":"dainese-d-gambit-ruksak","status":"publish","type":"product","link":"https:\/\/moto-oprema.com\/hr\/Artikel\/dainese-d-gambit-ruksak\/","title":{"rendered":"DAINESE D-GAMBIT RUKSAK"},"content":{"rendered":"<p>Ovaj prostrani ruksak idealan je za svakodnevno no\u0161enje i uvijek ga mo\u017eete imati sa sobom, zahvaljuju\u0107i razli\u010ditim d\u017eepovima za razli\u010dite namjene.<\/p>\n<ul>\n<li>Potpuno opremljena organizacijska plo\u010da s d\u017eepom s patentnim zatvara\u010dem<\/li>\n<li>Podstavljena navlaka za iPad\/tablet\/e-\u010dita\u010d<\/li>\n<li>Namjenski pretinac za prijenosno ra\u010dunalo s gornjim punjenjem odgovara ve\u0107ini prijenosnih ra\u010dunala od 15&#8243;<\/li>\n<li>Integrirane pjenaste plo\u010de \u0161tite va\u0161u elektroniku i ostale dragocjenosti<\/li>\n<li>D\u017eep Tech Vault otporan na gnje\u010denje s mekom triko podstavom<\/li>\n<li>HUB (Hybrid Unibody Backpanel) za vrhunsku udobnost<\/li>\n<li>Podstavljeni d\u017eep za mi\u0161\/digitalni fotoaparat<\/li>\n<li>Pove\u0107ano pjenasto punjenje naramenica stvara Sweet Spot zonu udobnosti<\/li>\n<li>Potpuno podesive ergonomske naramenice s oblikovanom za\u0161titnom zonom<\/li>\n<li>Dva bo\u010dna d\u017eepa s patentnim zatvara\u010dem<\/li>\n<li>Ti si dvojak\/dvostruka.<\/li>\n<\/ul>\n","protected":false},"excerpt":{"rendered":"<p>Ovaj prostrani ruksak idealan je za svakodnevno no\u0161enje i uvijek ga mo\u017eete imati sa sobom, zahvaljuju\u0107i&#8230;<\/p>\n","protected":false},"featured_media":194159,"comment_status":"open","ping_status":"open","template":"","meta":{"_acf_changed":false},"brand":[2800],"gender":[],"product_brand":[],"product_cat":[1356,2894,2729,2755],"product_tag":[],"class_list":{"0":"post-136415","1":"product","2":"type-product","3":"status-publish","4":"has-post-thumbnail","6":"brand-dainese-hr","7":"product_cat-motociklisticka-oprema","8":"product_cat-ostalo-hr","9":"product_cat-pribor","10":"product_cat-ruksaci-i-torbe-za-noge","12":"first","13":"instock","14":"sale","15":"taxable","16":"shipping-taxable","17":"purchasable","18":"product-type-simple"},"acf":[],"_links":{"self":[{"href":"https:\/\/moto-oprema.com\/hr\/wp-json\/wp\/v2\/product\/136415","targetHints":{"allow":["GET"]}}],"collection":[{"href":"https:\/\/moto-oprema.com\/hr\/wp-json\/wp\/v2\/product"}],"about":[{"href":"https:\/\/moto-oprema.com\/hr\/wp-json\/wp\/v2\/types\/product"}],"replies":[{"embeddable":true,"href":"https:\/\/moto-oprema.com\/hr\/wp-json\/wp\/v2\/comments?post=136415"}],"wp:featuredmedia":[{"embeddable":true,"href":"https:\/\/moto-oprema.com\/hr\/wp-json\/wp\/v2\/media\/194159"}],"wp:attachment":[{"href":"https:\/\/moto-oprema.com\/hr\/wp-json\/wp\/v2\/media?parent=136415"}],"wp:term":[{"taxonomy":"brand","embeddable":true,"href":"https:\/\/moto-oprema.com\/hr\/wp-json\/wp\/v2\/brand?post=136415"},{"taxonomy":"gender","embeddable":true,"href":"https:\/\/moto-oprema.com\/hr\/wp-json\/wp\/v2\/gender?post=136415"},{"taxonomy":"product_brand","embeddable":true,"href":"https:\/\/moto-oprema.com\/hr\/wp-json\/wp\/v2\/product_brand?post=136415"},{"taxonomy":"product_cat","embeddable":true,"href":"https:\/\/moto-oprema.com\/hr\/wp-json\/wp\/v2\/product_cat?post=136415"},{"taxonomy":"product_tag","embeddable":true,"href":"https:\/\/moto-oprema.com\/hr\/wp-json\/wp\/v2\/product_tag?post=136415"}],"curies":[{"name":"wp","href":"https:\/\/api.w.org\/{rel}","templated":true}]}}