{"id":136394,"date":"2016-10-27T11:35:30","date_gmt":"2016-10-27T11:35:30","guid":{"rendered":"https:\/\/moto-oprema.com\/Artikel\/spidi-track-wind-pro-crveno-crna\/"},"modified":"2016-10-27T11:35:30","modified_gmt":"2016-10-27T11:35:30","slug":"spidi-track-wind-pro-crveno-crna","status":"publish","type":"product","link":"https:\/\/moto-oprema.com\/hr\/Artikel\/spidi-track-wind-pro-crveno-crna\/","title":{"rendered":"SPIDI TRACK WIND PRO CRVENO\/CRNA"},"content":{"rendered":"<p>Spidijevo iskustvo u MotoGP i Svjetskim Superbike prvenstvima pomoglo je u razvoju odijela Track Wind Pro. \u0160titnici za koljena su podesivi i mogu se nadograditi \u0161titnicima za le\u0111a i prsa. Neopren na ovratniku i rukavima. Odijelo te\u017ei otprilike 4,5 kg.    <\/p>\n<p>Sastav sirovine:<br \/> Vanjski dio: 80% ko\u017ea, 20% najlon<br \/> Podstava: 100% poliester<\/p>\n<ul>\n<li>  Punozrnata gove\u0111a ko\u017ea (debljine 1,2\/1,3 mm)<\/li>\n<li>  Uklonjiva podstava Mre\u017easta unutarnja podstava<\/li>\n<li>  Force Tech \u0161titnici na laktovima<\/li>\n<li>  Biomehani\u010dki \u0161titnici na ramenima<\/li>\n<li>  Multitech \u0161titnici na kukovima i koljenima (podesiva visina),<\/li>\n<li>  Fleksibilna Tenax podru\u010dja za savr\u0161eno pristajanje<\/li>\n<li>  Warrior \u0161titnik za le\u0111a, veli\u010dina 1 ili 2<\/li>\n<li>  Raspored \u0161titnika za prsa ratnika<\/li>\n<li>  Clarino umetci na podru\u010dju vrata Neoprenski umetci na podru\u010dju vrata i zape\u0161\u0107a<\/li>\n<li>  Visokopropusni otvori za ventilaciju na ramenima i le\u0111ima<\/li>\n<\/ul>\n","protected":false},"excerpt":{"rendered":"<p>Spidijevo iskustvo u MotoGP i Svjetskim Superbike prvenstvima pomoglo je u razvoju odijela Track Wind Pro&#8230;.<\/p>\n","protected":false},"featured_media":176685,"comment_status":"open","ping_status":"open","template":"","meta":{"_acf_changed":false},"brand":[2732],"gender":[],"product_brand":[],"product_cat":[2879,1356],"product_tag":[],"class_list":{"0":"post-136394","1":"product","2":"type-product","3":"status-publish","4":"has-post-thumbnail","6":"brand-spidi-hr","7":"product_cat-jednodijelni-kombinezoni","8":"product_cat-motociklisticka-oprema","9":"pa_size-48-hr","10":"pa_size-50-hr","11":"pa_size-52-hr","12":"pa_size-54-hr","13":"pa_size-56-hr","14":"pa_size-58-hr","16":"first","17":"instock","18":"sale","19":"taxable","20":"shipping-taxable","21":"purchasable","22":"product-type-variable"},"acf":[],"_links":{"self":[{"href":"https:\/\/moto-oprema.com\/hr\/wp-json\/wp\/v2\/product\/136394","targetHints":{"allow":["GET"]}}],"collection":[{"href":"https:\/\/moto-oprema.com\/hr\/wp-json\/wp\/v2\/product"}],"about":[{"href":"https:\/\/moto-oprema.com\/hr\/wp-json\/wp\/v2\/types\/product"}],"replies":[{"embeddable":true,"href":"https:\/\/moto-oprema.com\/hr\/wp-json\/wp\/v2\/comments?post=136394"}],"wp:featuredmedia":[{"embeddable":true,"href":"https:\/\/moto-oprema.com\/hr\/wp-json\/wp\/v2\/media\/176685"}],"wp:attachment":[{"href":"https:\/\/moto-oprema.com\/hr\/wp-json\/wp\/v2\/media?parent=136394"}],"wp:term":[{"taxonomy":"brand","embeddable":true,"href":"https:\/\/moto-oprema.com\/hr\/wp-json\/wp\/v2\/brand?post=136394"},{"taxonomy":"gender","embeddable":true,"href":"https:\/\/moto-oprema.com\/hr\/wp-json\/wp\/v2\/gender?post=136394"},{"taxonomy":"product_brand","embeddable":true,"href":"https:\/\/moto-oprema.com\/hr\/wp-json\/wp\/v2\/product_brand?post=136394"},{"taxonomy":"product_cat","embeddable":true,"href":"https:\/\/moto-oprema.com\/hr\/wp-json\/wp\/v2\/product_cat?post=136394"},{"taxonomy":"product_tag","embeddable":true,"href":"https:\/\/moto-oprema.com\/hr\/wp-json\/wp\/v2\/product_tag?post=136394"}],"curies":[{"name":"wp","href":"https:\/\/api.w.org\/{rel}","templated":true}]}}