{"id":136388,"date":"2016-11-02T14:30:25","date_gmt":"2016-11-02T14:30:25","guid":{"rendered":"https:\/\/moto-oprema.com\/Artikel\/leatt-c-frame-junior-carbon\/"},"modified":"2016-11-02T14:30:25","modified_gmt":"2016-11-02T14:30:25","slug":"leatt-c-frame-junior-carbon","status":"publish","type":"product","link":"https:\/\/moto-oprema.com\/hr\/Artikel\/leatt-c-frame-junior-carbon\/","title":{"rendered":"LEATT C-FRAME JUNIOR CARBON"},"content":{"rendered":"<p>Nova i revolucionarna C-Frame koljenasta ortoza nudi medicinski dokazanu za\u0161titu u kombinaciji s udobno\u0161\u0107u. Dizajnirana je kako bi omogu\u0107ila prirodno kretanje koljena i pru\u017eila ve\u0107u za\u0161titu od konvencionalnih proizvoda ove vrste. <\/p>\n<p><i>Niskoprofilni dizajn i plo\u010da za potkoljenicu opremljena jastu\u010di\u0107em za raspodjelu optere\u0107enja koji stane u sve \u010dizme osiguravaju udobno pristajanje. Dizajnirana da se slomi prilikom udara, \u0161asija C-okvira \u0161titnika za koljeno \u0161titi potkoljenicu i bedrene kosti. Raspodjela sile u tri to\u010dke s super krutom konstrukcijom C-kraka s jednim zglobom, kao i smanjenje sila koje ograni\u010dava ozljede koljena, \u010dine ga vitalnim dijelom za\u0161titne opreme.  <br \/><\/i><\/p>\n<ul>\n<li>Raspodjela sile u tri to\u010dke s iznimno krutim kovanim C-lukovima s jednim zglobom<\/li>\n<\/ul>\n","protected":false},"excerpt":{"rendered":"<p>Nova i revolucionarna C-Frame koljenasta ortoza nudi medicinski dokazanu za\u0161titu u kombinaciji s udobno\u0161\u0107u. Dizajnirana je&#8230;<\/p>\n","protected":false},"featured_media":1501,"comment_status":"open","ping_status":"open","template":"","meta":{"_acf_changed":false},"brand":[2744],"gender":[],"product_brand":[],"product_cat":[2733],"product_tag":[],"class_list":{"0":"post-136388","1":"product","2":"type-product","3":"status-publish","4":"has-post-thumbnail","6":"brand-leatt-hr","7":"product_cat-oprema-za-motokros","9":"first","10":"instock","11":"taxable","12":"shipping-taxable","13":"purchasable","14":"product-type-simple"},"acf":[],"_links":{"self":[{"href":"https:\/\/moto-oprema.com\/hr\/wp-json\/wp\/v2\/product\/136388","targetHints":{"allow":["GET"]}}],"collection":[{"href":"https:\/\/moto-oprema.com\/hr\/wp-json\/wp\/v2\/product"}],"about":[{"href":"https:\/\/moto-oprema.com\/hr\/wp-json\/wp\/v2\/types\/product"}],"replies":[{"embeddable":true,"href":"https:\/\/moto-oprema.com\/hr\/wp-json\/wp\/v2\/comments?post=136388"}],"wp:featuredmedia":[{"embeddable":true,"href":"https:\/\/moto-oprema.com\/hr\/wp-json\/wp\/v2\/media\/1501"}],"wp:attachment":[{"href":"https:\/\/moto-oprema.com\/hr\/wp-json\/wp\/v2\/media?parent=136388"}],"wp:term":[{"taxonomy":"brand","embeddable":true,"href":"https:\/\/moto-oprema.com\/hr\/wp-json\/wp\/v2\/brand?post=136388"},{"taxonomy":"gender","embeddable":true,"href":"https:\/\/moto-oprema.com\/hr\/wp-json\/wp\/v2\/gender?post=136388"},{"taxonomy":"product_brand","embeddable":true,"href":"https:\/\/moto-oprema.com\/hr\/wp-json\/wp\/v2\/product_brand?post=136388"},{"taxonomy":"product_cat","embeddable":true,"href":"https:\/\/moto-oprema.com\/hr\/wp-json\/wp\/v2\/product_cat?post=136388"},{"taxonomy":"product_tag","embeddable":true,"href":"https:\/\/moto-oprema.com\/hr\/wp-json\/wp\/v2\/product_tag?post=136388"}],"curies":[{"name":"wp","href":"https:\/\/api.w.org\/{rel}","templated":true}]}}