{"id":136363,"date":"2017-02-10T11:21:26","date_gmt":"2017-02-10T11:21:26","guid":{"rendered":"https:\/\/moto-oprema.com\/Artikel\/alpinestars-smx-6-v2-crna-crvena\/"},"modified":"2017-02-10T11:21:26","modified_gmt":"2017-02-10T11:21:26","slug":"alpinestars-smx-6-v2-crna-crvena","status":"publish","type":"product","link":"https:\/\/moto-oprema.com\/hr\/Artikel\/alpinestars-smx-6-v2-crna-crvena\/","title":{"rendered":"ALPINESTARS SMX-6 V2 CRNA CRVENA"},"content":{"rendered":"<p>Alpinestars SMX-6 V2 \u010dizme dizajnirane su za vo\u017enju i na stazi i po cesti. Imaju novodizajnirani gornji dio koji nudi jo\u0161 ve\u0107u fleksibilnost. Osim toga, \u010dizma uklju\u010duje najnovije Alpinestarsove inovacije u obu\u0107i. Svaka komponenta na CE certificiranoj SMX-6 V2 \u010dizmi pomno je dizajnirana kako bi voza\u010du pru\u017eila prednost u sigurnosti, ergonomiji i performansama tijekom vo\u017enje.   <\/p>\n<p>Zna\u010dajke:<\/p>\n<ul>\n<li>Novodizajnirani gornji dio \u010dizme uklju\u010duje inovativne prednje, stra\u017enje i stra\u017enje zone lista za vrhunsku razinu fleksibilnosti. Gornji dio je izra\u0111en od mikrovlakana za izdr\u017eljivost i otpornost na habanje. <\/li>\n<li>Ergonomski kalup za pojednostavljenje prednjeg dijela stopala kako bi se omogu\u0107ila bolja kontrola nad kontrolama bicikla te za vrhunski, \u0161iroki profil stopala, pristajanje i udobnost.<\/li>\n<li>Alpinestarsova inovativna TPU lateralna za\u0161tita za gle\u017eanj pru\u017ea biomehani\u010dku potporu izme\u0111u lateralnog gornjeg dijela lista\/potkoljenice i gle\u017enja te nudi pobolj\u0161ani strukturni integritet, za\u0161titu od udaraca, otpornost na ponovljeno habanje i potporu pri savijanju.<\/li>\n<li>Otvori za zrak na peti i plo\u010di za potkoljenicu plus prozra\u010dni mre\u017easti umeci (samo ventilirana verzija) pobolj\u0161avaju udobnost i smanjuju umor na kratkim i dugim vo\u017enjama.<\/li>\n<li>\u0160titnik za potkoljenicu, \u0161titnik za list, broja\u010d pete, jastu\u010di\u0107 za pomicanje, \u0161titnik za gle\u017eanj i kliza\u010d za prste od visokomodularnog TPU-a za pobolj\u0161anu za\u0161titu od udaraca i izdr\u017eljivost.<\/li>\n<li>Dvostruka gusto\u0107a \u0161titnika za gle\u017eanj na medijalnoj strani, slojevita ispod gornjeg dijela, nudi za\u0161titne performanse na klju\u010dnom podru\u010dju.<\/li>\n<li>Integrirani, zamjenjivi dvostruko ubrizgani TPU kliza\u010d ima novi koncept jednostavnog pri\u010dvr\u0161\u0107ivanja vijcima za br\u017eu i lak\u0161u zamjenu.<\/li>\n<li>Inovativna konstrukcija risa stopala i Ahilove harmonika\u0161ke fleksibilne zone za vrhunsku udobnost, ekstenziju, kontrolu i potporu.<\/li>\n<li>Unutarnji ulo\u017eak s integriranim oja\u010danjem u podru\u010dju potkoljenice za potporu svodu stopala i za\u0161titu stopala.<\/li>\n<li>Sustav otvaranja\/zatvaranja s bo\u010dne strane ima elasti\u010dni patentni zatvara\u010d sa \u0161irokim \u010di\u010dak zatvara\u010dem za fleksibilnost i sigurno prianjanje. Otvor je velik radi lak\u0161eg ulaska\/izlaska. <\/li>\n<li>Unutarnja za\u0161tita prstiju je slojevita ispod gornjeg dijela za izdr\u017eljivost, pobolj\u0161ani osje\u0107aj i performanse.<\/li>\n<li>Prozra\u010dna tekstilna unutarnja podstava ima protuklizno oja\u010danje od bru\u0161ene ko\u017ee na podru\u010dju pete koje poma\u017ee u odr\u017eavanju stopala u pravilnom polo\u017eaju tijekom vo\u017enje.<\/li>\n<li>Novi, uklonjivi anatomski ulo\u017eak uklju\u010duje EVA i Lycru za performanse, udobnost i potporu.<\/li>\n<li>Alpinestarsov novi i ekskluzivni potplat od gume poti\u010de pobolj\u0161ani osje\u0107aj i prianjanje, raspr\u0161ivanje vode i izdr\u017eljivost.<\/li>\n<li>\u010cizma SMX-6 V2 ima CE certifikat.<\/li>\n<\/ul>\n<p>Sastav sirovina: Mikrofibra, TPU, Lycra<\/p>\n","protected":false},"excerpt":{"rendered":"<p>Alpinestars SMX-6 V2 \u010dizme su dizajnirane za vo\u017enju i na stazi i na cesti.<\/p>\n","protected":false},"featured_media":2045,"comment_status":"open","ping_status":"open","template":"","meta":{"_acf_changed":false},"brand":[2748],"gender":[],"product_brand":[],"product_cat":[1356],"product_tag":[],"class_list":{"0":"post-136363","1":"product","2":"type-product","3":"status-publish","4":"has-post-thumbnail","6":"brand-alpinestars-hr","7":"product_cat-motociklisticka-oprema","8":"pa_size-41-hr","9":"pa_size-42-hr","10":"pa_size-43-hr","11":"pa_size-44-hr","12":"pa_size-45-hr","13":"pa_size-46-hr","15":"first","16":"instock","17":"sale","18":"taxable","19":"shipping-taxable","20":"purchasable","21":"product-type-variable"},"acf":[],"_links":{"self":[{"href":"https:\/\/moto-oprema.com\/hr\/wp-json\/wp\/v2\/product\/136363","targetHints":{"allow":["GET"]}}],"collection":[{"href":"https:\/\/moto-oprema.com\/hr\/wp-json\/wp\/v2\/product"}],"about":[{"href":"https:\/\/moto-oprema.com\/hr\/wp-json\/wp\/v2\/types\/product"}],"replies":[{"embeddable":true,"href":"https:\/\/moto-oprema.com\/hr\/wp-json\/wp\/v2\/comments?post=136363"}],"wp:featuredmedia":[{"embeddable":true,"href":"https:\/\/moto-oprema.com\/hr\/wp-json\/wp\/v2\/media\/2045"}],"wp:attachment":[{"href":"https:\/\/moto-oprema.com\/hr\/wp-json\/wp\/v2\/media?parent=136363"}],"wp:term":[{"taxonomy":"brand","embeddable":true,"href":"https:\/\/moto-oprema.com\/hr\/wp-json\/wp\/v2\/brand?post=136363"},{"taxonomy":"gender","embeddable":true,"href":"https:\/\/moto-oprema.com\/hr\/wp-json\/wp\/v2\/gender?post=136363"},{"taxonomy":"product_brand","embeddable":true,"href":"https:\/\/moto-oprema.com\/hr\/wp-json\/wp\/v2\/product_brand?post=136363"},{"taxonomy":"product_cat","embeddable":true,"href":"https:\/\/moto-oprema.com\/hr\/wp-json\/wp\/v2\/product_cat?post=136363"},{"taxonomy":"product_tag","embeddable":true,"href":"https:\/\/moto-oprema.com\/hr\/wp-json\/wp\/v2\/product_tag?post=136363"}],"curies":[{"name":"wp","href":"https:\/\/api.w.org\/{rel}","templated":true}]}}