{"id":136329,"date":"2017-02-10T11:47:28","date_gmt":"2017-02-10T11:47:28","guid":{"rendered":"https:\/\/moto-oprema.com\/Artikel\/alpinestars-stella-smx-6-v2-zenske\/"},"modified":"2017-02-10T11:47:28","modified_gmt":"2017-02-10T11:47:28","slug":"alpinestars-stella-smx-6-v2-zenske","status":"publish","type":"product","link":"https:\/\/moto-oprema.com\/hr\/Artikel\/alpinestars-stella-smx-6-v2-zenske\/","title":{"rendered":"ALPINESTARS STELLA SMX-6 V2 \u017dENSKE"},"content":{"rendered":"<p>Alpinestars Stella SMX-6 V2 \u010dizme su redizajnirane posebno za \u017eene. Uklju\u010duju najnovija Alpinestarsova dostignu\u0107a i otkri\u0107a u podru\u010dju obu\u0107e. Svaki dio s CE certifikatom razvijen je posebno kako bi voza\u010dicama pru\u017eio klju\u010dnu prednost u podru\u010djima sigurnosti, ergonomije i performansi. Osim toga, Alpinestars Stella SMX-6 V2 \u010dizma je i udobna.   <\/p>\n<p>Zna\u010dajke:<\/p>\n<ul>\n<li>Dizajnirano i izra\u0111eno posebno za \u017eenske performanse.<\/li>\n<li>Novodizajnirani gornji dio \u010dizme uklju\u010duje inovativne prednje, stra\u017enje i stra\u017enje zone lista za vrhunsku razinu fleksibilnosti. Gornji dio je izra\u0111en od naprednih mikrovlakana za izdr\u017eljivost i otpornost na habanje. <\/li>\n<li>Ergonomski novi kalup za pojednostavljenje prednjeg dijela stopala kako bi se omogu\u0107ila bolja kontrola nad kontrolama bicikla te vrhunski, \u0161iroki profil stopala, pristajanje i udobnost.  <\/li>\n<li>Alpinestarsova inovativna TPU lateralna za\u0161tita za gle\u017eanj pru\u017ea biomehani\u010dku potporu izme\u0111u lateralnog gornjeg dijela lista\/potkoljenice i gle\u017enja te nudi pobolj\u0161ani strukturni integritet, za\u0161titu od udaraca, otpornost na ponovljeno habanje i potporu pri savijanju.  <\/li>\n<li>Alpinestarsov novi i ekskluzivni potplat od gume poti\u010de pobolj\u0161ani osje\u0107aj i prianjanje, raspr\u0161ivanje vode i izdr\u017eljivost.<\/li>\n<li>Otvori za zrak na peti i plo\u010di za potkoljenicu plus prozra\u010dni mre\u017easti umeci (samo ventilirana verzija) pobolj\u0161avaju udobnost i smanjuju umor na dugim vo\u017enjama.  <\/li>\n<li>\u0160titnik za potkoljenicu, \u0161titnik za list, broja\u010d pete, jastu\u010di\u0107 za pomicanje, \u0161titnik za gle\u017eanj i kliza\u010d za prste od visokomodularnog TPU-a za pobolj\u0161anu za\u0161titu od udaraca i izdr\u017eljivost.<\/li>\n<li>Dvostruka gusto\u0107a \u0161titnika za gle\u017eanj na medijalnoj strani, slojevita ispod gornjeg dijela, nudi za\u0161titne performanse na klju\u010dnom podru\u010dju.<\/li>\n<li>Integrirani, zamjenjivi dvostruko ubrizgani TPU kliza\u010d ima novi koncept jednostavnog pri\u010dvr\u0161\u0107ivanja vijcima za br\u017eu i lak\u0161u zamjenu.  <\/li>\n<li>Inovativna konstrukcija risa stopala i Ahilove harmonika\u0161ke fleksibilne zone za vrhunsku udobnost, ekstenziju, kontrolu i potporu.<\/li>\n<li>Unutarnji ulo\u017eak s integriranim oja\u010danjem u podru\u010dju potkoljenice za dodatnu potporu svodu stopala i za\u0161titu stopala.<\/li>\n<li>Sustav otvaranja\/zatvaranja s bo\u010dne strane ima elasti\u010dni patentni zatvara\u010d sa \u0161irokim \u010di\u010dak zatvara\u010dem za fleksibilnost i sigurno prianjanje. Otvor je velik radi lak\u0161eg ulaska\/izlaska. <\/li>\n<li>Unutarnja za\u0161tita prstiju je slojevita ispod gornjeg dijela za izdr\u017eljivost, pobolj\u0161ani osje\u0107aj i performanse.  <\/li>\n<li>Prozra\u010dna tekstilna unutarnja podstava ima protuklizno oja\u010danje od bru\u0161ene ko\u017ee na podru\u010dju pete koje poma\u017ee u odr\u017eavanju stopala u pravilnom polo\u017eaju tijekom vo\u017enje.<\/li>\n<li>Novi, uklonjivi anatomski ulo\u017eak uklju\u010duje EVA i Lycru za performanse, udobnost i potporu.<\/li>\n<li>\u010cizma STELLA SMX-6 V2 ima CE certifikat.<\/li>\n<\/ul>\n<p>Svojstva sirovine: Mikrofibra, TPU, Lycra<\/p>\n","protected":false},"excerpt":{"rendered":"<p>Alpinestars Stella SMX-6 V2 \u010dizme su redizajnirane posebno za \u017eene. Boja: Crno &#8211; Bijela<\/p>\n","protected":false},"featured_media":2066,"comment_status":"open","ping_status":"open","template":"","meta":{"_acf_changed":false},"brand":[2748],"gender":[],"product_brand":[],"product_cat":[1356],"product_tag":[],"class_list":{"0":"post-136329","1":"product","2":"type-product","3":"status-publish","4":"has-post-thumbnail","6":"brand-alpinestars-hr","7":"product_cat-motociklisticka-oprema","8":"pa_size-36-hr","9":"pa_size-37-hr","10":"pa_size-38-hr","11":"pa_size-39-hr","12":"pa_size-40-hr","13":"pa_size-41-hr","14":"pa_size-42-hr","15":"pa_size-43-hr","17":"first","18":"instock","19":"sale","20":"taxable","21":"shipping-taxable","22":"purchasable","23":"product-type-variable"},"acf":[],"_links":{"self":[{"href":"https:\/\/moto-oprema.com\/hr\/wp-json\/wp\/v2\/product\/136329","targetHints":{"allow":["GET"]}}],"collection":[{"href":"https:\/\/moto-oprema.com\/hr\/wp-json\/wp\/v2\/product"}],"about":[{"href":"https:\/\/moto-oprema.com\/hr\/wp-json\/wp\/v2\/types\/product"}],"replies":[{"embeddable":true,"href":"https:\/\/moto-oprema.com\/hr\/wp-json\/wp\/v2\/comments?post=136329"}],"wp:featuredmedia":[{"embeddable":true,"href":"https:\/\/moto-oprema.com\/hr\/wp-json\/wp\/v2\/media\/2066"}],"wp:attachment":[{"href":"https:\/\/moto-oprema.com\/hr\/wp-json\/wp\/v2\/media?parent=136329"}],"wp:term":[{"taxonomy":"brand","embeddable":true,"href":"https:\/\/moto-oprema.com\/hr\/wp-json\/wp\/v2\/brand?post=136329"},{"taxonomy":"gender","embeddable":true,"href":"https:\/\/moto-oprema.com\/hr\/wp-json\/wp\/v2\/gender?post=136329"},{"taxonomy":"product_brand","embeddable":true,"href":"https:\/\/moto-oprema.com\/hr\/wp-json\/wp\/v2\/product_brand?post=136329"},{"taxonomy":"product_cat","embeddable":true,"href":"https:\/\/moto-oprema.com\/hr\/wp-json\/wp\/v2\/product_cat?post=136329"},{"taxonomy":"product_tag","embeddable":true,"href":"https:\/\/moto-oprema.com\/hr\/wp-json\/wp\/v2\/product_tag?post=136329"}],"curies":[{"name":"wp","href":"https:\/\/api.w.org\/{rel}","templated":true}]}}