{"id":136328,"date":"2017-03-10T10:55:10","date_gmt":"2017-03-10T10:55:10","guid":{"rendered":"https:\/\/moto-oprema.com\/Artikel\/alpinestars-stella-kr-ciw\/"},"modified":"2017-03-10T10:55:10","modified_gmt":"2017-03-10T10:55:10","slug":"alpinestars-stella-kr-ciw","status":"publish","type":"product","link":"https:\/\/moto-oprema.com\/hr\/Artikel\/alpinestars-stella-kr-ciw\/","title":{"rendered":"ALPINESTARS STELLA KR-CIW"},"content":{"rendered":"<p>\u017denski \u0161titnik za prsa Alpinestars Stella KR-CiW je vrlo prozra\u010dan, lagan i ergonomski dizajniran, \u0161to ga \u010dini idealnim za svakodnevnu vo\u017enju. <\/p>\n","protected":false},"excerpt":{"rendered":"<p>\u017denski \u0161titnik za prsa Alpinestars Stella KR-CiW je vrlo prozra\u010dan, lagan i ergonomski dizajniran, \u0161to ga&#8230;<\/p>\n","protected":false},"featured_media":2238,"comment_status":"open","ping_status":"open","template":"","meta":{"_acf_changed":false},"brand":[2748],"gender":[],"product_brand":[],"product_cat":[1356],"product_tag":[],"class_list":{"0":"post-136328","1":"product","2":"type-product","3":"status-publish","4":"has-post-thumbnail","6":"brand-alpinestars-hr","7":"product_cat-motociklisticka-oprema","9":"first","10":"instock","11":"taxable","12":"shipping-taxable","13":"purchasable","14":"product-type-simple"},"acf":[],"_links":{"self":[{"href":"https:\/\/moto-oprema.com\/hr\/wp-json\/wp\/v2\/product\/136328","targetHints":{"allow":["GET"]}}],"collection":[{"href":"https:\/\/moto-oprema.com\/hr\/wp-json\/wp\/v2\/product"}],"about":[{"href":"https:\/\/moto-oprema.com\/hr\/wp-json\/wp\/v2\/types\/product"}],"replies":[{"embeddable":true,"href":"https:\/\/moto-oprema.com\/hr\/wp-json\/wp\/v2\/comments?post=136328"}],"wp:featuredmedia":[{"embeddable":true,"href":"https:\/\/moto-oprema.com\/hr\/wp-json\/wp\/v2\/media\/2238"}],"wp:attachment":[{"href":"https:\/\/moto-oprema.com\/hr\/wp-json\/wp\/v2\/media?parent=136328"}],"wp:term":[{"taxonomy":"brand","embeddable":true,"href":"https:\/\/moto-oprema.com\/hr\/wp-json\/wp\/v2\/brand?post=136328"},{"taxonomy":"gender","embeddable":true,"href":"https:\/\/moto-oprema.com\/hr\/wp-json\/wp\/v2\/gender?post=136328"},{"taxonomy":"product_brand","embeddable":true,"href":"https:\/\/moto-oprema.com\/hr\/wp-json\/wp\/v2\/product_brand?post=136328"},{"taxonomy":"product_cat","embeddable":true,"href":"https:\/\/moto-oprema.com\/hr\/wp-json\/wp\/v2\/product_cat?post=136328"},{"taxonomy":"product_tag","embeddable":true,"href":"https:\/\/moto-oprema.com\/hr\/wp-json\/wp\/v2\/product_tag?post=136328"}],"curies":[{"name":"wp","href":"https:\/\/api.w.org\/{rel}","templated":true}]}}