{"id":136318,"date":"2017-03-15T11:33:25","date_gmt":"2017-03-15T11:33:25","guid":{"rendered":"https:\/\/moto-oprema.com\/Artikel\/interphone-turnejski-singl\/"},"modified":"2017-03-15T11:33:25","modified_gmt":"2017-03-15T11:33:25","slug":"interphone-turnejski-singl","status":"publish","type":"product","link":"https:\/\/moto-oprema.com\/hr\/Artikel\/interphone-turnejski-singl\/","title":{"rendered":"INTERPHONE TURNEJSKI SINGL"},"content":{"rendered":"<p><span>Bez kompromisa za one koji \u017eele najvi\u0161e. Interphone Tour je vode\u0107i proizvod nove Interphone Cellularline komunikacijske linije. Neusporediva kvaliteta i    <\/span><\/p>\n<p><span>Elegantni dizajn je odlika novog interfona.<\/span><\/p>\n<\/p>\n<p><span>Interphone Tour mo\u017ee spojiti do \u010detiri motocikla, koji mogu me\u0111usobno komunicirati do udaljenosti od 1,5 km. Ugra\u0111ena Bluetooth\u00ae tehnologija omogu\u0107uje   <\/span><\/p>\n<p><span>komunikacija sa svim pametnim telefonima, omogu\u0107uje vam upu\u0107ivanje i primanje poziva, slu\u0161anje glazbe i pra\u0107enje navigacijskih uputa. Kompatibilan je sa svim   <\/span><\/p>\n<p><span>kacige i potpuno je vodootporan. Opremljen je baterijom koja omogu\u0107uje 20 sati kori\u0161tenja i vrlo brzo se puni zahvaljuju\u0107i tehnologiji brzog punjenja.   <\/span><\/p>\n<p><span>Vrlo je pogodan za duga putovanja.<\/span><\/p>\n<\/p>\n<p><span>Jednostavan za instalaciju, Interphone Tour kombinira naprednu tehnologiju, izvrstan dizajn i jednostavnost kori\u0161tenja.<\/span><\/p>\n<\/p>\n<p><span>Aplikacija Interphone dostupna za <a href=\"https:\/\/play.google.com\/store\/apps\/details?id=com.europhils.f6app\" target=\"_blank\" rel=\"noopener\">Android pametne telefone<\/a> .<br \/><\/span><\/p>\n","protected":false},"excerpt":{"rendered":"<p>Bez kompromisa za one koji \u017eele najvi\u0161e. Interphone Tour je vode\u0107i proizvod nove Interphone Cellularline komunikacijske&#8230;<\/p>\n","protected":false},"featured_media":2379,"comment_status":"open","ping_status":"open","template":"","meta":{"_acf_changed":false},"brand":[2976],"gender":[],"product_brand":[],"product_cat":[1356],"product_tag":[],"class_list":{"0":"post-136318","1":"product","2":"type-product","3":"status-publish","4":"has-post-thumbnail","6":"brand-interphone-hr","7":"product_cat-motociklisticka-oprema","9":"first","10":"instock","11":"taxable","12":"shipping-taxable","13":"purchasable","14":"product-type-simple"},"acf":[],"_links":{"self":[{"href":"https:\/\/moto-oprema.com\/hr\/wp-json\/wp\/v2\/product\/136318","targetHints":{"allow":["GET"]}}],"collection":[{"href":"https:\/\/moto-oprema.com\/hr\/wp-json\/wp\/v2\/product"}],"about":[{"href":"https:\/\/moto-oprema.com\/hr\/wp-json\/wp\/v2\/types\/product"}],"replies":[{"embeddable":true,"href":"https:\/\/moto-oprema.com\/hr\/wp-json\/wp\/v2\/comments?post=136318"}],"wp:featuredmedia":[{"embeddable":true,"href":"https:\/\/moto-oprema.com\/hr\/wp-json\/wp\/v2\/media\/2379"}],"wp:attachment":[{"href":"https:\/\/moto-oprema.com\/hr\/wp-json\/wp\/v2\/media?parent=136318"}],"wp:term":[{"taxonomy":"brand","embeddable":true,"href":"https:\/\/moto-oprema.com\/hr\/wp-json\/wp\/v2\/brand?post=136318"},{"taxonomy":"gender","embeddable":true,"href":"https:\/\/moto-oprema.com\/hr\/wp-json\/wp\/v2\/gender?post=136318"},{"taxonomy":"product_brand","embeddable":true,"href":"https:\/\/moto-oprema.com\/hr\/wp-json\/wp\/v2\/product_brand?post=136318"},{"taxonomy":"product_cat","embeddable":true,"href":"https:\/\/moto-oprema.com\/hr\/wp-json\/wp\/v2\/product_cat?post=136318"},{"taxonomy":"product_tag","embeddable":true,"href":"https:\/\/moto-oprema.com\/hr\/wp-json\/wp\/v2\/product_tag?post=136318"}],"curies":[{"name":"wp","href":"https:\/\/api.w.org\/{rel}","templated":true}]}}