{"id":136308,"date":"2018-02-07T05:39:38","date_gmt":"2018-02-07T05:39:38","guid":{"rendered":"https:\/\/moto-oprema.com\/Artikel\/shift-whit3-label-gp-dres\/"},"modified":"2018-02-07T05:39:38","modified_gmt":"2018-02-07T05:39:38","slug":"shift-whit3-label-gp-dres","status":"publish","type":"product","link":"https:\/\/moto-oprema.com\/hr\/Artikel\/shift-whit3-label-gp-dres\/","title":{"rendered":"SHIFT WHIT3 LABEL GP DRES"},"content":{"rendered":"<p>Sastav sirovine: 100% poliester<\/p>\n","protected":false},"excerpt":{"rendered":"<p>Iznimno lagan i izdr\u017eljiv dres. Izra\u0111en od visokokvalitetnog materijala koji je ujedno i vrlo prozra\u010dan.<\/p>\n","protected":false},"featured_media":2615,"comment_status":"open","ping_status":"open","template":"","meta":{"_acf_changed":false},"brand":[2974],"gender":[],"product_brand":[],"product_cat":[2733],"product_tag":[],"class_list":{"0":"post-136308","1":"product","2":"type-product","3":"status-publish","4":"has-post-thumbnail","6":"brand-pomika","7":"product_cat-oprema-za-motokros","8":"pa_size-l-hr","9":"pa_size-xl-hr","11":"first","12":"instock","13":"taxable","14":"shipping-taxable","15":"purchasable","16":"product-type-variable"},"acf":[],"_links":{"self":[{"href":"https:\/\/moto-oprema.com\/hr\/wp-json\/wp\/v2\/product\/136308","targetHints":{"allow":["GET"]}}],"collection":[{"href":"https:\/\/moto-oprema.com\/hr\/wp-json\/wp\/v2\/product"}],"about":[{"href":"https:\/\/moto-oprema.com\/hr\/wp-json\/wp\/v2\/types\/product"}],"replies":[{"embeddable":true,"href":"https:\/\/moto-oprema.com\/hr\/wp-json\/wp\/v2\/comments?post=136308"}],"wp:featuredmedia":[{"embeddable":true,"href":"https:\/\/moto-oprema.com\/hr\/wp-json\/wp\/v2\/media\/2615"}],"wp:attachment":[{"href":"https:\/\/moto-oprema.com\/hr\/wp-json\/wp\/v2\/media?parent=136308"}],"wp:term":[{"taxonomy":"brand","embeddable":true,"href":"https:\/\/moto-oprema.com\/hr\/wp-json\/wp\/v2\/brand?post=136308"},{"taxonomy":"gender","embeddable":true,"href":"https:\/\/moto-oprema.com\/hr\/wp-json\/wp\/v2\/gender?post=136308"},{"taxonomy":"product_brand","embeddable":true,"href":"https:\/\/moto-oprema.com\/hr\/wp-json\/wp\/v2\/product_brand?post=136308"},{"taxonomy":"product_cat","embeddable":true,"href":"https:\/\/moto-oprema.com\/hr\/wp-json\/wp\/v2\/product_cat?post=136308"},{"taxonomy":"product_tag","embeddable":true,"href":"https:\/\/moto-oprema.com\/hr\/wp-json\/wp\/v2\/product_tag?post=136308"}],"curies":[{"name":"wp","href":"https:\/\/api.w.org\/{rel}","templated":true}]}}