{"id":136301,"date":"2017-03-15T13:54:55","date_gmt":"2017-03-15T13:54:55","guid":{"rendered":"https:\/\/moto-oprema.com\/Artikel\/alpinestars-a-4-bns\/"},"modified":"2017-03-15T13:54:55","modified_gmt":"2017-03-15T13:54:55","slug":"alpinestars-a-4-bns","status":"publish","type":"product","link":"https:\/\/moto-oprema.com\/hr\/Artikel\/alpinestars-a-4-bns\/","title":{"rendered":"ALPINESTARS A-4 BNS"},"content":{"rendered":"<p>Prednja i stra\u017enja tvrda \u0161koljka izra\u0111ena od mje\u0161avine poli materijala. Mje\u0161avina je optimizirana za fleksibilnost i lako\u0107u.   <br \/>Za\u0161titnici imaju sljede\u0107e certifikate:<\/p>\n<ul>\n<li>Prednja \u0161koljka certificirana prema EN 14021 (za\u0161tita od kamenja)  <\/li>\n<li>Za\u0161titnik za le\u0111a certificiran prema normi EN 1621_2: 2014 razina 1.<\/li>\n<\/ul>\n<p>Zna\u010dajke:<\/p>\n<ul>\n<li>\u0160koljke su perforirane za maksimalnu prozra\u010dnost i ventilaciju, savr\u0161ene za vo\u017enje po vru\u0107oj i pra\u0161njavoj stazi.<\/li>\n<li>Podesivi elasti\u010dni remen za bubrege uklju\u010duje termoformirane perforirane za\u0161titne plo\u010de rebara za visoku razinu za\u0161tite bez ugro\u017eavanja kretanja.  <\/li>\n<li>Sustav zatvaranja bubrega ima novodizajnirane, brze i jednostavne kop\u010de za kori\u0161tenje. Novo zatvaranje \u0161titnikom zna\u010di da jedna veli\u010dina odgovara \u0161irokom rasponu tipova tijela voza\u010da.   <\/li>\n<li>Mekana podstava od bio-pjene za optimiziranu razinu udobnosti i prianjanje uz tijelo.<\/li>\n<li>Modularni dizajn zna\u010di da je A-4 optimiziran za upotrebu s BNS ortozama za vrat:<\/li>\n<li>Uklonjivi gornji podstavljeni panel na le\u0111ima za kompatibilnost s BNS potporom za vrat.<\/li>\n<li>Mekani BNS izvlaka\u010d za jednostavno i sigurno u\u010dvr\u0161\u0107ivanje BNS-a.<\/li>\n<li>Uklonjivi i podesivi jastu\u010di\u0107i za ramena za regulaciju veli\u010dine s integriranim BNS povla\u010di\u010dem.<\/li>\n<li>Dodatni termoformirani EVA nastavak za rep za pro\u0161ireno pokrivanje podru\u010dja trtice.<\/li>\n<\/ul>\n<p>Sastav sirovine: Poly-tkanina, EVA<\/p><\/p>\n","protected":false},"excerpt":{"rendered":"<p>Prednja i stra\u017enja tvrda \u0161koljka izra\u0111ena od mje\u0161avine poli materijala. Mje\u0161avina je optimizirana za fleksibilnost i&#8230;<\/p>\n","protected":false},"featured_media":2397,"comment_status":"open","ping_status":"open","template":"","meta":{"_acf_changed":false},"brand":[2748],"gender":[],"product_brand":[],"product_cat":[2733],"product_tag":[],"class_list":{"0":"post-136301","1":"product","2":"type-product","3":"status-publish","4":"has-post-thumbnail","6":"brand-alpinestars-hr","7":"product_cat-oprema-za-motokros","8":"pa_size-strojno-ucenje","9":"pa_size-xl-xxl-hr","10":"pa_size-xs-s-hr","12":"first","13":"instock","14":"taxable","15":"shipping-taxable","16":"purchasable","17":"product-type-variable"},"acf":[],"_links":{"self":[{"href":"https:\/\/moto-oprema.com\/hr\/wp-json\/wp\/v2\/product\/136301","targetHints":{"allow":["GET"]}}],"collection":[{"href":"https:\/\/moto-oprema.com\/hr\/wp-json\/wp\/v2\/product"}],"about":[{"href":"https:\/\/moto-oprema.com\/hr\/wp-json\/wp\/v2\/types\/product"}],"replies":[{"embeddable":true,"href":"https:\/\/moto-oprema.com\/hr\/wp-json\/wp\/v2\/comments?post=136301"}],"wp:featuredmedia":[{"embeddable":true,"href":"https:\/\/moto-oprema.com\/hr\/wp-json\/wp\/v2\/media\/2397"}],"wp:attachment":[{"href":"https:\/\/moto-oprema.com\/hr\/wp-json\/wp\/v2\/media?parent=136301"}],"wp:term":[{"taxonomy":"brand","embeddable":true,"href":"https:\/\/moto-oprema.com\/hr\/wp-json\/wp\/v2\/brand?post=136301"},{"taxonomy":"gender","embeddable":true,"href":"https:\/\/moto-oprema.com\/hr\/wp-json\/wp\/v2\/gender?post=136301"},{"taxonomy":"product_brand","embeddable":true,"href":"https:\/\/moto-oprema.com\/hr\/wp-json\/wp\/v2\/product_brand?post=136301"},{"taxonomy":"product_cat","embeddable":true,"href":"https:\/\/moto-oprema.com\/hr\/wp-json\/wp\/v2\/product_cat?post=136301"},{"taxonomy":"product_tag","embeddable":true,"href":"https:\/\/moto-oprema.com\/hr\/wp-json\/wp\/v2\/product_tag?post=136301"}],"curies":[{"name":"wp","href":"https:\/\/api.w.org\/{rel}","templated":true}]}}