{"id":136288,"date":"2018-02-21T04:01:26","date_gmt":"2018-02-21T04:01:26","guid":{"rendered":"https:\/\/moto-oprema.com\/Artikel\/dainse-carve-master-2-gore-tex-zenska-crna-mraz-siva-crvena\/"},"modified":"2018-02-21T04:01:26","modified_gmt":"2018-02-21T04:01:26","slug":"dainse-carve-master-2-gore-tex-zenska-crna-mraz-siva-crvena","status":"publish","type":"product","link":"https:\/\/moto-oprema.com\/hr\/Artikel\/dainse-carve-master-2-gore-tex-zenska-crna-mraz-siva-crvena\/","title":{"rendered":"DAINSE CARVE MASTER 2 GORE-TEX \u017dENSKA CRNA MRAZ SIVA CRVENA"},"content":{"rendered":"<p>Vrlo svestrana i funkcionalna jakna razvijena za sportsko-touring vo\u017enju. Kroj je posebno dizajniran za \u017eene. Izra\u0111ena od Mugello tkanine. Jakna se mo\u017ee koristiti u svim vremenskim uvjetima zahvaljuju\u0107i Gore-Tex membrani koja je istovremeno prozra\u010dna i vodootporna. Unutarnja termo podstava je uklonjiva, a istovremeno su predvi\u0111eni otvori za ventilaciju tako da se mo\u017ee koristiti i u toplijim danima. Na laktovima i ramenima nalaze se kompozitni \u0161titnici. Na ramenima su dodatni poliuretanski umeci. Brojni d\u017eepovi pru\u017eaju vam puno prostora za pohranu stvari. Za jo\u0161 ve\u0107u sigurnost u lo\u0161im vremenskim uvjetima i mraku, predvi\u0111eni su reflektori. U kombinaciji s Dainse Carve Master 2 Gore-Tex hla\u010dama dobivate zavidan touring set.         <\/p>\n<\/p>\n<p>Zna\u010dajke:<\/p>\n<div class=\"description\">\n<p><strong>\u0160ok performansi<\/strong><\/p>\n<ul>\n<li>Uklonjivi kompozitni \u0161titnici certificirani prema standardu EN 1621.1<\/li>\n<\/ul>\n<p><strong>Glavni materijali performansi<\/strong><\/p>\n<ul>\n<li>Tkanina Mugello<\/li>\n<li>Termoformirano rame<\/li>\n<li>Umetci od kravlje ko\u017ee<\/li>\n<\/ul>\n<p><strong>Udobnost Ergonomija<\/strong><\/p>\n<ul>\n<li>Elasti\u010dna tkanina<\/li>\n<li>Pode\u0161avanje ru\u010dnog zgloba<\/li>\n<li>Pode\u0161avanje rukava protiv plutanja<\/li>\n<li>Pode\u0161avanje struka<\/li>\n<li>Donji dio jakne podesiv vezicom<\/li>\n<li>Sustav za pri\u010dvr\u0161\u0107ivanje jakne i hla\u010da<\/li>\n<\/ul>\n<p><strong>Udobna temperatura<\/strong><\/p>\n<ul>\n<li>Prozra\u010dna vodootporna GORE-TEX\u00ae membrana<\/li>\n<li>Vanjska tkanina s vodootpornom obradom<\/li>\n<li>Prednji i stra\u017enji otvori za zrak<\/li>\n<li>Uklonjiva termo podloga<\/li>\n<li>Prednji Idraflap zatvara\u010d<\/li>\n<\/ul>\n<p><strong>Ostalo Op\u0107enito<\/strong><\/p>\n<ul>\n<li>D\u017eep za \u0161titnike za le\u0111a G1 i G2<\/li>\n<li>Reflektiraju\u0107i umetci<\/li>\n<li>4 vanjska d\u017eepa<\/li>\n<li>2 vodootporna vanjska d\u017eepa<\/li>\n<li>Vodootporni d\u017eep na traci<\/li>\n<li>D\u017eep na uklonjivoj podlozi<\/li>\n<\/ul>\n<p>Sastav sirovine:<\/p>\n<ul>\n<li>Vanjski dio: 91% Najlon, 5% Elastan, 4% Poliuretan<\/li>\n<li>Ulo\u0161ci: Gove\u0111a ko\u017ea<\/li>\n<li>Unutarnja podstava: 100% najlon<\/li>\n<li>Membrana: 100% poliester<\/li>\n<\/ul>\n<\/div>\n","protected":false},"excerpt":{"rendered":"<p>Dainese Carve Master 2 Gore-Tex jakna.<\/p>\n","protected":false},"featured_media":2849,"comment_status":"open","ping_status":"open","template":"","meta":{"_acf_changed":false},"brand":[2800],"gender":[1314],"product_brand":[],"product_cat":[2759,1356],"product_tag":[],"class_list":{"0":"post-136288","1":"product","2":"type-product","3":"status-publish","4":"has-post-thumbnail","6":"brand-dainese-hr","7":"gender-zenska","8":"product_cat-jakne-hr","9":"product_cat-motociklisticka-oprema","10":"pa_size-40-hr","11":"pa_size-42-hr","12":"pa_size-44-hr","13":"pa_size-46-hr","14":"pa_size-48-hr","15":"pa_size-50-hr","16":"pa_size-52-hr","18":"first","19":"instock","20":"sale","21":"taxable","22":"shipping-taxable","23":"purchasable","24":"product-type-variable"},"acf":[],"_links":{"self":[{"href":"https:\/\/moto-oprema.com\/hr\/wp-json\/wp\/v2\/product\/136288","targetHints":{"allow":["GET"]}}],"collection":[{"href":"https:\/\/moto-oprema.com\/hr\/wp-json\/wp\/v2\/product"}],"about":[{"href":"https:\/\/moto-oprema.com\/hr\/wp-json\/wp\/v2\/types\/product"}],"replies":[{"embeddable":true,"href":"https:\/\/moto-oprema.com\/hr\/wp-json\/wp\/v2\/comments?post=136288"}],"wp:featuredmedia":[{"embeddable":true,"href":"https:\/\/moto-oprema.com\/hr\/wp-json\/wp\/v2\/media\/2849"}],"wp:attachment":[{"href":"https:\/\/moto-oprema.com\/hr\/wp-json\/wp\/v2\/media?parent=136288"}],"wp:term":[{"taxonomy":"brand","embeddable":true,"href":"https:\/\/moto-oprema.com\/hr\/wp-json\/wp\/v2\/brand?post=136288"},{"taxonomy":"gender","embeddable":true,"href":"https:\/\/moto-oprema.com\/hr\/wp-json\/wp\/v2\/gender?post=136288"},{"taxonomy":"product_brand","embeddable":true,"href":"https:\/\/moto-oprema.com\/hr\/wp-json\/wp\/v2\/product_brand?post=136288"},{"taxonomy":"product_cat","embeddable":true,"href":"https:\/\/moto-oprema.com\/hr\/wp-json\/wp\/v2\/product_cat?post=136288"},{"taxonomy":"product_tag","embeddable":true,"href":"https:\/\/moto-oprema.com\/hr\/wp-json\/wp\/v2\/product_tag?post=136288"}],"curies":[{"name":"wp","href":"https:\/\/api.w.org\/{rel}","templated":true}]}}