{"id":136263,"date":"2018-02-27T06:58:09","date_gmt":"2018-02-27T06:58:09","guid":{"rendered":"https:\/\/moto-oprema.com\/Artikel\/dainese-delta-3-crna-fluo-crvena\/"},"modified":"2018-02-27T06:58:09","modified_gmt":"2018-02-27T06:58:09","slug":"dainese-delta-3-crna-fluo-crvena","status":"publish","type":"product","link":"https:\/\/moto-oprema.com\/hr\/Artikel\/dainese-delta-3-crna-fluo-crvena\/","title":{"rendered":"DAINESE DELTA 3 CRNA FLUO CRVENA"},"content":{"rendered":"<p>Hla\u010de Dainese Delta 3 su udobne sportske hla\u010de izra\u0111ene od kravlje ko\u017ee i S1 bielasti\u010dnog materijala. Na koljenima se nalaze kompozitni \u0161titnici za potkoljenice i kliza\u010di koji se mogu zamijeniti. Na bokovima \u0107ete prona\u0107i mekane \u0161titnike. Nude visoku razinu za\u0161tite i udobnosti.   <\/p>\n<p>Zna\u010dajke:<\/p>\n<ul>\n<li>Tutu ko\u017ea<\/li>\n<li>S1 bielasti\u010dna tkanina<\/li>\n<li>Kompozitni \u0161titnici za koljena<\/li>\n<li>Mekani za\u0161titnici na bokovima<\/li>\n<li>Umetci od rastezljive tkanine<\/li>\n<li>Podesivi remen<\/li>\n<li>Patentni zatvara\u010d za pri\u010dvr\u0161\u0107ivanje jakni<\/li>\n<li>Sustav vezanja \u010dizama<\/li>\n<li>Dvostruki patentni zatvara\u010d na donjem dijelu nogavica<\/li>\n<li>Unutarnja podstava NanoFeel tretirana ionima srebra<\/li>\n<li>Uklonjivi kliza\u010di<\/li>\n<li>Reflektori za ve\u0107u sigurnost no\u0107u i u lo\u0161em vremenu<\/li>\n<\/ul>\n<p>Sastav sirovine: Tutu ko\u017ea, S1 bielasti\u010dna tkanina<\/p>\n","protected":false},"excerpt":{"rendered":"<p>Dainese Delta 3 ko\u017ene hla\u010de.<\/p>\n","protected":false},"featured_media":136264,"comment_status":"open","ping_status":"closed","template":"","meta":{"_acf_changed":false},"brand":[2800],"gender":[],"product_brand":[],"product_cat":[2832,1356],"product_tag":[],"class_list":{"0":"post-136263","1":"product","2":"type-product","3":"status-publish","4":"has-post-thumbnail","6":"brand-dainese-hr","7":"product_cat-hlace-hr","8":"product_cat-motociklisticka-oprema","9":"pa_size-48-hr","10":"pa_size-50-hr","11":"pa_size-52-hr","12":"pa_size-54-hr","13":"pa_size-56-hr","14":"pa_size-58-hr","15":"pa_size-60-hr","16":"pa_size-62-hr","18":"first","19":"instock","20":"sale","21":"taxable","22":"shipping-taxable","23":"purchasable","24":"product-type-variable"},"acf":[],"_links":{"self":[{"href":"https:\/\/moto-oprema.com\/hr\/wp-json\/wp\/v2\/product\/136263","targetHints":{"allow":["GET"]}}],"collection":[{"href":"https:\/\/moto-oprema.com\/hr\/wp-json\/wp\/v2\/product"}],"about":[{"href":"https:\/\/moto-oprema.com\/hr\/wp-json\/wp\/v2\/types\/product"}],"replies":[{"embeddable":true,"href":"https:\/\/moto-oprema.com\/hr\/wp-json\/wp\/v2\/comments?post=136263"}],"wp:featuredmedia":[{"embeddable":true,"href":"https:\/\/moto-oprema.com\/hr\/wp-json\/wp\/v2\/media\/136264"}],"wp:attachment":[{"href":"https:\/\/moto-oprema.com\/hr\/wp-json\/wp\/v2\/media?parent=136263"}],"wp:term":[{"taxonomy":"brand","embeddable":true,"href":"https:\/\/moto-oprema.com\/hr\/wp-json\/wp\/v2\/brand?post=136263"},{"taxonomy":"gender","embeddable":true,"href":"https:\/\/moto-oprema.com\/hr\/wp-json\/wp\/v2\/gender?post=136263"},{"taxonomy":"product_brand","embeddable":true,"href":"https:\/\/moto-oprema.com\/hr\/wp-json\/wp\/v2\/product_brand?post=136263"},{"taxonomy":"product_cat","embeddable":true,"href":"https:\/\/moto-oprema.com\/hr\/wp-json\/wp\/v2\/product_cat?post=136263"},{"taxonomy":"product_tag","embeddable":true,"href":"https:\/\/moto-oprema.com\/hr\/wp-json\/wp\/v2\/product_tag?post=136263"}],"curies":[{"name":"wp","href":"https:\/\/api.w.org\/{rel}","templated":true}]}}