{"id":136231,"date":"2018-03-13T07:20:33","date_gmt":"2018-03-13T07:20:33","guid":{"rendered":"https:\/\/moto-oprema.com\/Artikel\/dainese-carve-master-2-gore-tex-zenske-crna\/"},"modified":"2018-03-13T07:20:33","modified_gmt":"2018-03-13T07:20:33","slug":"dainese-carve-master-2-gore-tex-zenske-crna","status":"publish","type":"product","link":"https:\/\/moto-oprema.com\/hr\/Artikel\/dainese-carve-master-2-gore-tex-zenske-crna\/","title":{"rendered":"DAINESE CARVE MASTER 2 GORE-TEX \u017dENSKE CRNA"},"content":{"rendered":"<p>Hla\u010de Carve Master 2 izuzetno su svestrane. Dizajnirane su za sportsko-turisti\u010dku vo\u017enju i posebno su prilago\u0111ene \u017eenama. Izra\u0111ene od Mugello tkanine i Gore-Tex membrane, savr\u0161eno se prilago\u0111avaju svim vremenskim uvjetima. Za jo\u0161 ve\u0107u udobnost i lak\u0161u regulaciju temperature, predvi\u0111ene su uklonjiva termo podstava i otvori za ventilaciju. Tu su certificirani kompozitni \u0161titnici na koljenima i mekani \u0161titnici na bokovima.    <\/p>\n<\/p>\n<p>Zna\u010dajke:<\/p>\n<ul>\n<li>Tkanina Mugello<\/li>\n<li>3D-kameni umetci za koljena<\/li>\n<li>Uklonjivi kompozitni \u0161titnici za koljena<\/li>\n<li>Mekani Pro-Shape \u0161titnici za bokove<\/li>\n<li>Podesivi remen<\/li>\n<li>Zatvara\u010d na donjem dijelu nogavica<\/li>\n<li>Patentni zatvara\u010d za pri\u010dvr\u0161\u0107ivanje jakni<\/li>\n<li>Jastu\u010di\u0107i za koljena podesivi po visini<\/li>\n<li>Gore-Tex membrana<\/li>\n<li>Otvori za ventilaciju s patentnim zatvara\u010dem<\/li>\n<li>Uklonjiva termo podstava<\/li>\n<li>Vanjski dio tretiran protiv vode<\/li>\n<li>Reflektori za pobolj\u0161anu vidljivost no\u0107u i u lo\u0161em vremenu<\/li>\n<\/ul>\n<p>Sastav sirovine: 100% najlon<\/p>\n","protected":false},"excerpt":{"rendered":"<p>\u017denske gore-tex hla\u010de Dainese Carve Master 2.<\/p>\n","protected":false},"featured_media":176734,"comment_status":"open","ping_status":"open","template":"","meta":{"_acf_changed":false},"brand":[2800],"gender":[1314],"product_brand":[],"product_cat":[2832,1356],"product_tag":[],"class_list":{"0":"post-136231","1":"product","2":"type-product","3":"status-publish","4":"has-post-thumbnail","6":"brand-dainese-hr","7":"gender-zenska","8":"product_cat-hlace-hr","9":"product_cat-motociklisticka-oprema","10":"pa_velikost-st-40-hr","11":"pa_velikost-st-50-hr","13":"first","14":"instock","15":"sale","16":"taxable","17":"shipping-taxable","18":"purchasable","19":"product-type-variable"},"acf":[],"_links":{"self":[{"href":"https:\/\/moto-oprema.com\/hr\/wp-json\/wp\/v2\/product\/136231","targetHints":{"allow":["GET"]}}],"collection":[{"href":"https:\/\/moto-oprema.com\/hr\/wp-json\/wp\/v2\/product"}],"about":[{"href":"https:\/\/moto-oprema.com\/hr\/wp-json\/wp\/v2\/types\/product"}],"replies":[{"embeddable":true,"href":"https:\/\/moto-oprema.com\/hr\/wp-json\/wp\/v2\/comments?post=136231"}],"wp:featuredmedia":[{"embeddable":true,"href":"https:\/\/moto-oprema.com\/hr\/wp-json\/wp\/v2\/media\/176734"}],"wp:attachment":[{"href":"https:\/\/moto-oprema.com\/hr\/wp-json\/wp\/v2\/media?parent=136231"}],"wp:term":[{"taxonomy":"brand","embeddable":true,"href":"https:\/\/moto-oprema.com\/hr\/wp-json\/wp\/v2\/brand?post=136231"},{"taxonomy":"gender","embeddable":true,"href":"https:\/\/moto-oprema.com\/hr\/wp-json\/wp\/v2\/gender?post=136231"},{"taxonomy":"product_brand","embeddable":true,"href":"https:\/\/moto-oprema.com\/hr\/wp-json\/wp\/v2\/product_brand?post=136231"},{"taxonomy":"product_cat","embeddable":true,"href":"https:\/\/moto-oprema.com\/hr\/wp-json\/wp\/v2\/product_cat?post=136231"},{"taxonomy":"product_tag","embeddable":true,"href":"https:\/\/moto-oprema.com\/hr\/wp-json\/wp\/v2\/product_tag?post=136231"}],"curies":[{"name":"wp","href":"https:\/\/api.w.org\/{rel}","templated":true}]}}