{"id":136195,"date":"2024-04-25T09:29:21","date_gmt":"2024-04-25T09:29:21","guid":{"rendered":"https:\/\/moto-oprema.com\/Artikel\/spidi-str-6-rukavice-crno-bijelo-crveno\/"},"modified":"2024-04-25T09:29:21","modified_gmt":"2024-04-25T09:29:21","slug":"spidi-str-6-rukavice-crno-bijelo-crveno","status":"publish","type":"product","link":"https:\/\/moto-oprema.com\/hr\/Artikel\/spidi-str-6-rukavice-crno-bijelo-crveno\/","title":{"rendered":"SPIDI STR-6 RUKAVICE CRNO BIJELO CRVENO"},"content":{"rendered":"<p>Rukavice Spidi STR-6 predstavljaju optimalnu ravnote\u017eu izme\u0111u natjecateljski orijentiranih performansi i udobnosti vo\u017enje. Zglobovi od karbonskih vlakana s unutarnjim oja\u010danjem dvostruke gusto\u0107e pru\u017eaju visoku razinu apsorpcije udaraca i otpornosti na habanje, dok su vi\u0161eslojni ko\u017eni umeci na dlanu i nadlanici postavljeni na klju\u010dnim podru\u010djima za\u0161tite. Dvostruko zatvaranje \u010di\u010dkom nudi voza\u010du \u0161irok raspon mogu\u0107nosti pode\u0161avanja.  <\/p>\n<p>Zna\u010dajke:<\/p>\n<ul>\n<li>Naslon za dlanove<\/li>\n<li>Jastu\u010di\u0107 na stra\u017enjoj strani dlana<\/li>\n<li>Jastu\u010di\u0107 na vanjskoj strani ruke<\/li>\n<li>podesiva man\u017eeta i kop\u010da za zglob<\/li>\n<li>Karbonski umetci<\/li>\n<li>vrlo izdr\u017eljiv velur mikrofibra<\/li>\n<li>Kozja ko\u017ea, debljine 0,6\/0,8 mm, visoki kroj<\/li>\n<\/ul>\n<p>Tehni\u010dki podaci:<\/p>\n<p>Te\u017eina: cca. 0,2 kg<br \/>\n Za\u0161titne rukavice za motocikle EN13594:2015 \u0160titnici za zglobove razine 1<br \/>\n Za\u0161titna odje\u0107a za motocikliste u skladu s Uredbom (EU) 2016\/454 <\/p>\n<p>Sastav sirovine: 100% ko\u017ea<\/p>\n","protected":false},"excerpt":{"rendered":"<p>Rukavice Spidi STR-6 predstavljaju optimalnu ravnote\u017eu izme\u0111u natjecateljski orijentiranih performansi i udobnosti vo\u017enje. Zglobovi od karbonskih&#8230;<\/p>\n","protected":false},"featured_media":28473,"comment_status":"open","ping_status":"open","template":"","meta":{"_acf_changed":false},"brand":[2732],"gender":[1313],"product_brand":[],"product_cat":[2835,1356,2816],"product_tag":[],"class_list":{"0":"post-136195","1":"product","2":"type-product","3":"status-publish","4":"has-post-thumbnail","6":"brand-spidi-hr","7":"gender-moski","8":"product_cat-kozne-rukavice","9":"product_cat-motociklisticka-oprema","10":"product_cat-rukavice","11":"pa_size-2xl-hr","12":"pa_size-3xl-hr","13":"pa_size-l-hr","14":"pa_size-m-hr","15":"pa_size-s-hr","16":"pa_size-xl-hr","18":"first","19":"instock","20":"sale","21":"taxable","22":"shipping-taxable","23":"purchasable","24":"product-type-variable"},"acf":[],"_links":{"self":[{"href":"https:\/\/moto-oprema.com\/hr\/wp-json\/wp\/v2\/product\/136195","targetHints":{"allow":["GET"]}}],"collection":[{"href":"https:\/\/moto-oprema.com\/hr\/wp-json\/wp\/v2\/product"}],"about":[{"href":"https:\/\/moto-oprema.com\/hr\/wp-json\/wp\/v2\/types\/product"}],"replies":[{"embeddable":true,"href":"https:\/\/moto-oprema.com\/hr\/wp-json\/wp\/v2\/comments?post=136195"}],"wp:featuredmedia":[{"embeddable":true,"href":"https:\/\/moto-oprema.com\/hr\/wp-json\/wp\/v2\/media\/28473"}],"wp:attachment":[{"href":"https:\/\/moto-oprema.com\/hr\/wp-json\/wp\/v2\/media?parent=136195"}],"wp:term":[{"taxonomy":"brand","embeddable":true,"href":"https:\/\/moto-oprema.com\/hr\/wp-json\/wp\/v2\/brand?post=136195"},{"taxonomy":"gender","embeddable":true,"href":"https:\/\/moto-oprema.com\/hr\/wp-json\/wp\/v2\/gender?post=136195"},{"taxonomy":"product_brand","embeddable":true,"href":"https:\/\/moto-oprema.com\/hr\/wp-json\/wp\/v2\/product_brand?post=136195"},{"taxonomy":"product_cat","embeddable":true,"href":"https:\/\/moto-oprema.com\/hr\/wp-json\/wp\/v2\/product_cat?post=136195"},{"taxonomy":"product_tag","embeddable":true,"href":"https:\/\/moto-oprema.com\/hr\/wp-json\/wp\/v2\/product_tag?post=136195"}],"curies":[{"name":"wp","href":"https:\/\/api.w.org\/{rel}","templated":true}]}}