{"id":136067,"date":"2024-06-13T10:17:00","date_gmt":"2024-06-13T10:17:00","guid":{"rendered":"https:\/\/moto-oprema.com\/Artikel\/hjc-rpha12-quartararo-replika\/"},"modified":"2024-06-13T10:17:00","modified_gmt":"2024-06-13T10:17:00","slug":"hjc-rpha12-quartararo-replika","status":"publish","type":"product","link":"https:\/\/moto-oprema.com\/hr\/Artikel\/hjc-rpha12-quartararo-replika\/","title":{"rendered":"HJC RPHA12 QUARTARARO REPLIKA"},"content":{"rendered":"<p>HJC RPHA12 &#8211; novi model popularne sportske kacige<\/p>\n<p>Premium integrirana matrica \/ PIM EVO.<br \/>\nVanjska \u0161koljka od karbonskih vlakana pru\u017ea lak\u0161u i udobniju \u0161koljku s boljom otporno\u0161\u0107u na udarce.<br \/>\nVIZIR HJ-42 s Pinlock Ready za\u0161titom: Pru\u017ea 99% UV za\u0161titu, premaz otporan na ogrebotine; \u010cegrtaljka s dvosmjernim klinom osigurava glatko kretanje \u010degrtaljke i bolji hvat.<br \/>\nAerodinami\u010dna struktura \u0161koljke za iznimne performanse pri najve\u0107im brzinama.<br \/>\nKomplet za hitne slu\u010dajeve (jastu\u010di\u0107i za obraze) za sigurno i brzo uklanjanje u hitnim situacijama.<br \/>\nVe\u0107i otvor za o\u010di omogu\u0107uje voza\u010du bolji periferni vid.<br \/>\nNapredna antibakterijska unutra\u0161njost osigurava pove\u0107anu prozra\u010dnost i brzo su\u0161enje.<br \/>\nUnutarnja \u0161koljka i jastu\u010di\u0107i za obraze su uklonjivi i perivi.<br \/>\nStandardno je opremljen 2D prozirnim i tamnim dimnim VIZIROM, Pinlockom,<br \/>\n Zavjesa za bradu i deflektor za disanje.<br \/>\n4 veli\u010dine \u0161koljke: XS, S, ML, XL-2XL.<\/p>\n<p>Karbonske dizajnerske to\u010dke<br \/>\n Ukrasna obloga usisnika zraka u boji gunmetal<br \/>\n Naljepnica s ugljikom<br \/>\n Ekskluzivni Din prsten izra\u0111en od zlatno eloksiranog aluminija.<\/p>\n","protected":false},"excerpt":{"rendered":"<p>HJC RPHA 12 kaciga za cijelo lice Boja: Crni karbon<\/p>\n","protected":false},"featured_media":136084,"comment_status":"open","ping_status":"closed","template":"","meta":{"_acf_changed":false},"brand":[2130],"gender":[],"product_brand":[],"product_cat":[1358,1356,1359],"product_tag":[],"class_list":{"0":"post-136067","1":"product","2":"type-product","3":"status-publish","4":"has-post-thumbnail","6":"brand-hjc-hr","7":"product_cat-kacige","8":"product_cat-motociklisticka-oprema","9":"product_cat-sastavni","10":"pa_size-l-hr","11":"pa_size-m-hr","12":"pa_size-s-hr","13":"pa_size-xl-hr","14":"pa_size-xs-hr","15":"pa_size-xxl-hr","16":"pa_size-xxs-hr","18":"first","19":"instock","20":"sale","21":"taxable","22":"shipping-taxable","23":"purchasable","24":"product-type-variable"},"acf":[],"_links":{"self":[{"href":"https:\/\/moto-oprema.com\/hr\/wp-json\/wp\/v2\/product\/136067","targetHints":{"allow":["GET"]}}],"collection":[{"href":"https:\/\/moto-oprema.com\/hr\/wp-json\/wp\/v2\/product"}],"about":[{"href":"https:\/\/moto-oprema.com\/hr\/wp-json\/wp\/v2\/types\/product"}],"replies":[{"embeddable":true,"href":"https:\/\/moto-oprema.com\/hr\/wp-json\/wp\/v2\/comments?post=136067"}],"wp:featuredmedia":[{"embeddable":true,"href":"https:\/\/moto-oprema.com\/hr\/wp-json\/wp\/v2\/media\/136084"}],"wp:attachment":[{"href":"https:\/\/moto-oprema.com\/hr\/wp-json\/wp\/v2\/media?parent=136067"}],"wp:term":[{"taxonomy":"brand","embeddable":true,"href":"https:\/\/moto-oprema.com\/hr\/wp-json\/wp\/v2\/brand?post=136067"},{"taxonomy":"gender","embeddable":true,"href":"https:\/\/moto-oprema.com\/hr\/wp-json\/wp\/v2\/gender?post=136067"},{"taxonomy":"product_brand","embeddable":true,"href":"https:\/\/moto-oprema.com\/hr\/wp-json\/wp\/v2\/product_brand?post=136067"},{"taxonomy":"product_cat","embeddable":true,"href":"https:\/\/moto-oprema.com\/hr\/wp-json\/wp\/v2\/product_cat?post=136067"},{"taxonomy":"product_tag","embeddable":true,"href":"https:\/\/moto-oprema.com\/hr\/wp-json\/wp\/v2\/product_tag?post=136067"}],"curies":[{"name":"wp","href":"https:\/\/api.w.org\/{rel}","templated":true}]}}