{"id":136066,"date":"2024-06-05T09:24:29","date_gmt":"2024-06-05T09:24:29","guid":{"rendered":"https:\/\/moto-oprema.com\/Artikel\/dainese-misano-3-d-air-perf-kozno-odijelo-crno-zuto\/"},"modified":"2024-06-05T09:24:29","modified_gmt":"2024-06-05T09:24:29","slug":"dainese-misano-3-d-air-perf-kozno-odijelo-crno-zuto","status":"publish","type":"product","link":"https:\/\/moto-oprema.com\/hr\/Artikel\/dainese-misano-3-d-air-perf-kozno-odijelo-crno-zuto\/","title":{"rendered":"DAINESE MISANO 3 D-AIR PERF KO\u017dNO ODIJELO CRNO-\u017dUTO"},"content":{"rendered":"<p>Misano 3 Perf. D-air\u00ae \u2013 izra\u0111eno od visokokvalitetne kravlje ko\u017ee punog zrna D-skin 2.0 \u2013 dizajnirano je za pru\u017eanje najvi\u0161ih razina performansi i sigurnosti na trka\u0107oj stazi. Maksimalnu u\u010dinkovitost osiguravaju tehnologije kori\u0161tene u odijelu, koje ga \u010dine izuzetno ergonomskim i laganim.  <\/p>\n<p>Inovativni elasti\u010dni Pent-Axial sustav na stra\u017enjoj strani predstavlja daljnji razvoj na\u0161eg Tri-Axial koncepta i omogu\u0107uje ve\u0107u slobodu kretanja i mobilnost u le\u017ee\u0107em polo\u017eaju, jer se ova tehnologija mo\u017ee pro\u0161iriti u pet smjerova i glatko se prilagoditi pokretima voza\u010da.<\/p>\n<p>Misano 3 Perf. D-air\u00ae opremljen je D-air\u00ae RACING SHIELD 3X sustavom s udobnim Racing Shield zra\u010dnim jastukom. Ima patentiranu tehnologiju mikrofilamenata i podr\u017eava do 3 aktivacije. Sustav pokriva podru\u010dje vrata, klju\u010dne kosti i ramena te se mo\u017ee napuniti neovisnom zamjenom generatora plina najnovije generacije.   <\/p>\n<p>Za maksimalnu ergonomiju i udobnost, odijelo ima Veloce Racing Neck sustav, koji smanjuje pritisak na vrat, a istovremeno pove\u0107ava slobodu kretanja, Pro-Armor \u0161titnike na ramenima i mekane umetke na bokovima. Man\u017eete su opremljene patentnim zatvara\u010dima sa samozaklju\u010davanjem, zamjenjuju\u0107i tradicionalni \u010di\u010dak. Osim toga, sustav Soft Edges Construction na vratu i man\u017eetama omogu\u0107uje prilagodbu svim oblicima i duljinama ruku te fantasti\u010dnu udobnost.<br \/>\n Sve man\u017eete su izra\u0111ene od mekane, otporne na habanje tkanine koja je udobna i izdr\u017eljiva.  <\/p>\n<p>Aluminijske plo\u010de na koljenima, ramenima i laktovima \u2013 kultni Dainese proizvod \u2013 dizajnirane su kako bi pomogle pri klizanju u slu\u010daju nesre\u0107e. Zahvaljuju\u0107i sustavu zamjenjivih kliza\u010da (RSS), mogu\u0107e je zamijeniti kliza\u010d na koljenima bez promjene polo\u017eaja jastu\u010di\u0107a pri\u010dvr\u0161\u0107enog na sjedalo odijela. Kliza\u010di na laktovima mogu se lako podesiti u dva unaprijed definirana polo\u017eaja, ovisno o va\u0161im \u017eeljama i postignutom kutu nagiba.  <\/p>\n<p>Sigurnost je kombinirana s toplinskom udobno\u0161\u0107u, koju osigurava perforirana tkanina s obje strane odijela i ve\u0107e ventilacijske povr\u0161ine na klju\u010dnim podru\u010djima.<\/p>\n<p>Unutarnji i vanjski sustav \u010dizama omogu\u0107uje no\u0161enje \u010dizama i ispod i preko odijela, \u0161tite\u0107i stopalo i gle\u017eanj. Hidratantna torba i nova uklonjiva i periva podstava upotpunjuju karakteristike ovog revolucionarnog motociklisti\u010dkog odijela. <\/p>\n<p><strong>ZNA\u010cAJKE<\/strong><\/p>\n<ul>\n<li>konstrukcija s jednim patentnim zatvara\u010dem na osovinama sa sustavom za umetanje \u010dizama<\/li>\n<li>D-Air\u00ae FRS generator plina<\/li>\n<li>D-air\u00ae Racing Shield zra\u010dni jastuk, 3 aktivacije<\/li>\n<li>Motociklisti\u010dka odje\u0107a s certifikatom EN 17092 AAA<\/li>\n<li>Zamjenjivi kliza\u010di za koljena RSS 4.0<\/li>\n<li>RSS 4.0 Izmjenjivi kliza\u010di za koljena<\/li>\n<li>Set vre\u0107ica za vodu<\/li>\n<\/ul>\n<p><strong>ERGONOMIJA<\/strong><\/p>\n<ul>\n<li>Aerodinami\u010dna trka\u0107a grba<\/li>\n<li>Elasti\u010dni pentax sustav na stra\u017enjoj strani<\/li>\n<li>Konstrukcija s mekim rubovima<\/li>\n<li>Veloce ogrlica za utrke<\/li>\n<li>GLAVNI MATERIJALI<br \/>\n D-skin 2.0 gove\u0111a ko\u017ea punog zrna<\/li>\n<\/ul>\n<p><strong>SIGURNOST<\/strong><\/p>\n<ul>\n<li>D-air\u00ae sustav zra\u010dnih jastuka<\/li>\n<li>Be\u0161avne aluminijske plo\u010de na koljenima<\/li>\n<li>Be\u0161avni aluminijski rameni paneli<\/li>\n<li>Mekani \u0161titnici za ramena certificirani prema EN 1621.1 Razina 1<\/li>\n<li>\n<\/li>\n<\/ul>\n<p>TEMPERATURA<br \/>\n Zra\u010dna mre\u017easta podstava<\/p>\n<ul>\n<li>D-AIR\u00ae PODRU\u010cJA POKRIVENOSTI Klju\u010dne kosti Ramena<\/li>\n<\/ul>\n<p>Sastav sirovine: D-Skin 2.0 ko\u017ea, S1, aluminij<\/p>\n","protected":false},"excerpt":{"rendered":"<p>Jednodijelno motociklisti\u010dko odijelo najnovije generacije izra\u0111eno od punozrnate kravlje ko\u017ee D-skin 2.0. Lagan i sna\u017ean, opremljen&#8230;<\/p>\n","protected":false},"featured_media":136081,"comment_status":"open","ping_status":"closed","template":"","meta":{"_acf_changed":false},"brand":[2800],"gender":[],"product_brand":[],"product_cat":[2879,1356],"product_tag":[],"class_list":{"0":"post-136066","1":"product","2":"type-product","3":"status-publish","4":"has-post-thumbnail","6":"brand-dainese-hr","7":"product_cat-jednodijelni-kombinezoni","8":"product_cat-motociklisticka-oprema","9":"pa_size-48-hr","10":"pa_size-50-hr","11":"pa_size-52-hr","12":"pa_size-54-hr","13":"pa_size-56-hr","14":"pa_size-58-hr","16":"first","17":"instock","18":"sale","19":"taxable","20":"shipping-taxable","21":"purchasable","22":"product-type-variable"},"acf":[],"_links":{"self":[{"href":"https:\/\/moto-oprema.com\/hr\/wp-json\/wp\/v2\/product\/136066","targetHints":{"allow":["GET"]}}],"collection":[{"href":"https:\/\/moto-oprema.com\/hr\/wp-json\/wp\/v2\/product"}],"about":[{"href":"https:\/\/moto-oprema.com\/hr\/wp-json\/wp\/v2\/types\/product"}],"replies":[{"embeddable":true,"href":"https:\/\/moto-oprema.com\/hr\/wp-json\/wp\/v2\/comments?post=136066"}],"wp:featuredmedia":[{"embeddable":true,"href":"https:\/\/moto-oprema.com\/hr\/wp-json\/wp\/v2\/media\/136081"}],"wp:attachment":[{"href":"https:\/\/moto-oprema.com\/hr\/wp-json\/wp\/v2\/media?parent=136066"}],"wp:term":[{"taxonomy":"brand","embeddable":true,"href":"https:\/\/moto-oprema.com\/hr\/wp-json\/wp\/v2\/brand?post=136066"},{"taxonomy":"gender","embeddable":true,"href":"https:\/\/moto-oprema.com\/hr\/wp-json\/wp\/v2\/gender?post=136066"},{"taxonomy":"product_brand","embeddable":true,"href":"https:\/\/moto-oprema.com\/hr\/wp-json\/wp\/v2\/product_brand?post=136066"},{"taxonomy":"product_cat","embeddable":true,"href":"https:\/\/moto-oprema.com\/hr\/wp-json\/wp\/v2\/product_cat?post=136066"},{"taxonomy":"product_tag","embeddable":true,"href":"https:\/\/moto-oprema.com\/hr\/wp-json\/wp\/v2\/product_tag?post=136066"}],"curies":[{"name":"wp","href":"https:\/\/api.w.org\/{rel}","templated":true}]}}