{"id":136048,"date":"2024-05-29T08:33:50","date_gmt":"2024-05-29T08:33:50","guid":{"rendered":"https:\/\/moto-oprema.com\/Artikel\/spidi-tour-net-muska-jakna-crna\/"},"modified":"2024-05-29T08:33:50","modified_gmt":"2024-05-29T08:33:50","slug":"spidi-tour-net-muska-jakna-crna","status":"publish","type":"product","link":"https:\/\/moto-oprema.com\/hr\/Artikel\/spidi-tour-net-muska-jakna-crna\/","title":{"rendered":"SPIDI TOUR NET MU\u0160KA JAKNA CRNA"},"content":{"rendered":"<p>Kada je rije\u010d o putovanju motociklom u toplijim klimama, morate ostati prozra\u010deni i rehidrirani na svojim avanturama; to je bila namjera koju smo imali na umu prilikom dizajniranja lagane Tour Net jakne, jakne srednje duljine koja voza\u010dima pru\u017ea maksimalnu ventilaciju i avanturisti\u010dki izgled. Zna\u010dajnu ventilaciju zapravo osiguravaju mre\u017easti paneli na prsima, rukama i le\u0111ima, koji omogu\u0107uju izravan protok zraka kako bi voza\u010d bio hladan bez ugro\u017eavanja sigurnosti. <\/p>\n<p>Jakna je izra\u0111ena od visoko\u010dvrstog poliestera u kombinaciji s Ripstop najlonom, \u0161to pru\u017ea dobru otpornost na habanje i posjekotine: Tour Net jakna ima CE certifikat prema EN 17092-4:2020 klasi A i opremljena je uklonjivim Warrior Lite \u0161titnicima razine 2 na ramenima i laktovima, CE certifikatom prema EN 1621-1:2012. Dostupan je d\u017eep za dodatnu za\u0161titu le\u0111a Warrior Serie (prodaje se zasebno).  <\/p>\n<p>3M\u00ae Scotchlite\u00ae reflektori postavljeni su na prednjoj, stra\u017enjoj strani i rukavima za izvrsnu vidljivost no\u0107u. Ergonomski sustav protiv preklapanja na rukavima i sustav spajanja jakne i hla\u010da Clip Stop smje\u0161ten na donjem dijelu jakne osiguravaju veliku udobnost vo\u017enje. <\/p>\n<p>Dva vanjska i jedan unutarnji d\u017eep pru\u017eaju dovoljno prostora za pohranu svih va\u0161ih potrep\u0161tina.<\/p>\n<p>&nbsp;<\/p>\n<p>Sastav sirovine: 100% poliester<\/p>\n","protected":false},"excerpt":{"rendered":"<p>Kada je rije\u010d o putovanju motociklom u toplijim klimama, morate ostati prozra\u010deni i rehidrirani na svojim&#8230;<\/p>\n","protected":false},"featured_media":29214,"comment_status":"open","ping_status":"open","template":"","meta":{"_acf_changed":false},"brand":[2732],"gender":[1313],"product_brand":[],"product_cat":[2759,1356,2761],"product_tag":[],"class_list":{"0":"post-136048","1":"product","2":"type-product","3":"status-publish","4":"has-post-thumbnail","6":"brand-spidi-hr","7":"gender-moski","8":"product_cat-jakne-hr","9":"product_cat-motociklisticka-oprema","10":"product_cat-tekstilne-jakne-hr","11":"pa_size-l-hr","12":"pa_size-m-hr","13":"pa_size-s-hr","14":"pa_size-xl-hr","15":"pa_size-xxl-hr","16":"pa_size-xxxl-hr","18":"first","19":"instock","20":"sale","21":"taxable","22":"shipping-taxable","23":"purchasable","24":"product-type-variable"},"acf":[],"_links":{"self":[{"href":"https:\/\/moto-oprema.com\/hr\/wp-json\/wp\/v2\/product\/136048","targetHints":{"allow":["GET"]}}],"collection":[{"href":"https:\/\/moto-oprema.com\/hr\/wp-json\/wp\/v2\/product"}],"about":[{"href":"https:\/\/moto-oprema.com\/hr\/wp-json\/wp\/v2\/types\/product"}],"replies":[{"embeddable":true,"href":"https:\/\/moto-oprema.com\/hr\/wp-json\/wp\/v2\/comments?post=136048"}],"wp:featuredmedia":[{"embeddable":true,"href":"https:\/\/moto-oprema.com\/hr\/wp-json\/wp\/v2\/media\/29214"}],"wp:attachment":[{"href":"https:\/\/moto-oprema.com\/hr\/wp-json\/wp\/v2\/media?parent=136048"}],"wp:term":[{"taxonomy":"brand","embeddable":true,"href":"https:\/\/moto-oprema.com\/hr\/wp-json\/wp\/v2\/brand?post=136048"},{"taxonomy":"gender","embeddable":true,"href":"https:\/\/moto-oprema.com\/hr\/wp-json\/wp\/v2\/gender?post=136048"},{"taxonomy":"product_brand","embeddable":true,"href":"https:\/\/moto-oprema.com\/hr\/wp-json\/wp\/v2\/product_brand?post=136048"},{"taxonomy":"product_cat","embeddable":true,"href":"https:\/\/moto-oprema.com\/hr\/wp-json\/wp\/v2\/product_cat?post=136048"},{"taxonomy":"product_tag","embeddable":true,"href":"https:\/\/moto-oprema.com\/hr\/wp-json\/wp\/v2\/product_tag?post=136048"}],"curies":[{"name":"wp","href":"https:\/\/api.w.org\/{rel}","templated":true}]}}