{"id":135991,"date":"2024-05-29T07:14:16","date_gmt":"2024-05-29T07:14:16","guid":{"rendered":"https:\/\/moto-oprema.com\/Artikel\/dainese-drake-2-super-air-tex-muske-hlace\/"},"modified":"2024-05-29T07:14:16","modified_gmt":"2024-05-29T07:14:16","slug":"dainese-drake-2-super-air-tex-muske-hlace","status":"publish","type":"product","link":"https:\/\/moto-oprema.com\/hr\/Artikel\/dainese-drake-2-super-air-tex-muske-hlace\/","title":{"rendered":"DAINESE DRAKE 2 SUPER AIR TEX MU\u0160KE HLA\u010cE"},"content":{"rendered":"<p>Hla\u010de Drake 2 Super Air Tex su motociklisti\u010dke hla\u010de izra\u0111ene od mekog i laganog materijala, dizajnirane za putovanja motociklom sredinom ljeta, a njihova konstrukcija ima opse\u017enu mre\u017eastu povr\u0161inu koja osigurava maksimalnu ventilaciju \u010dak i u vru\u0107im danima.<\/p>\n<p>Ove su hla\u010de dizajnirane za pobolj\u0161anje ergonomije i slobode kretanja tijekom vo\u017enje, uz odr\u017eavanje visokih sigurnosnih standarda Dainesea: Imaju certifikat EN 17092 klase A, uklonjive kompozitne \u0161titnike i bo\u010dne d\u017eepove dizajnirane za smje\u0161taj Pro-Shape mekih \u0161titnika.<\/p>\n<p>Svojim funkcionalnim, prakti\u010dnim i tehni\u010dkim dizajnom, hla\u010de Drake 2 Super Air Tex savr\u0161ena su kombinacija s jaknom Air Frame 3, s kojom se mogu spojiti prakti\u010dnim patentnim zatvara\u010dem.<\/p>\n<p><span style=\"font-family: arial, helvetica, sans-serif;font-size: small\">Sastav sirovine: 100% poliester<\/span><\/p>\n<div id=\"tab-product-description\" class=\"ui-tabs-panel ui-widget-content ui-corner-bottom\">\n<div class=\"description\"><\/div>\n<\/div>\n","protected":false},"excerpt":{"rendered":"<p>Hla\u010de Drake 2 Super Air Tex su motociklisti\u010dke hla\u010de izra\u0111ene od mekog i laganog materijala, dizajnirane&#8230;<\/p>\n","protected":false},"featured_media":29190,"comment_status":"open","ping_status":"open","template":"","meta":{"_acf_changed":false},"brand":[2800],"gender":[],"product_brand":[],"product_cat":[2832,1356,2857],"product_tag":[],"class_list":{"0":"post-135991","1":"product","2":"type-product","3":"status-publish","4":"has-post-thumbnail","6":"brand-dainese-hr","7":"product_cat-hlace-hr","8":"product_cat-motociklisticka-oprema","9":"product_cat-tekstilne-hlace-hr","10":"pa_velikost-st-48-hr","11":"pa_velikost-st-50-hr","12":"pa_velikost-st-52-hr","13":"pa_velikost-st-54-hr","14":"pa_velikost-st-56-hr","15":"pa_velikost-st-58-hr","16":"pa_velikost-st-60-hr","17":"pa_velikost-st-62-hr","18":"pa_velikost-st-64-hr","20":"first","21":"instock","22":"sale","23":"taxable","24":"shipping-taxable","25":"purchasable","26":"product-type-variable"},"acf":[],"_links":{"self":[{"href":"https:\/\/moto-oprema.com\/hr\/wp-json\/wp\/v2\/product\/135991","targetHints":{"allow":["GET"]}}],"collection":[{"href":"https:\/\/moto-oprema.com\/hr\/wp-json\/wp\/v2\/product"}],"about":[{"href":"https:\/\/moto-oprema.com\/hr\/wp-json\/wp\/v2\/types\/product"}],"replies":[{"embeddable":true,"href":"https:\/\/moto-oprema.com\/hr\/wp-json\/wp\/v2\/comments?post=135991"}],"wp:featuredmedia":[{"embeddable":true,"href":"https:\/\/moto-oprema.com\/hr\/wp-json\/wp\/v2\/media\/29190"}],"wp:attachment":[{"href":"https:\/\/moto-oprema.com\/hr\/wp-json\/wp\/v2\/media?parent=135991"}],"wp:term":[{"taxonomy":"brand","embeddable":true,"href":"https:\/\/moto-oprema.com\/hr\/wp-json\/wp\/v2\/brand?post=135991"},{"taxonomy":"gender","embeddable":true,"href":"https:\/\/moto-oprema.com\/hr\/wp-json\/wp\/v2\/gender?post=135991"},{"taxonomy":"product_brand","embeddable":true,"href":"https:\/\/moto-oprema.com\/hr\/wp-json\/wp\/v2\/product_brand?post=135991"},{"taxonomy":"product_cat","embeddable":true,"href":"https:\/\/moto-oprema.com\/hr\/wp-json\/wp\/v2\/product_cat?post=135991"},{"taxonomy":"product_tag","embeddable":true,"href":"https:\/\/moto-oprema.com\/hr\/wp-json\/wp\/v2\/product_tag?post=135991"}],"curies":[{"name":"wp","href":"https:\/\/api.w.org\/{rel}","templated":true}]}}