{"id":135877,"date":"2024-05-17T08:54:00","date_gmt":"2024-05-17T08:54:00","guid":{"rendered":"https:\/\/moto-oprema.com\/Artikel\/spidi-hlace-j-tracker-zenske-plave-tamno-rabljene\/"},"modified":"2024-05-17T08:54:00","modified_gmt":"2024-05-17T08:54:00","slug":"spidi-hlace-j-tracker-zenske-plave-tamno-rabljene","status":"publish","type":"product","link":"https:\/\/moto-oprema.com\/hr\/Artikel\/spidi-hlace-j-tracker-zenske-plave-tamno-rabljene\/","title":{"rendered":"SPIDI HLA\u010cE J-TRACKER \u017dENSKE PLAVE TAMNO RABLJENE"},"content":{"rendered":"<div id=\"tw-source-text-container\" class=\"tw-ta-container tw-nfl\">\n<div id=\"tw-target\">\n<div id=\"kAz1tf\" class=\"g9WsWb\">\n<div id=\"tw-target-text-container\" class=\"tw-ta-container tw-nfl\">\n<div class=\"tw-ta-container tw-nfl\">\n<p>Spidi J-Tracker \u017eenske motociklisti\u010dke traperice<\/p>\n<p>J-Tracker su referentne motociklisti\u010dke traperice, izra\u0111ene od mje\u0161avine Cordure\u00ae i trapera. Razvijene u Spidijevom sigurnosnom laboratoriju, J-Tracker kombinira prakti\u010dnost i sigurnost. \u0160titnici za koljena su naravno uklju\u010deni. Zahvaljuju\u0107i visoko otpornoj mije\u0161anoj tkanini, model J-Tracker zadovoljava za\u0161titnu klasu A prema standardu prEN 17092:2017.   <\/p>\n<p>Zna\u010dajke:<\/p>\n<p>Kroj: uski kroj<br \/>\n Podesivi polo\u017eaj \u0161titnika za koljena<br \/>\n Visoko\u010dvrsta Cordura poliamidna tkanina<br \/>\n Tkanina od mje\u0161avine kordure i pamuka<br \/>\n elasti\u010dna tkanina<br \/>\n te\u017eina tkanine 13 oz\/m\u00b2<br \/>\n Pri\u010dvr\u0161\u0107ivanje kukom<br \/>\n Remenje za hla\u010de<br \/>\n Za\u0161titna oprema za motocikle u skladu s Direktivom EU\/89\/686\/EZ<br \/>\n Osobna za\u0161titna oprema: za\u0161titna odje\u0107a za motocikle u skladu s Pr En 17092-4:2017, klasa A<br \/>\n \u0160titnici za koljena (EN 1621-1 Lev. 1)<br \/>\n \u0160titnici za kukove Warrior Lite dostupni su na zahtjev<\/p>\n<\/div>\n<div id=\"z6maec\" class=\"tw-ta-container tw-nfl\"><\/div>\n<\/div>\n<\/div>\n<\/div>\n<\/div>\n<p>Sastav sirovina: Cordura, pamuk, <span lang=\"sl\" xml_lang=\"sl\">elasti\u010dna tkanina<\/span><\/p>\n","protected":false},"excerpt":{"rendered":"<p>J-tracker su motociklisti\u010dke traperice izra\u0111ene od mje\u0161avine pamuka i Cordure \u00ae.<\/p>\n","protected":false},"featured_media":29020,"comment_status":"open","ping_status":"open","template":"","meta":{"_acf_changed":false},"brand":[2732],"gender":[1314],"product_brand":[],"product_cat":[2832,1356,2833],"product_tag":[],"class_list":{"0":"post-135877","1":"product","2":"type-product","3":"status-publish","4":"has-post-thumbnail","6":"brand-spidi-hr","7":"gender-zenska","8":"product_cat-hlace-hr","9":"product_cat-motociklisticka-oprema","10":"product_cat-traperice","11":"pa_size-26-hr","12":"pa_size-27-hr","13":"pa_size-28-hr","14":"pa_size-29-hr","15":"pa_size-30-hr","16":"pa_size-31-hr","17":"pa_size-32-hr","18":"pa_size-33-hr","19":"pa_size-34-hr","21":"first","22":"instock","23":"taxable","24":"shipping-taxable","25":"purchasable","26":"product-type-variable"},"acf":[],"_links":{"self":[{"href":"https:\/\/moto-oprema.com\/hr\/wp-json\/wp\/v2\/product\/135877","targetHints":{"allow":["GET"]}}],"collection":[{"href":"https:\/\/moto-oprema.com\/hr\/wp-json\/wp\/v2\/product"}],"about":[{"href":"https:\/\/moto-oprema.com\/hr\/wp-json\/wp\/v2\/types\/product"}],"replies":[{"embeddable":true,"href":"https:\/\/moto-oprema.com\/hr\/wp-json\/wp\/v2\/comments?post=135877"}],"wp:featuredmedia":[{"embeddable":true,"href":"https:\/\/moto-oprema.com\/hr\/wp-json\/wp\/v2\/media\/29020"}],"wp:attachment":[{"href":"https:\/\/moto-oprema.com\/hr\/wp-json\/wp\/v2\/media?parent=135877"}],"wp:term":[{"taxonomy":"brand","embeddable":true,"href":"https:\/\/moto-oprema.com\/hr\/wp-json\/wp\/v2\/brand?post=135877"},{"taxonomy":"gender","embeddable":true,"href":"https:\/\/moto-oprema.com\/hr\/wp-json\/wp\/v2\/gender?post=135877"},{"taxonomy":"product_brand","embeddable":true,"href":"https:\/\/moto-oprema.com\/hr\/wp-json\/wp\/v2\/product_brand?post=135877"},{"taxonomy":"product_cat","embeddable":true,"href":"https:\/\/moto-oprema.com\/hr\/wp-json\/wp\/v2\/product_cat?post=135877"},{"taxonomy":"product_tag","embeddable":true,"href":"https:\/\/moto-oprema.com\/hr\/wp-json\/wp\/v2\/product_tag?post=135877"}],"curies":[{"name":"wp","href":"https:\/\/api.w.org\/{rel}","templated":true}]}}