{"id":135732,"date":"2024-05-13T08:06:42","date_gmt":"2024-05-13T08:06:42","guid":{"rendered":"https:\/\/moto-oprema.com\/Artikel\/cipele-alpinestars-sp-2-crne-bijele-crvene\/"},"modified":"2024-05-13T08:06:42","modified_gmt":"2024-05-13T08:06:42","slug":"cipele-alpinestars-sp-2-crne-bijele-crvene","status":"publish","type":"product","link":"https:\/\/moto-oprema.com\/hr\/Artikel\/cipele-alpinestars-sp-2-crne-bijele-crvene\/","title":{"rendered":"CIPELE ALPINESTARS SP-2 CRNE BIJELE CRVENE"},"content":{"rendered":"<p>Alpinestars SP-2 motociklisti\u010dke \u010dizme<\/p>\n<p>Izvedene iz Alpinestars trka\u0107ih cipela i optimizirane za vo\u017enju po cesti i svakodnevnu udobnost, ove sportske, konturirane motociklisti\u010dke \u010dizma izra\u0111ene su od ultra laganih mikrovlakana za vrhunsku za\u0161titu. S OrthoLite\u00ae ulo\u0161kom za visoku razinu prozra\u010dnosti i udobnosti, SP 2 ima ekskluzivni gumeni potplat za izvrsno prianjanje u svim vremenskim uvjetima i preciznu kontrolu. Ove \u010dizma tako\u0111er ima integrirani BOA Speed Lock sustav, brz i jednostavan sustav za precizno zatvaranje \u010dizme, eliminiraju\u0107i potrebu za vezicama za optimalno pristajanje.  <\/p>\n<p>Zna\u010dajke:<\/p>\n<p>Alpinestarsova napredna mekano-\u010dvrsta konstrukcija od mikrovlakana za optimalnu kombinaciju udobnosti i izdr\u017eljivosti.<br \/>\nBrzo djeluju\u0107i BOA sustav gornjeg zatvaranja za sigurno i optimizirano prianjanje.<br \/>\nOrthoLite\u00ae ulo\u017eak za visoku prozra\u010dnost.<br \/>\nSportski potplat s vrlo fleksibilnom unutarnjom strukturom (potporni potplat) za ve\u0107u udobnost hodanja.<br \/>\nGlavni gornji dio izra\u0111en je od mikrovlakana s jezikom i stra\u017enjom harmonikom od laganog, jastu\u010dastog materijala koji pru\u017ea izvrsnu udobnost.<br \/>\nNova BOA Speed Lace System tehnologija za brzo, precizno i sigurno zatvaranje.<br \/>\nIspod gornje i bo\u010dne vanjske za\u0161tite od TPU materijala nalaze se diskovi za gle\u017eanj s dvostrukom gusto\u0107om pjene koji pru\u017eaju potpunu strate\u0161ku za\u0161titu i fleksibilnost u klju\u010dnom podru\u010dju.<br \/>\nVanjsko TPU oja\u010danje za prste \u0161titi od ogrebotina i pru\u017ea ve\u0107u stabilnost.<br \/>\nZavareni reflektiraju\u0107i umetak na stra\u017enjoj strani.<br \/>\nTPU peta \u0161titi od udaraca i ogrebotina.<br \/>\nVanjski kliza\u010d za prste od TPU-a dvostruke gusto\u0107e<br \/>\n Unutarnje oja\u010danje za prste ispod mikrovlakana za ve\u0107u izdr\u017eljivost.<br \/>\nStrate\u0161ki postavljene perforacije na gornjem dijelu s otvorenom stani\u010dnom konstrukcijom izra\u0111enom od mekog materijala za visoku cirkulaciju zraka i prozra\u010dnost.<br \/>\nUklonjivi anatomski ulo\u017eak izra\u0111en od PU pjene otvorenih \u0107elija za pove\u0107anu udobnost.<br \/>\nEkskluzivni Alpinestars sportski potplat izra\u0111en od vulkanizirane gumene smjese s vrlo fleksibilnom unutarnjom strukturom za bolju svakodnevnu udobnost.<br \/>\nEN13634:2017.<\/p>\n<p>&nbsp;<\/p>\n","protected":false},"excerpt":{"rendered":"","protected":false},"featured_media":28858,"comment_status":"open","ping_status":"closed","template":"","meta":{"_acf_changed":false},"brand":[2748],"gender":[],"product_brand":[],"product_cat":[1356,2769,2792],"product_tag":[],"class_list":{"0":"post-135732","1":"product","2":"type-product","3":"status-publish","4":"has-post-thumbnail","6":"brand-alpinestars-hr","7":"product_cat-motociklisticka-oprema","8":"product_cat-obuca","9":"product_cat-sportske-cipele","10":"pa_size-37-hr","11":"pa_size-38-hr","12":"pa_size-39-hr","13":"pa_size-40-hr","14":"pa_size-41-hr","15":"pa_size-42-hr","16":"pa_size-43-hr","17":"pa_size-44-hr","18":"pa_size-45-hr","19":"pa_size-46-hr","20":"pa_size-47-hr","21":"pa_size-48-hr","23":"first","24":"instock","25":"sale","26":"taxable","27":"shipping-taxable","28":"purchasable","29":"product-type-variable"},"acf":[],"_links":{"self":[{"href":"https:\/\/moto-oprema.com\/hr\/wp-json\/wp\/v2\/product\/135732","targetHints":{"allow":["GET"]}}],"collection":[{"href":"https:\/\/moto-oprema.com\/hr\/wp-json\/wp\/v2\/product"}],"about":[{"href":"https:\/\/moto-oprema.com\/hr\/wp-json\/wp\/v2\/types\/product"}],"replies":[{"embeddable":true,"href":"https:\/\/moto-oprema.com\/hr\/wp-json\/wp\/v2\/comments?post=135732"}],"wp:featuredmedia":[{"embeddable":true,"href":"https:\/\/moto-oprema.com\/hr\/wp-json\/wp\/v2\/media\/28858"}],"wp:attachment":[{"href":"https:\/\/moto-oprema.com\/hr\/wp-json\/wp\/v2\/media?parent=135732"}],"wp:term":[{"taxonomy":"brand","embeddable":true,"href":"https:\/\/moto-oprema.com\/hr\/wp-json\/wp\/v2\/brand?post=135732"},{"taxonomy":"gender","embeddable":true,"href":"https:\/\/moto-oprema.com\/hr\/wp-json\/wp\/v2\/gender?post=135732"},{"taxonomy":"product_brand","embeddable":true,"href":"https:\/\/moto-oprema.com\/hr\/wp-json\/wp\/v2\/product_brand?post=135732"},{"taxonomy":"product_cat","embeddable":true,"href":"https:\/\/moto-oprema.com\/hr\/wp-json\/wp\/v2\/product_cat?post=135732"},{"taxonomy":"product_tag","embeddable":true,"href":"https:\/\/moto-oprema.com\/hr\/wp-json\/wp\/v2\/product_tag?post=135732"}],"curies":[{"name":"wp","href":"https:\/\/api.w.org\/{rel}","templated":true}]}}