{"id":135709,"date":"2024-05-13T08:50:10","date_gmt":"2024-05-13T08:50:10","guid":{"rendered":"https:\/\/moto-oprema.com\/Artikel\/alpinestars-nucleon-flex-pro-jakna-crveno-crna\/"},"modified":"2025-10-09T09:19:35","modified_gmt":"2025-10-09T09:19:35","slug":"alpinestars-nucleon-flex-pro-jakna-crveno-crna","status":"publish","type":"product","link":"https:\/\/moto-oprema.com\/hr\/Artikel\/alpinestars-nucleon-flex-pro-jakna-crveno-crna\/","title":{"rendered":"ALPINESTARS NUCLEON FLEX PRO JAKNA CRVENO-CRNA"},"content":{"rendered":"<p>Iznimno lagana za\u0161titna jakna Nucleon Flex Pro CE i UKCA Level 2 ima visoko prozra\u010denu hibridnu kombinaciju \u0161titnika Nucleon Cell i Nucleon Flex za optimalnu ravnote\u017eu izme\u0111u raspodjele sile i fleksibilnosti, te podijeljeni \u0161titnik za prsa Nucleon Flex Pro s mekom perforiranom mre\u017eastom podstavom za pobolj\u0161anu udobnost voza\u010da. \u0160titnik za le\u0111a pru\u017ea za\u0161titu cijele duljine i ima ergonomski dizajniranu dvostruku vanjsku \u0161koljku izra\u0111enu od napredne mje\u0161avine polimera s krustom stani\u010dnom jezgrom okru\u017eenom fleksibilnijom 3D stani\u010dnom strukturom kao prvom linijom obrane; to je dodatno oja\u010dano slojem Nucleon Flex tehnologije na sredi\u0161njem dijelu le\u0111a. \u0160to se ti\u010de konstrukcije, ova hibridna tehnologija kombinira najbolje zna\u010dajke Cell i Flex tehnologija kako bi stvorila ultra-za\u0161titno rje\u0161enje koje pru\u017ea neusporedivu prozra\u010dnost i maksimalnu fleksibilnost.   1. Uklonjivi, razdvojeni \u0161titnici za prsa Nucleon Flex Pro Ci izra\u0111eni su od napredne mje\u0161avine polimera za optimalnu fleksibilnost i izvrsna svojstva u\u0161tede te\u017eine, dok struktura \u0161titnika za prsa pru\u017ea savr\u0161enu ravnote\u017eu izme\u0111u raspodjele sile i apsorpcije energije. \u0160titnici za prsa i le\u0111a sigurno su pri\u010dvr\u0161\u0107eni prozra\u010dnim mekim mre\u017eastim okvirom koji tako\u0111er osigurava maksimalan protok zraka za optimalnu udobnost voza\u010da. <\/p>\n<ul>\n<li>Visokou\u010dinkoviti polimerni materijali Cell i Nucleon Flex za optimalnu fleksibilnost i izvrsna svojstva u\u0161tede te\u017eine.<\/li>\n<li>Za\u0161titnik za le\u0111a: EN 1621-2:2014 razina 2 (T+ i T-)<\/li>\n<li>Podijeljeni \u0161titnik za prsa: EN 1621-3:2018 razina 2 (T+ i T-)<\/li>\n<\/ul>\n<p>&nbsp;<\/p>\n","protected":false},"excerpt":{"rendered":"<p>Iznimno lagana za\u0161titna jakna Nucleon Flex Pro CE i UKCA Level 2 ima visoko prozra\u010denu hibridnu&#8230;<\/p>\n","protected":false},"featured_media":135722,"comment_status":"open","ping_status":"closed","template":"","meta":{"_acf_changed":false},"brand":[2748],"gender":[1313],"product_brand":[],"product_cat":[1356,2856,2855],"product_tag":[],"class_list":{"0":"post-135709","1":"product","2":"type-product","3":"status-publish","4":"has-post-thumbnail","6":"brand-alpinestars-hr","7":"gender-moski","8":"product_cat-motociklisticka-oprema","9":"product_cat-zastitnici","10":"product_cat-zastitnici-i-zracni-jastuci","11":"pa_size-l-hr","12":"pa_size-m-hr","13":"pa_size-s-hr","14":"pa_size-xl-hr","15":"pa_size-xs-hr","17":"first","18":"instock","19":"sale","20":"taxable","21":"shipping-taxable","22":"purchasable","23":"product-type-variable"},"acf":[],"_links":{"self":[{"href":"https:\/\/moto-oprema.com\/hr\/wp-json\/wp\/v2\/product\/135709","targetHints":{"allow":["GET"]}}],"collection":[{"href":"https:\/\/moto-oprema.com\/hr\/wp-json\/wp\/v2\/product"}],"about":[{"href":"https:\/\/moto-oprema.com\/hr\/wp-json\/wp\/v2\/types\/product"}],"replies":[{"embeddable":true,"href":"https:\/\/moto-oprema.com\/hr\/wp-json\/wp\/v2\/comments?post=135709"}],"wp:featuredmedia":[{"embeddable":true,"href":"https:\/\/moto-oprema.com\/hr\/wp-json\/wp\/v2\/media\/135722"}],"wp:attachment":[{"href":"https:\/\/moto-oprema.com\/hr\/wp-json\/wp\/v2\/media?parent=135709"}],"wp:term":[{"taxonomy":"brand","embeddable":true,"href":"https:\/\/moto-oprema.com\/hr\/wp-json\/wp\/v2\/brand?post=135709"},{"taxonomy":"gender","embeddable":true,"href":"https:\/\/moto-oprema.com\/hr\/wp-json\/wp\/v2\/gender?post=135709"},{"taxonomy":"product_brand","embeddable":true,"href":"https:\/\/moto-oprema.com\/hr\/wp-json\/wp\/v2\/product_brand?post=135709"},{"taxonomy":"product_cat","embeddable":true,"href":"https:\/\/moto-oprema.com\/hr\/wp-json\/wp\/v2\/product_cat?post=135709"},{"taxonomy":"product_tag","embeddable":true,"href":"https:\/\/moto-oprema.com\/hr\/wp-json\/wp\/v2\/product_tag?post=135709"}],"curies":[{"name":"wp","href":"https:\/\/api.w.org\/{rel}","templated":true}]}}