{"id":135674,"date":"2024-05-13T07:47:53","date_gmt":"2024-05-13T07:47:53","guid":{"rendered":"https:\/\/moto-oprema.com\/Artikel\/alpinestars-faster-3-rideknit-cipele-tamno-sivo-crvene\/"},"modified":"2024-05-13T07:47:53","modified_gmt":"2024-05-13T07:47:53","slug":"alpinestars-faster-3-rideknit-cipele-tamno-sivo-crvene","status":"publish","type":"product","link":"https:\/\/moto-oprema.com\/hr\/Artikel\/alpinestars-faster-3-rideknit-cipele-tamno-sivo-crvene\/","title":{"rendered":"ALPINESTARS FASTER 3 RIDEKNIT CIPELE TAMNO SIVO CRVENE"},"content":{"rendered":"<p><span style=\"font-family: arial, helvetica, sans-serif;font-size: small\">Uzak profil, lagana i izdr\u017eljiva vanjska strana od mikrovlakana, TPR \u0161titnici za gle\u017enjeve, integrirana metalna plo\u010da u potplatu za bolju za\u0161titu u slu\u010daju pada, &#8230;<br \/>\n<\/span><span style=\"font-family: arial, helvetica, sans-serif;font-size: small\"><b><br \/>\nSastav sirovine:  <\/b><\/span><span id=\"result_box\" lang=\"sl\" xml_lang=\"sl\"><\/span><span style=\"font-family: arial, helvetica, sans-serif;font-size: small\"><br \/>\nGornji\u0161te: Bru\u0161ena ko\u017ea i sinteti\u010dki materijal. Podstava: Teflonska mre\u017eica i cambrelle. Potplat: Guma  <\/span><\/p>\n","protected":false},"excerpt":{"rendered":"<p>Uzak profil, lagana i izdr\u017eljiva vanjska strana od mikrovlakana, TPR \u0161titnici za gle\u017enjeve, integrirana metalna plo\u010da&#8230;<\/p>\n","protected":false},"featured_media":28829,"comment_status":"open","ping_status":"closed","template":"","meta":{"_acf_changed":false},"brand":[2748],"gender":[1313],"product_brand":[],"product_cat":[2770,1356,2769],"product_tag":[],"class_list":{"0":"post-135674","1":"product","2":"type-product","3":"status-publish","4":"has-post-thumbnail","6":"brand-alpinestars-hr","7":"gender-moski","8":"product_cat-gradska-obuca","9":"product_cat-motociklisticka-oprema","10":"product_cat-obuca","11":"pa_velikost-skornji-us-2784","12":"pa_velikost-skornji-us-1043-hr","13":"pa_velikost-skornji-us-2782","14":"pa_velikost-skornji-us-1144-hr","15":"pa_velikost-skornji-us-2773","16":"pa_velikost-skornji-us-2774","17":"pa_velikost-skornji-us-2775","18":"pa_velikost-skornji-us-1347-hr","19":"pa_velikost-skornji-us-2786","20":"pa_velikost-skornji-us-739-hr","21":"pa_velikost-skornji-us-2783","22":"pa_velikost-skornji-us-2780","23":"pa_velikost-skornji-us-2785","24":"pa_velikost-skornji-us-942-hr","26":"first","27":"instock","28":"sale","29":"taxable","30":"shipping-taxable","31":"purchasable","32":"product-type-variable"},"acf":[],"_links":{"self":[{"href":"https:\/\/moto-oprema.com\/hr\/wp-json\/wp\/v2\/product\/135674","targetHints":{"allow":["GET"]}}],"collection":[{"href":"https:\/\/moto-oprema.com\/hr\/wp-json\/wp\/v2\/product"}],"about":[{"href":"https:\/\/moto-oprema.com\/hr\/wp-json\/wp\/v2\/types\/product"}],"replies":[{"embeddable":true,"href":"https:\/\/moto-oprema.com\/hr\/wp-json\/wp\/v2\/comments?post=135674"}],"wp:featuredmedia":[{"embeddable":true,"href":"https:\/\/moto-oprema.com\/hr\/wp-json\/wp\/v2\/media\/28829"}],"wp:attachment":[{"href":"https:\/\/moto-oprema.com\/hr\/wp-json\/wp\/v2\/media?parent=135674"}],"wp:term":[{"taxonomy":"brand","embeddable":true,"href":"https:\/\/moto-oprema.com\/hr\/wp-json\/wp\/v2\/brand?post=135674"},{"taxonomy":"gender","embeddable":true,"href":"https:\/\/moto-oprema.com\/hr\/wp-json\/wp\/v2\/gender?post=135674"},{"taxonomy":"product_brand","embeddable":true,"href":"https:\/\/moto-oprema.com\/hr\/wp-json\/wp\/v2\/product_brand?post=135674"},{"taxonomy":"product_cat","embeddable":true,"href":"https:\/\/moto-oprema.com\/hr\/wp-json\/wp\/v2\/product_cat?post=135674"},{"taxonomy":"product_tag","embeddable":true,"href":"https:\/\/moto-oprema.com\/hr\/wp-json\/wp\/v2\/product_tag?post=135674"}],"curies":[{"name":"wp","href":"https:\/\/api.w.org\/{rel}","templated":true}]}}