{"id":135586,"date":"2024-05-09T08:14:55","date_gmt":"2024-05-09T08:14:55","guid":{"rendered":"https:\/\/moto-oprema.com\/Artikel\/alpinestars-speedflight-cipele-crno-crvene\/"},"modified":"2024-05-09T08:14:55","modified_gmt":"2024-05-09T08:14:55","slug":"alpinestars-speedflight-cipele-crno-crvene","status":"publish","type":"product","link":"https:\/\/moto-oprema.com\/hr\/Artikel\/alpinestars-speedflight-cipele-crno-crvene\/","title":{"rendered":"ALPINESTARS SPEEDFLIGHT CIPELE CRNO-CRVENE"},"content":{"rendered":"<p>Inspirirane popularnim trendovima, Speedflight Performance cipele za jahanje kombiniraju sportsku tenisicu i projektiranu za\u0161titu za jahanje kako bi stvorile vrhunske cipele za jahanje. Udobne Speedflight izvrstan su izbor za kratke vo\u017enje i putovanje na posao, a istovremeno su izuzetno jednostavne za svakodnevno no\u0161enje.<br \/>\nCipele Speedflight izra\u0111ene su od visokou\u010dinkovitog ripstop gornjeg dijela s be\u0161avnim oja\u010danjima i oblikovanom, polukrutom, ubrizganom pjenom za petu, s naprednom, laganom glavnom \u0161asijom. Cipela je oja\u010dana Alpinestars TPF-om.<br \/>\n Me\u0111upotplat s transverzalnim za\u0161titnim okvirom, smje\u0161ten izme\u0111u gumenog potplata dvostruke gusto\u0107e s prednjim za\u0161titnim stijenkama, sloja za udobnost i izdr\u017eljivog, ali udobnog me\u0111upotplata od EVA pjene s bo\u010dnim stabilizatorima. Potplat tako\u0111er uklju\u010duje asimetri\u010dni TPU ulo\u017eak za petu za dodatnu za\u0161titu i stabilnost te uklonjivi OrthoLite\u00ae ulo\u017eak za izvrsnu prozra\u010dnost i cjelodnevnu udobnost hodanja. Sam potplat tako\u0111er ima &#8220;agresivniji&#8221; pad od 10 mm, \u0161to zna\u010di razliku u visini izme\u0111u pete i prstiju voza\u010da, \u0161to omogu\u0107uje veliku udobnost pri sila\u017eenju s bicikla. Zajedno, pad od prednjeg do stra\u017enjeg dijela, komprimirani me\u0111upotplat od EVA pjene i visoke Speedflight bo\u010dne stijenke pru\u017eaju &#8220;zaklju\u010davanje&#8221; i pobolj\u0161avaju stabilnost stopala za udobnost hodanja, za\u0161titu i samopouzdanje tijekom vo\u017enje.    <\/p>\n<p>&nbsp;<\/p>\n","protected":false},"excerpt":{"rendered":"<p>Inspirirane popularnim trendovima, Speedflight Performance cipele za jahanje kombiniraju sportsku tenisicu i projektiranu za\u0161titu za jahanje&#8230;<\/p>\n","protected":false},"featured_media":28721,"comment_status":"open","ping_status":"closed","template":"","meta":{"_acf_changed":false},"brand":[2748],"gender":[1313],"product_brand":[],"product_cat":[1356],"product_tag":[],"class_list":{"0":"post-135586","1":"product","2":"type-product","3":"status-publish","4":"has-post-thumbnail","6":"brand-alpinestars-hr","7":"gender-moski","8":"product_cat-motociklisticka-oprema","9":"pa_velikost-skornji-us-2784","10":"pa_velikost-skornji-us-1043-hr","11":"pa_velikost-skornji-us-2782","12":"pa_velikost-skornji-us-1144-hr","13":"pa_velikost-skornji-us-2773","14":"pa_velikost-skornji-us-2774","15":"pa_velikost-skornji-us-2775","16":"pa_velikost-skornji-us-1347-hr","17":"pa_velikost-skornji-us-2777","18":"pa_velikost-skornji-us-638-hr","19":"pa_velikost-skornji-us-2786","20":"pa_velikost-skornji-us-739-hr","21":"pa_velikost-skornji-us-2783","22":"pa_velikost-skornji-us-2780","23":"pa_velikost-skornji-us-2785","24":"pa_velikost-skornji-us-942-hr","26":"first","27":"instock","28":"sale","29":"taxable","30":"shipping-taxable","31":"purchasable","32":"product-type-variable"},"acf":[],"_links":{"self":[{"href":"https:\/\/moto-oprema.com\/hr\/wp-json\/wp\/v2\/product\/135586","targetHints":{"allow":["GET"]}}],"collection":[{"href":"https:\/\/moto-oprema.com\/hr\/wp-json\/wp\/v2\/product"}],"about":[{"href":"https:\/\/moto-oprema.com\/hr\/wp-json\/wp\/v2\/types\/product"}],"replies":[{"embeddable":true,"href":"https:\/\/moto-oprema.com\/hr\/wp-json\/wp\/v2\/comments?post=135586"}],"wp:featuredmedia":[{"embeddable":true,"href":"https:\/\/moto-oprema.com\/hr\/wp-json\/wp\/v2\/media\/28721"}],"wp:attachment":[{"href":"https:\/\/moto-oprema.com\/hr\/wp-json\/wp\/v2\/media?parent=135586"}],"wp:term":[{"taxonomy":"brand","embeddable":true,"href":"https:\/\/moto-oprema.com\/hr\/wp-json\/wp\/v2\/brand?post=135586"},{"taxonomy":"gender","embeddable":true,"href":"https:\/\/moto-oprema.com\/hr\/wp-json\/wp\/v2\/gender?post=135586"},{"taxonomy":"product_brand","embeddable":true,"href":"https:\/\/moto-oprema.com\/hr\/wp-json\/wp\/v2\/product_brand?post=135586"},{"taxonomy":"product_cat","embeddable":true,"href":"https:\/\/moto-oprema.com\/hr\/wp-json\/wp\/v2\/product_cat?post=135586"},{"taxonomy":"product_tag","embeddable":true,"href":"https:\/\/moto-oprema.com\/hr\/wp-json\/wp\/v2\/product_tag?post=135586"}],"curies":[{"name":"wp","href":"https:\/\/api.w.org\/{rel}","templated":true}]}}