{"id":135526,"date":"2024-05-08T09:29:52","date_gmt":"2024-05-08T09:29:52","guid":{"rendered":"https:\/\/moto-oprema.com\/Artikel\/alpinestars-andes-air-drystar-hlace-sive\/"},"modified":"2024-05-08T09:29:52","modified_gmt":"2024-05-08T09:29:52","slug":"alpinestars-andes-air-drystar-hlace-sive","status":"publish","type":"product","link":"https:\/\/moto-oprema.com\/hr\/Artikel\/alpinestars-andes-air-drystar-hlace-sive\/","title":{"rendered":"ALPINESTARS ANDES AIR DRYSTAR HLA\u010cE SIVE"},"content":{"rendered":"<p>Hla\u010de Andes Air Drystar\u00ae dizajnirane su kako bi pru\u017eile optimalnu za\u0161titu, udobnost, ventilaciju i protok zraka u vru\u0107im uvjetima, a istovremeno se mogu brzo i jednostavno prilagoditi za hladnije temperature i vla\u017eno vrijeme, \u0161to ih \u010dini idealnim putnim hla\u010dama za oba godi\u0161nja doba.<br \/>\n Kroj specifi\u010dan za cestu s prethodno zakrivljenim nogavicama za vrhunsku udobnost i smanjeni umor<\/p>\n<p>1. Izra\u0111eno s opse\u017enom 2D mre\u017eicom za optimizaciju protoka zraka i ventilacije u vru\u0107im uvjetima.<br \/>\n2. 100% vodootporna i prozra\u010dna, uklonjiva Drystar\u00ae membrana mo\u017ee se nositi preko ili ispod hla\u010da,<br \/>\n \u0161to omogu\u0107uje lako i brzo prilago\u0111avanje vremenskim uvjetima.<br \/>\n3. Elasti\u010dni umetci u me\u0111uno\u017eju i koljenima za bolje pristajanje i vrhunsku udobnost.<br \/>\n4. D\u017eepovi za teret za ve\u0107u korisnost i prakti\u010dnost.<br \/>\n5. Nucleon Flex Plus za\u0161tita razine 1 na koljenima za u\u010dinkovitu za\u0161titu od udara.<br \/>\n&#8211; D\u017eepovi za ugradnju za\u0161tite za bokove, dostupni kao dodatna oprema.<br \/>\nU skladu s europskim zakonodavstvom, oznaka CE uvjet je sukladnosti za stavljanje ovog proizvoda na tr\u017ei\u0161te.<br \/>\nPrimjenjuju se sljede\u0107i standardi: Potpuno certificirana CE certificirana odje\u0107a za jahanje Potpuno certificirana CE certificirana<br \/>\n &#8211; Kategorija II EN17092-4: 2020<br \/>\n &#8211; Klasa A.<\/p>\n<p>Sastav sirovine: 93% poliester, 7% poliamid<\/p>\n","protected":false},"excerpt":{"rendered":"<p>Hla\u010de Andes Air Drystar\u00ae dizajnirane su kako bi pru\u017eile optimalnu za\u0161titu, udobnost, ventilaciju i protok zraka&#8230;<\/p>\n","protected":false},"featured_media":28626,"comment_status":"open","ping_status":"open","template":"","meta":{"_acf_changed":false},"brand":[2748],"gender":[1313],"product_brand":[],"product_cat":[2832,1356,2857],"product_tag":[],"class_list":{"0":"post-135526","1":"product","2":"type-product","3":"status-publish","4":"has-post-thumbnail","6":"brand-alpinestars-hr","7":"gender-moski","8":"product_cat-hlace-hr","9":"product_cat-motociklisticka-oprema","10":"product_cat-tekstilne-hlace-hr","11":"pa_velikost-st-l-hr","12":"pa_velikost-st-m-hr","13":"pa_velikost-st-s-hr","14":"pa_velikost-st-xl-hr","15":"pa_velikost-st-xxl-hr","16":"pa_velikost-st-xxxl-hr","18":"first","19":"onbackorder","20":"sale","21":"taxable","22":"shipping-taxable","23":"purchasable","24":"product-type-variable"},"acf":[],"_links":{"self":[{"href":"https:\/\/moto-oprema.com\/hr\/wp-json\/wp\/v2\/product\/135526","targetHints":{"allow":["GET"]}}],"collection":[{"href":"https:\/\/moto-oprema.com\/hr\/wp-json\/wp\/v2\/product"}],"about":[{"href":"https:\/\/moto-oprema.com\/hr\/wp-json\/wp\/v2\/types\/product"}],"replies":[{"embeddable":true,"href":"https:\/\/moto-oprema.com\/hr\/wp-json\/wp\/v2\/comments?post=135526"}],"wp:featuredmedia":[{"embeddable":true,"href":"https:\/\/moto-oprema.com\/hr\/wp-json\/wp\/v2\/media\/28626"}],"wp:attachment":[{"href":"https:\/\/moto-oprema.com\/hr\/wp-json\/wp\/v2\/media?parent=135526"}],"wp:term":[{"taxonomy":"brand","embeddable":true,"href":"https:\/\/moto-oprema.com\/hr\/wp-json\/wp\/v2\/brand?post=135526"},{"taxonomy":"gender","embeddable":true,"href":"https:\/\/moto-oprema.com\/hr\/wp-json\/wp\/v2\/gender?post=135526"},{"taxonomy":"product_brand","embeddable":true,"href":"https:\/\/moto-oprema.com\/hr\/wp-json\/wp\/v2\/product_brand?post=135526"},{"taxonomy":"product_cat","embeddable":true,"href":"https:\/\/moto-oprema.com\/hr\/wp-json\/wp\/v2\/product_cat?post=135526"},{"taxonomy":"product_tag","embeddable":true,"href":"https:\/\/moto-oprema.com\/hr\/wp-json\/wp\/v2\/product_tag?post=135526"}],"curies":[{"name":"wp","href":"https:\/\/api.w.org\/{rel}","templated":true}]}}