{"id":135451,"date":"2024-05-08T08:36:21","date_gmt":"2024-05-08T08:36:21","guid":{"rendered":"https:\/\/moto-oprema.com\/Artikel\/zenska-jakna-spidi-traveler-3-evo-crna-crvena\/"},"modified":"2024-05-08T08:36:21","modified_gmt":"2024-05-08T08:36:21","slug":"zenska-jakna-spidi-traveler-3-evo-crna-crvena","status":"publish","type":"product","link":"https:\/\/moto-oprema.com\/hr\/Artikel\/zenska-jakna-spidi-traveler-3-evo-crna-crvena\/","title":{"rendered":"\u017dENSKA JAKNA SPIDI TRAVELER 3 EVO CRNA CRVENA"},"content":{"rendered":"<p>Jakna SPIDI Traveler 3 Evo Lady H2Out\u00ae najnovija je evolucija kolekcije Traveler, dizajnirana za udobnost i pouzdanost s izvrsnim omjerom cijene i kvalitete. Jakna ima uklonjivu termalnu podstavu te\u017eine 150 g\/m2 i H2Out\u00ae membranu koja pru\u017ea otpornost na vodu, vjetar i prozra\u010dnost. Visok protok zraka osiguravaju prednji i stra\u017enji dinami\u010dki otvori s ekskluzivnim SPIDI Direct Airflow sustavom, koji je u\u010dinkovit na\u010din za pobolj\u0161anje transpiracije tijela i udobnosti voza\u010da u najtoplijim danima.<br \/>\n Osnovna jakna je kombinacija visoko\u010dvrste tkanine i ripstopa na bazi poliestera, \u0161to pru\u017ea povoljan omjer \u010dvrsto\u0107e i te\u017eine.  <\/p>\n<p>Traveler 3 Evo H2Out\u00ae ima podesivi struk, ruke i podlaktice za savr\u0161eno pristajanje. Za sigurnost, YKK\u00ae patentni zatvara\u010d za pri\u010dvr\u0161\u0107ivanje jakne na hla\u010de, uklonjive CE-certificirane Warrior Light \u0161titnike razine 2 na ramenima i laktovima te d\u017eep za postavljanje \u0161titnika za le\u0111a razine 1 ili 2 (nije uklju\u010den). Kombinacija visoko otpornih tkanina i projektirane konstrukcije na podru\u010djima osjetljivim na sigurnost omogu\u0107ila je stvaranje napredne jakne koja je CE-certificirana prema zahtjevnom standardu prEN 17092-3:2020 klase AA.<br \/>\n Unutarnji vodootporni d\u017eepovi smje\u0161teni u \u0161koljci i podstavi uklju\u010deni su za dragocjenosti i ure\u0111aje, dok su 3M\u00ae reflektiraju\u0107e zone ugra\u0111ene za bolju vidljivost no\u0107u.  <\/p>\n<p>Sastav sirovine:<\/p>\n<p>&#8211; 100% poliester<\/p>\n","protected":false},"excerpt":{"rendered":"<p>Jakna SPIDI Traveler 3 Evo Lady H2Out\u00ae najnovija je evolucija kolekcije Traveler, dizajnirana za udobnost i&#8230;<\/p>\n","protected":false},"featured_media":28593,"comment_status":"open","ping_status":"open","template":"","meta":{"_acf_changed":false},"brand":[2732],"gender":[1314],"product_brand":[],"product_cat":[2759,1356,2761],"product_tag":[],"class_list":{"0":"post-135451","1":"product","2":"type-product","3":"status-publish","4":"has-post-thumbnail","6":"brand-spidi-hr","7":"gender-zenska","8":"product_cat-jakne-hr","9":"product_cat-motociklisticka-oprema","10":"product_cat-tekstilne-jakne-hr","11":"pa_size-3xl-hr","12":"pa_size-l-hr","13":"pa_size-m-hr","14":"pa_size-xl-hr","15":"pa_size-xs-hr","16":"pa_size-xxl-hr","18":"first","19":"instock","20":"sale","21":"taxable","22":"shipping-taxable","23":"purchasable","24":"product-type-variable"},"acf":[],"_links":{"self":[{"href":"https:\/\/moto-oprema.com\/hr\/wp-json\/wp\/v2\/product\/135451","targetHints":{"allow":["GET"]}}],"collection":[{"href":"https:\/\/moto-oprema.com\/hr\/wp-json\/wp\/v2\/product"}],"about":[{"href":"https:\/\/moto-oprema.com\/hr\/wp-json\/wp\/v2\/types\/product"}],"replies":[{"embeddable":true,"href":"https:\/\/moto-oprema.com\/hr\/wp-json\/wp\/v2\/comments?post=135451"}],"wp:featuredmedia":[{"embeddable":true,"href":"https:\/\/moto-oprema.com\/hr\/wp-json\/wp\/v2\/media\/28593"}],"wp:attachment":[{"href":"https:\/\/moto-oprema.com\/hr\/wp-json\/wp\/v2\/media?parent=135451"}],"wp:term":[{"taxonomy":"brand","embeddable":true,"href":"https:\/\/moto-oprema.com\/hr\/wp-json\/wp\/v2\/brand?post=135451"},{"taxonomy":"gender","embeddable":true,"href":"https:\/\/moto-oprema.com\/hr\/wp-json\/wp\/v2\/gender?post=135451"},{"taxonomy":"product_brand","embeddable":true,"href":"https:\/\/moto-oprema.com\/hr\/wp-json\/wp\/v2\/product_brand?post=135451"},{"taxonomy":"product_cat","embeddable":true,"href":"https:\/\/moto-oprema.com\/hr\/wp-json\/wp\/v2\/product_cat?post=135451"},{"taxonomy":"product_tag","embeddable":true,"href":"https:\/\/moto-oprema.com\/hr\/wp-json\/wp\/v2\/product_tag?post=135451"}],"curies":[{"name":"wp","href":"https:\/\/api.w.org\/{rel}","templated":true}]}}